{"id":9447,"date":"2024-12-22T16:43:41","date_gmt":"2024-12-22T16:43:41","guid":{"rendered":"https:\/\/deportenis.com.co\/webn\/?post_type=product&#038;p=9447"},"modified":"2024-12-22T16:45:41","modified_gmt":"2024-12-22T16:45:41","slug":"rodillera-de-compresion-k6","status":"publish","type":"product","link":"https:\/\/deportenis.com.co\/webn\/product\/rodillera-de-compresion-k6\/","title":{"rendered":"Rodillera de compresi\u00f3n K6"},"content":{"rendered":"<p><a href=\"https:\/\/deportenis.com.co\/webn\/wp-content\/uploads\/2022\/09\/k6.jpg\"><img loading=\"lazy\" decoding=\"async\" class=\"alignnone size-full wp-image-6233\" src=\"https:\/\/deportenis.com.co\/webn\/wp-content\/uploads\/2022\/09\/k6.jpg\" alt=\"\" width=\"250\" height=\"100\" \/><\/a><\/p>\n<p>Para los apasionados por el deporte llegan las rodilleras Crosstraining K6, un modelo avanzado que viene con tiras de silicona internas para mantener la rodilla en su posici\u00f3n mientras corres, saltas o levantas peso.<\/p>\n<p>Otra ventaja es que, te ofrecer\u00e1 el soporte que necesitas en la articulaci\u00f3n y promover\u00e1 la circulaci\u00f3n sangu\u00ednea durante tus actividades deportivas. Por otra parte, cuenta con un dise\u00f1o y materiales resistentes, que aseguran su durabilidad.<\/p>\n<p>Si lo que quieres es entrenar seguro, sin poner en riesgo tu salud, no dudes en adquirir estas estupendas rodilleras.<\/p>\n<p><strong>Caracter\u00edsticas:<\/strong><\/p>\n<ul>\n<li>Dise\u00f1o avanzado, construido con la mejor tecnolog\u00eda deportiva<\/li>\n<li>Brinda un excelente soporte a la articulaci\u00f3n<\/li>\n<li>Ayuda a promover la circulaci\u00f3n sangu\u00ednea<\/li>\n<li>Materiales de alta calidad y s\u00faper resistentes (Spandex: 8%, L\u00e1tex: 42%, Nylon: 50%)<\/li>\n<li>Aptas para m\u00faltiples actividades deportivas<\/li>\n<\/ul>\n","protected":false},"excerpt":{"rendered":"<p>Para los apasionados por el deporte llegan las rodilleras Crosstraining K6, un modelo avanzado que viene con tiras de silicona internas para mantener la rodilla en su posici\u00f3n mientras corres, saltas o levantas peso. Otra ventaja es que, te ofrecer\u00e1 el soporte que necesitas en la articulaci\u00f3n y promover\u00e1 la circulaci\u00f3n sangu\u00ednea durante tus actividades &hellip; <a href=\"https:\/\/deportenis.com.co\/webn\/product\/rodillera-de-compresion-k6\/\" class=\"more-link\">Continue reading <span class=\"screen-reader-text\">Rodillera de compresi\u00f3n K6<\/span><\/a><\/p>\n","protected":false},"featured_media":9448,"comment_status":"open","ping_status":"closed","template":"","meta":[],"product_brand":[],"product_cat":[198],"product_tag":[375],"class_list":{"0":"post-9447","1":"product","2":"type-product","3":"status-publish","4":"has-post-thumbnail","6":"product_cat-ortopedicos","7":"product_tag-rodillera","10":"instock","11":"taxable","12":"shipping-taxable","13":"purchasable","14":"product-type-variable"},"yoast_head":"<!-- This site is optimized with the Yoast SEO plugin v27.5 - https:\/\/yoast.com\/product\/yoast-seo-wordpress\/ -->\n<title>Rodillera de compresi\u00f3n K6 - Deportenis<\/title>\n<meta name=\"description\" content=\"Para los apasionados por el deporte llegan las rodilleras Crosstraining K6, un modelo avanzado que viene con tiras de silicona internas para mantener la rodilla en su posici\u00f3n mientras corres, saltas o levantas peso.\" \/>\n<meta name=\"robots\" content=\"index, follow, max-snippet:-1, max-image-preview:large, max-video-preview:-1\" \/>\n<link rel=\"canonical\" href=\"https:\/\/deportenis.com.co\/webn\/product\/rodillera-de-compresion-k6\/\" \/>\n<meta property=\"og:locale\" content=\"es_ES\" \/>\n<meta property=\"og:type\" content=\"article\" \/>\n<meta property=\"og:title\" content=\"Rodillera de compresi\u00f3n K6 - Deportenis\" \/>\n<meta property=\"og:description\" content=\"Para los apasionados por el deporte llegan las rodilleras Crosstraining K6, un modelo avanzado que viene con tiras de silicona internas para mantener la rodilla en su posici\u00f3n mientras corres, saltas o levantas peso.\" \/>\n<meta property=\"og:url\" content=\"https:\/\/deportenis.com.co\/webn\/product\/rodillera-de-compresion-k6\/\" \/>\n<meta property=\"og:site_name\" content=\"Deportenis\" \/>\n<meta property=\"article:publisher\" content=\"https:\/\/es-la.facebook.com\/Deportenis-100144375089820\/videos\/servicio-de-encordado-y-mantenimiento-de-tus-raquetaspregunta-por-los-colores-y-\/286780695898417\/\" \/>\n<meta property=\"article:modified_time\" content=\"2024-12-22T16:45:41+00:00\" \/>\n<meta property=\"og:image\" content=\"https:\/\/deportenis.com.co\/webn\/wp-content\/uploads\/2024\/12\/RIDILLERA-K-6.jpg\" \/>\n\t<meta property=\"og:image:width\" content=\"1000\" \/>\n\t<meta property=\"og:image:height\" content=\"1000\" \/>\n\t<meta property=\"og:image:type\" content=\"image\/jpeg\" \/>\n<meta name=\"twitter:card\" content=\"summary_large_image\" \/>\n<meta name=\"twitter:label1\" content=\"Tiempo de lectura\" \/>\n\t<meta name=\"twitter:data1\" content=\"1 minuto\" \/>\n<script type=\"application\/ld+json\" class=\"yoast-schema-graph\">{\"@context\":\"https:\\\/\\\/schema.org\",\"@graph\":[{\"@type\":\"WebPage\",\"@id\":\"https:\\\/\\\/deportenis.com.co\\\/webn\\\/product\\\/rodillera-de-compresion-k6\\\/\",\"url\":\"https:\\\/\\\/deportenis.com.co\\\/webn\\\/product\\\/rodillera-de-compresion-k6\\\/\",\"name\":\"Rodillera de compresi\u00f3n K6 - Deportenis\",\"isPartOf\":{\"@id\":\"https:\\\/\\\/deportenis.com.co\\\/webn\\\/#website\"},\"primaryImageOfPage\":{\"@id\":\"https:\\\/\\\/deportenis.com.co\\\/webn\\\/product\\\/rodillera-de-compresion-k6\\\/#primaryimage\"},\"image\":{\"@id\":\"https:\\\/\\\/deportenis.com.co\\\/webn\\\/product\\\/rodillera-de-compresion-k6\\\/#primaryimage\"},\"thumbnailUrl\":\"https:\\\/\\\/deportenis.com.co\\\/webn\\\/wp-content\\\/uploads\\\/2024\\\/12\\\/RIDILLERA-K-6.jpg\",\"datePublished\":\"2024-12-22T16:43:41+00:00\",\"dateModified\":\"2024-12-22T16:45:41+00:00\",\"description\":\"Para los apasionados por el deporte llegan las rodilleras Crosstraining K6, un modelo avanzado que viene con tiras de silicona internas para mantener la rodilla en su posici\u00f3n mientras corres, saltas o levantas peso.\",\"breadcrumb\":{\"@id\":\"https:\\\/\\\/deportenis.com.co\\\/webn\\\/product\\\/rodillera-de-compresion-k6\\\/#breadcrumb\"},\"inLanguage\":\"es\",\"potentialAction\":[{\"@type\":\"ReadAction\",\"target\":[\"https:\\\/\\\/deportenis.com.co\\\/webn\\\/product\\\/rodillera-de-compresion-k6\\\/\"]}]},{\"@type\":\"ImageObject\",\"inLanguage\":\"es\",\"@id\":\"https:\\\/\\\/deportenis.com.co\\\/webn\\\/product\\\/rodillera-de-compresion-k6\\\/#primaryimage\",\"url\":\"https:\\\/\\\/deportenis.com.co\\\/webn\\\/wp-content\\\/uploads\\\/2024\\\/12\\\/RIDILLERA-K-6.jpg\",\"contentUrl\":\"https:\\\/\\\/deportenis.com.co\\\/webn\\\/wp-content\\\/uploads\\\/2024\\\/12\\\/RIDILLERA-K-6.jpg\",\"width\":1000,\"height\":1000},{\"@type\":\"BreadcrumbList\",\"@id\":\"https:\\\/\\\/deportenis.com.co\\\/webn\\\/product\\\/rodillera-de-compresion-k6\\\/#breadcrumb\",\"itemListElement\":[{\"@type\":\"ListItem\",\"position\":1,\"name\":\"Portada\",\"item\":\"https:\\\/\\\/deportenis.com.co\\\/webn\\\/\"},{\"@type\":\"ListItem\",\"position\":2,\"name\":\"Tienda\",\"item\":\"https:\\\/\\\/deportenis.com.co\\\/webn\\\/tienda\\\/\"},{\"@type\":\"ListItem\",\"position\":3,\"name\":\"Rodillera de compresi\u00f3n K6\"}]},{\"@type\":\"WebSite\",\"@id\":\"https:\\\/\\\/deportenis.com.co\\\/webn\\\/#website\",\"url\":\"https:\\\/\\\/deportenis.com.co\\\/webn\\\/\",\"name\":\"www.deportenis.com.co\",\"description\":\"Tienda Deportiva\",\"publisher\":{\"@id\":\"https:\\\/\\\/deportenis.com.co\\\/webn\\\/#organization\"},\"potentialAction\":[{\"@type\":\"SearchAction\",\"target\":{\"@type\":\"EntryPoint\",\"urlTemplate\":\"https:\\\/\\\/deportenis.com.co\\\/webn\\\/?s={search_term_string}\"},\"query-input\":{\"@type\":\"PropertyValueSpecification\",\"valueRequired\":true,\"valueName\":\"search_term_string\"}}],\"inLanguage\":\"es\"},{\"@type\":\"Organization\",\"@id\":\"https:\\\/\\\/deportenis.com.co\\\/webn\\\/#organization\",\"name\":\"Deportenis\",\"url\":\"https:\\\/\\\/deportenis.com.co\\\/webn\\\/\",\"logo\":{\"@type\":\"ImageObject\",\"inLanguage\":\"es\",\"@id\":\"https:\\\/\\\/deportenis.com.co\\\/webn\\\/#\\\/schema\\\/logo\\\/image\\\/\",\"url\":\"https:\\\/\\\/deportenis.com.co\\\/webn\\\/wp-content\\\/uploads\\\/2024\\\/07\\\/logo.png\",\"contentUrl\":\"https:\\\/\\\/deportenis.com.co\\\/webn\\\/wp-content\\\/uploads\\\/2024\\\/07\\\/logo.png\",\"width\":238,\"height\":200,\"caption\":\"Deportenis\"},\"image\":{\"@id\":\"https:\\\/\\\/deportenis.com.co\\\/webn\\\/#\\\/schema\\\/logo\\\/image\\\/\"},\"sameAs\":[\"https:\\\/\\\/es-la.facebook.com\\\/Deportenis-100144375089820\\\/videos\\\/servicio-de-encordado-y-mantenimiento-de-tus-raquetaspregunta-por-los-colores-y-\\\/286780695898417\\\/\",\"https:\\\/\\\/www.instagram.com\\\/invites\\\/contact\\\/?igsh=1u3n44d031yux&utm_content=67nx4x8\"]}]}<\/script>\n<!-- \/ Yoast SEO plugin. -->","yoast_head_json":{"title":"Rodillera de compresi\u00f3n K6 - Deportenis","description":"Para los apasionados por el deporte llegan las rodilleras Crosstraining K6, un modelo avanzado que viene con tiras de silicona internas para mantener la rodilla en su posici\u00f3n mientras corres, saltas o levantas peso.","robots":{"index":"index","follow":"follow","max-snippet":"max-snippet:-1","max-image-preview":"max-image-preview:large","max-video-preview":"max-video-preview:-1"},"canonical":"https:\/\/deportenis.com.co\/webn\/product\/rodillera-de-compresion-k6\/","og_locale":"es_ES","og_type":"article","og_title":"Rodillera de compresi\u00f3n K6 - Deportenis","og_description":"Para los apasionados por el deporte llegan las rodilleras Crosstraining K6, un modelo avanzado que viene con tiras de silicona internas para mantener la rodilla en su posici\u00f3n mientras corres, saltas o levantas peso.","og_url":"https:\/\/deportenis.com.co\/webn\/product\/rodillera-de-compresion-k6\/","og_site_name":"Deportenis","article_publisher":"https:\/\/es-la.facebook.com\/Deportenis-100144375089820\/videos\/servicio-de-encordado-y-mantenimiento-de-tus-raquetaspregunta-por-los-colores-y-\/286780695898417\/","article_modified_time":"2024-12-22T16:45:41+00:00","og_image":[{"width":1000,"height":1000,"url":"https:\/\/deportenis.com.co\/webn\/wp-content\/uploads\/2024\/12\/RIDILLERA-K-6.jpg","type":"image\/jpeg"}],"twitter_card":"summary_large_image","twitter_misc":{"Tiempo de lectura":"1 minuto"},"schema":{"@context":"https:\/\/schema.org","@graph":[{"@type":"WebPage","@id":"https:\/\/deportenis.com.co\/webn\/product\/rodillera-de-compresion-k6\/","url":"https:\/\/deportenis.com.co\/webn\/product\/rodillera-de-compresion-k6\/","name":"Rodillera de compresi\u00f3n K6 - Deportenis","isPartOf":{"@id":"https:\/\/deportenis.com.co\/webn\/#website"},"primaryImageOfPage":{"@id":"https:\/\/deportenis.com.co\/webn\/product\/rodillera-de-compresion-k6\/#primaryimage"},"image":{"@id":"https:\/\/deportenis.com.co\/webn\/product\/rodillera-de-compresion-k6\/#primaryimage"},"thumbnailUrl":"https:\/\/deportenis.com.co\/webn\/wp-content\/uploads\/2024\/12\/RIDILLERA-K-6.jpg","datePublished":"2024-12-22T16:43:41+00:00","dateModified":"2024-12-22T16:45:41+00:00","description":"Para los apasionados por el deporte llegan las rodilleras Crosstraining K6, un modelo avanzado que viene con tiras de silicona internas para mantener la rodilla en su posici\u00f3n mientras corres, saltas o levantas peso.","breadcrumb":{"@id":"https:\/\/deportenis.com.co\/webn\/product\/rodillera-de-compresion-k6\/#breadcrumb"},"inLanguage":"es","potentialAction":[{"@type":"ReadAction","target":["https:\/\/deportenis.com.co\/webn\/product\/rodillera-de-compresion-k6\/"]}]},{"@type":"ImageObject","inLanguage":"es","@id":"https:\/\/deportenis.com.co\/webn\/product\/rodillera-de-compresion-k6\/#primaryimage","url":"https:\/\/deportenis.com.co\/webn\/wp-content\/uploads\/2024\/12\/RIDILLERA-K-6.jpg","contentUrl":"https:\/\/deportenis.com.co\/webn\/wp-content\/uploads\/2024\/12\/RIDILLERA-K-6.jpg","width":1000,"height":1000},{"@type":"BreadcrumbList","@id":"https:\/\/deportenis.com.co\/webn\/product\/rodillera-de-compresion-k6\/#breadcrumb","itemListElement":[{"@type":"ListItem","position":1,"name":"Portada","item":"https:\/\/deportenis.com.co\/webn\/"},{"@type":"ListItem","position":2,"name":"Tienda","item":"https:\/\/deportenis.com.co\/webn\/tienda\/"},{"@type":"ListItem","position":3,"name":"Rodillera de compresi\u00f3n K6"}]},{"@type":"WebSite","@id":"https:\/\/deportenis.com.co\/webn\/#website","url":"https:\/\/deportenis.com.co\/webn\/","name":"www.deportenis.com.co","description":"Tienda Deportiva","publisher":{"@id":"https:\/\/deportenis.com.co\/webn\/#organization"},"potentialAction":[{"@type":"SearchAction","target":{"@type":"EntryPoint","urlTemplate":"https:\/\/deportenis.com.co\/webn\/?s={search_term_string}"},"query-input":{"@type":"PropertyValueSpecification","valueRequired":true,"valueName":"search_term_string"}}],"inLanguage":"es"},{"@type":"Organization","@id":"https:\/\/deportenis.com.co\/webn\/#organization","name":"Deportenis","url":"https:\/\/deportenis.com.co\/webn\/","logo":{"@type":"ImageObject","inLanguage":"es","@id":"https:\/\/deportenis.com.co\/webn\/#\/schema\/logo\/image\/","url":"https:\/\/deportenis.com.co\/webn\/wp-content\/uploads\/2024\/07\/logo.png","contentUrl":"https:\/\/deportenis.com.co\/webn\/wp-content\/uploads\/2024\/07\/logo.png","width":238,"height":200,"caption":"Deportenis"},"image":{"@id":"https:\/\/deportenis.com.co\/webn\/#\/schema\/logo\/image\/"},"sameAs":["https:\/\/es-la.facebook.com\/Deportenis-100144375089820\/videos\/servicio-de-encordado-y-mantenimiento-de-tus-raquetaspregunta-por-los-colores-y-\/286780695898417\/","https:\/\/www.instagram.com\/invites\/contact\/?igsh=1u3n44d031yux&utm_content=67nx4x8"]}]}},"_links":{"self":[{"href":"https:\/\/deportenis.com.co\/webn\/wp-json\/wp\/v2\/product\/9447","targetHints":{"allow":["GET"]}}],"collection":[{"href":"https:\/\/deportenis.com.co\/webn\/wp-json\/wp\/v2\/product"}],"about":[{"href":"https:\/\/deportenis.com.co\/webn\/wp-json\/wp\/v2\/types\/product"}],"replies":[{"embeddable":true,"href":"https:\/\/deportenis.com.co\/webn\/wp-json\/wp\/v2\/comments?post=9447"}],"version-history":[{"count":0,"href":"https:\/\/deportenis.com.co\/webn\/wp-json\/wp\/v2\/product\/9447\/revisions"}],"wp:featuredmedia":[{"embeddable":true,"href":"https:\/\/deportenis.com.co\/webn\/wp-json\/wp\/v2\/media\/9448"}],"wp:attachment":[{"href":"https:\/\/deportenis.com.co\/webn\/wp-json\/wp\/v2\/media?parent=9447"}],"wp:term":[{"taxonomy":"product_brand","embeddable":true,"href":"https:\/\/deportenis.com.co\/webn\/wp-json\/wp\/v2\/product_brand?post=9447"},{"taxonomy":"product_cat","embeddable":true,"href":"https:\/\/deportenis.com.co\/webn\/wp-json\/wp\/v2\/product_cat?post=9447"},{"taxonomy":"product_tag","embeddable":true,"href":"https:\/\/deportenis.com.co\/webn\/wp-json\/wp\/v2\/product_tag?post=9447"}],"curies":[{"name":"wp","href":"https:\/\/api.w.org\/{rel}","templated":true}]}}