{"id":8938,"date":"2024-12-07T19:33:06","date_gmt":"2024-12-07T19:33:06","guid":{"rendered":"https:\/\/deportenis.com.co\/webn\/?post_type=product&#038;p=8938"},"modified":"2026-01-23T23:56:28","modified_gmt":"2026-01-23T23:56:28","slug":"balon-de-futbol-wilson-pentagon-pro-no-5-2","status":"publish","type":"product","link":"https:\/\/deportenis.com.co\/webn\/product\/balon-de-futbol-wilson-pentagon-pro-no-5-2\/","title":{"rendered":"Bal\u00f3n de F\u00fatbol Wilson Pentagon Pro (No.5)"},"content":{"rendered":"<p><a href=\"https:\/\/deportenis.com.co\/webn\/wp-content\/uploads\/2024\/09\/WILSON-1.jpg\"><img loading=\"lazy\" decoding=\"async\" class=\"alignnone wp-image-7132\" src=\"https:\/\/deportenis.com.co\/webn\/wp-content\/uploads\/2024\/09\/WILSON-1.jpg\" alt=\"\" width=\"208\" height=\"51\" \/><\/a><\/p>\n<p>Lleva tu juego al siguiente nivel con el <strong>Bal\u00f3n de F\u00fatbol Wilson Pentagon Pro (No. 5)<\/strong>. Dise\u00f1ado para jugadores que buscan precisi\u00f3n, durabilidad y un rendimiento excepcional en el campo. Este bal\u00f3n de tama\u00f1o oficial cuenta con un dise\u00f1o moderno y tecnolog\u00eda avanzada que garantiza un vuelo estable y un control \u00f3ptimo. Ideal tanto para entrenamientos como para partidos competitivos.<\/p>\n<ul>\n<li><strong>Tama\u00f1o oficial (No. 5)<\/strong>: Apto para competiciones y jugadores mayores de 12 a\u00f1os.<\/li>\n<li><strong>Tecnolog\u00eda avanzada<\/strong>: Asegura una trayectoria precisa y un excelente control.<\/li>\n<li><strong>Material resistente<\/strong>: Construcci\u00f3n duradera que soporta entrenamientos intensivos.<\/li>\n<li><strong>Dise\u00f1o exclusivo Pentagon Pro<\/strong>: Un estilo \u00fanico que destaca en el campo.<\/li>\n<\/ul>\n<p>Perfecto para jugadores apasionados y equipos que buscan calidad profesional en cada jugada.<\/p>\n","protected":false},"excerpt":{"rendered":"<p>Lleva tu juego al siguiente nivel con el Bal\u00f3n de F\u00fatbol Wilson Pentagon Pro (No. 5). Dise\u00f1ado para jugadores que buscan precisi\u00f3n, durabilidad y un rendimiento excepcional en el campo. Este bal\u00f3n de tama\u00f1o oficial cuenta con un dise\u00f1o moderno y tecnolog\u00eda avanzada que garantiza un vuelo estable y un control \u00f3ptimo. Ideal tanto para &hellip; <a href=\"https:\/\/deportenis.com.co\/webn\/product\/balon-de-futbol-wilson-pentagon-pro-no-5-2\/\" class=\"more-link\">Continue reading <span class=\"screen-reader-text\">Bal\u00f3n de F\u00fatbol Wilson Pentagon Pro (No.5)<\/span><\/a><\/p>\n","protected":false},"featured_media":8940,"comment_status":"open","ping_status":"closed","template":"","meta":[],"product_brand":[],"product_cat":[402],"product_tag":[],"class_list":{"0":"post-8938","1":"product","2":"type-product","3":"status-publish","4":"has-post-thumbnail","6":"product_cat-futbol","9":"instock","10":"taxable","11":"shipping-taxable","12":"purchasable","13":"product-type-simple"},"yoast_head":"<!-- This site is optimized with the Yoast SEO plugin v27.5 - https:\/\/yoast.com\/product\/yoast-seo-wordpress\/ -->\n<title>Bal\u00f3n de F\u00fatbol Wilson Pentagon Pro (No.5) - Deportenis<\/title>\n<meta name=\"description\" content=\"&quot;Descubre el Bal\u00f3n de F\u00fatbol Wilson Pentagon Pro (NO. 5). Con tecnolog\u00eda avanzada, tama\u00f1o oficial y dise\u00f1o exclusivo, es ideal para entrenamientos y competiciones. \u00a1Lleva tu juego al m\u00e1ximo nivel!&quot;\" \/>\n<meta name=\"robots\" content=\"index, follow, max-snippet:-1, max-image-preview:large, max-video-preview:-1\" \/>\n<link rel=\"canonical\" href=\"https:\/\/deportenis.com.co\/webn\/product\/balon-de-futbol-wilson-pentagon-pro-no-5-2\/\" \/>\n<meta property=\"og:locale\" content=\"es_ES\" \/>\n<meta property=\"og:type\" content=\"article\" \/>\n<meta property=\"og:title\" content=\"Bal\u00f3n de F\u00fatbol Wilson Pentagon Pro (No.5) - Deportenis\" \/>\n<meta property=\"og:description\" content=\"&quot;Descubre el Bal\u00f3n de F\u00fatbol Wilson Pentagon Pro (NO. 5). Con tecnolog\u00eda avanzada, tama\u00f1o oficial y dise\u00f1o exclusivo, es ideal para entrenamientos y competiciones. \u00a1Lleva tu juego al m\u00e1ximo nivel!&quot;\" \/>\n<meta property=\"og:url\" content=\"https:\/\/deportenis.com.co\/webn\/product\/balon-de-futbol-wilson-pentagon-pro-no-5-2\/\" \/>\n<meta property=\"og:site_name\" content=\"Deportenis\" \/>\n<meta property=\"article:publisher\" content=\"https:\/\/es-la.facebook.com\/Deportenis-100144375089820\/videos\/servicio-de-encordado-y-mantenimiento-de-tus-raquetaspregunta-por-los-colores-y-\/286780695898417\/\" \/>\n<meta property=\"article:modified_time\" content=\"2026-01-23T23:56:28+00:00\" \/>\n<meta property=\"og:image\" content=\"https:\/\/deportenis.com.co\/webn\/wp-content\/uploads\/2024\/12\/PENTAGON-N.jpg\" \/>\n\t<meta property=\"og:image:width\" content=\"1000\" \/>\n\t<meta property=\"og:image:height\" content=\"1000\" \/>\n\t<meta property=\"og:image:type\" content=\"image\/jpeg\" \/>\n<meta name=\"twitter:card\" content=\"summary_large_image\" \/>\n<meta name=\"twitter:label1\" content=\"Tiempo de lectura\" \/>\n\t<meta name=\"twitter:data1\" content=\"1 minuto\" \/>\n<script type=\"application\/ld+json\" class=\"yoast-schema-graph\">{\"@context\":\"https:\\\/\\\/schema.org\",\"@graph\":[{\"@type\":\"WebPage\",\"@id\":\"https:\\\/\\\/deportenis.com.co\\\/webn\\\/product\\\/balon-de-futbol-wilson-pentagon-pro-no-5-2\\\/\",\"url\":\"https:\\\/\\\/deportenis.com.co\\\/webn\\\/product\\\/balon-de-futbol-wilson-pentagon-pro-no-5-2\\\/\",\"name\":\"Bal\u00f3n de F\u00fatbol Wilson Pentagon Pro (No.5) - Deportenis\",\"isPartOf\":{\"@id\":\"https:\\\/\\\/deportenis.com.co\\\/webn\\\/#website\"},\"primaryImageOfPage\":{\"@id\":\"https:\\\/\\\/deportenis.com.co\\\/webn\\\/product\\\/balon-de-futbol-wilson-pentagon-pro-no-5-2\\\/#primaryimage\"},\"image\":{\"@id\":\"https:\\\/\\\/deportenis.com.co\\\/webn\\\/product\\\/balon-de-futbol-wilson-pentagon-pro-no-5-2\\\/#primaryimage\"},\"thumbnailUrl\":\"https:\\\/\\\/deportenis.com.co\\\/webn\\\/wp-content\\\/uploads\\\/2024\\\/12\\\/PENTAGON-N.jpg\",\"datePublished\":\"2024-12-07T19:33:06+00:00\",\"dateModified\":\"2026-01-23T23:56:28+00:00\",\"description\":\"\\\"Descubre el Bal\u00f3n de F\u00fatbol Wilson Pentagon Pro (NO. 5). Con tecnolog\u00eda avanzada, tama\u00f1o oficial y dise\u00f1o exclusivo, es ideal para entrenamientos y competiciones. \u00a1Lleva tu juego al m\u00e1ximo nivel!\\\"\",\"breadcrumb\":{\"@id\":\"https:\\\/\\\/deportenis.com.co\\\/webn\\\/product\\\/balon-de-futbol-wilson-pentagon-pro-no-5-2\\\/#breadcrumb\"},\"inLanguage\":\"es\",\"potentialAction\":[{\"@type\":\"ReadAction\",\"target\":[\"https:\\\/\\\/deportenis.com.co\\\/webn\\\/product\\\/balon-de-futbol-wilson-pentagon-pro-no-5-2\\\/\"]}]},{\"@type\":\"ImageObject\",\"inLanguage\":\"es\",\"@id\":\"https:\\\/\\\/deportenis.com.co\\\/webn\\\/product\\\/balon-de-futbol-wilson-pentagon-pro-no-5-2\\\/#primaryimage\",\"url\":\"https:\\\/\\\/deportenis.com.co\\\/webn\\\/wp-content\\\/uploads\\\/2024\\\/12\\\/PENTAGON-N.jpg\",\"contentUrl\":\"https:\\\/\\\/deportenis.com.co\\\/webn\\\/wp-content\\\/uploads\\\/2024\\\/12\\\/PENTAGON-N.jpg\",\"width\":1000,\"height\":1000},{\"@type\":\"BreadcrumbList\",\"@id\":\"https:\\\/\\\/deportenis.com.co\\\/webn\\\/product\\\/balon-de-futbol-wilson-pentagon-pro-no-5-2\\\/#breadcrumb\",\"itemListElement\":[{\"@type\":\"ListItem\",\"position\":1,\"name\":\"Portada\",\"item\":\"https:\\\/\\\/deportenis.com.co\\\/webn\\\/\"},{\"@type\":\"ListItem\",\"position\":2,\"name\":\"Tienda\",\"item\":\"https:\\\/\\\/deportenis.com.co\\\/webn\\\/tienda\\\/\"},{\"@type\":\"ListItem\",\"position\":3,\"name\":\"Bal\u00f3n de F\u00fatbol Wilson Pentagon Pro (No.5)\"}]},{\"@type\":\"WebSite\",\"@id\":\"https:\\\/\\\/deportenis.com.co\\\/webn\\\/#website\",\"url\":\"https:\\\/\\\/deportenis.com.co\\\/webn\\\/\",\"name\":\"www.deportenis.com.co\",\"description\":\"Tienda Deportiva\",\"publisher\":{\"@id\":\"https:\\\/\\\/deportenis.com.co\\\/webn\\\/#organization\"},\"potentialAction\":[{\"@type\":\"SearchAction\",\"target\":{\"@type\":\"EntryPoint\",\"urlTemplate\":\"https:\\\/\\\/deportenis.com.co\\\/webn\\\/?s={search_term_string}\"},\"query-input\":{\"@type\":\"PropertyValueSpecification\",\"valueRequired\":true,\"valueName\":\"search_term_string\"}}],\"inLanguage\":\"es\"},{\"@type\":\"Organization\",\"@id\":\"https:\\\/\\\/deportenis.com.co\\\/webn\\\/#organization\",\"name\":\"Deportenis\",\"url\":\"https:\\\/\\\/deportenis.com.co\\\/webn\\\/\",\"logo\":{\"@type\":\"ImageObject\",\"inLanguage\":\"es\",\"@id\":\"https:\\\/\\\/deportenis.com.co\\\/webn\\\/#\\\/schema\\\/logo\\\/image\\\/\",\"url\":\"https:\\\/\\\/deportenis.com.co\\\/webn\\\/wp-content\\\/uploads\\\/2024\\\/07\\\/logo.png\",\"contentUrl\":\"https:\\\/\\\/deportenis.com.co\\\/webn\\\/wp-content\\\/uploads\\\/2024\\\/07\\\/logo.png\",\"width\":238,\"height\":200,\"caption\":\"Deportenis\"},\"image\":{\"@id\":\"https:\\\/\\\/deportenis.com.co\\\/webn\\\/#\\\/schema\\\/logo\\\/image\\\/\"},\"sameAs\":[\"https:\\\/\\\/es-la.facebook.com\\\/Deportenis-100144375089820\\\/videos\\\/servicio-de-encordado-y-mantenimiento-de-tus-raquetaspregunta-por-los-colores-y-\\\/286780695898417\\\/\",\"https:\\\/\\\/www.instagram.com\\\/invites\\\/contact\\\/?igsh=1u3n44d031yux&utm_content=67nx4x8\"]}]}<\/script>\n<!-- \/ Yoast SEO plugin. -->","yoast_head_json":{"title":"Bal\u00f3n de F\u00fatbol Wilson Pentagon Pro (No.5) - Deportenis","description":"\"Descubre el Bal\u00f3n de F\u00fatbol Wilson Pentagon Pro (NO. 5). Con tecnolog\u00eda avanzada, tama\u00f1o oficial y dise\u00f1o exclusivo, es ideal para entrenamientos y competiciones. \u00a1Lleva tu juego al m\u00e1ximo nivel!\"","robots":{"index":"index","follow":"follow","max-snippet":"max-snippet:-1","max-image-preview":"max-image-preview:large","max-video-preview":"max-video-preview:-1"},"canonical":"https:\/\/deportenis.com.co\/webn\/product\/balon-de-futbol-wilson-pentagon-pro-no-5-2\/","og_locale":"es_ES","og_type":"article","og_title":"Bal\u00f3n de F\u00fatbol Wilson Pentagon Pro (No.5) - Deportenis","og_description":"\"Descubre el Bal\u00f3n de F\u00fatbol Wilson Pentagon Pro (NO. 5). Con tecnolog\u00eda avanzada, tama\u00f1o oficial y dise\u00f1o exclusivo, es ideal para entrenamientos y competiciones. \u00a1Lleva tu juego al m\u00e1ximo nivel!\"","og_url":"https:\/\/deportenis.com.co\/webn\/product\/balon-de-futbol-wilson-pentagon-pro-no-5-2\/","og_site_name":"Deportenis","article_publisher":"https:\/\/es-la.facebook.com\/Deportenis-100144375089820\/videos\/servicio-de-encordado-y-mantenimiento-de-tus-raquetaspregunta-por-los-colores-y-\/286780695898417\/","article_modified_time":"2026-01-23T23:56:28+00:00","og_image":[{"width":1000,"height":1000,"url":"https:\/\/deportenis.com.co\/webn\/wp-content\/uploads\/2024\/12\/PENTAGON-N.jpg","type":"image\/jpeg"}],"twitter_card":"summary_large_image","twitter_misc":{"Tiempo de lectura":"1 minuto"},"schema":{"@context":"https:\/\/schema.org","@graph":[{"@type":"WebPage","@id":"https:\/\/deportenis.com.co\/webn\/product\/balon-de-futbol-wilson-pentagon-pro-no-5-2\/","url":"https:\/\/deportenis.com.co\/webn\/product\/balon-de-futbol-wilson-pentagon-pro-no-5-2\/","name":"Bal\u00f3n de F\u00fatbol Wilson Pentagon Pro (No.5) - Deportenis","isPartOf":{"@id":"https:\/\/deportenis.com.co\/webn\/#website"},"primaryImageOfPage":{"@id":"https:\/\/deportenis.com.co\/webn\/product\/balon-de-futbol-wilson-pentagon-pro-no-5-2\/#primaryimage"},"image":{"@id":"https:\/\/deportenis.com.co\/webn\/product\/balon-de-futbol-wilson-pentagon-pro-no-5-2\/#primaryimage"},"thumbnailUrl":"https:\/\/deportenis.com.co\/webn\/wp-content\/uploads\/2024\/12\/PENTAGON-N.jpg","datePublished":"2024-12-07T19:33:06+00:00","dateModified":"2026-01-23T23:56:28+00:00","description":"\"Descubre el Bal\u00f3n de F\u00fatbol Wilson Pentagon Pro (NO. 5). Con tecnolog\u00eda avanzada, tama\u00f1o oficial y dise\u00f1o exclusivo, es ideal para entrenamientos y competiciones. \u00a1Lleva tu juego al m\u00e1ximo nivel!\"","breadcrumb":{"@id":"https:\/\/deportenis.com.co\/webn\/product\/balon-de-futbol-wilson-pentagon-pro-no-5-2\/#breadcrumb"},"inLanguage":"es","potentialAction":[{"@type":"ReadAction","target":["https:\/\/deportenis.com.co\/webn\/product\/balon-de-futbol-wilson-pentagon-pro-no-5-2\/"]}]},{"@type":"ImageObject","inLanguage":"es","@id":"https:\/\/deportenis.com.co\/webn\/product\/balon-de-futbol-wilson-pentagon-pro-no-5-2\/#primaryimage","url":"https:\/\/deportenis.com.co\/webn\/wp-content\/uploads\/2024\/12\/PENTAGON-N.jpg","contentUrl":"https:\/\/deportenis.com.co\/webn\/wp-content\/uploads\/2024\/12\/PENTAGON-N.jpg","width":1000,"height":1000},{"@type":"BreadcrumbList","@id":"https:\/\/deportenis.com.co\/webn\/product\/balon-de-futbol-wilson-pentagon-pro-no-5-2\/#breadcrumb","itemListElement":[{"@type":"ListItem","position":1,"name":"Portada","item":"https:\/\/deportenis.com.co\/webn\/"},{"@type":"ListItem","position":2,"name":"Tienda","item":"https:\/\/deportenis.com.co\/webn\/tienda\/"},{"@type":"ListItem","position":3,"name":"Bal\u00f3n de F\u00fatbol Wilson Pentagon Pro (No.5)"}]},{"@type":"WebSite","@id":"https:\/\/deportenis.com.co\/webn\/#website","url":"https:\/\/deportenis.com.co\/webn\/","name":"www.deportenis.com.co","description":"Tienda Deportiva","publisher":{"@id":"https:\/\/deportenis.com.co\/webn\/#organization"},"potentialAction":[{"@type":"SearchAction","target":{"@type":"EntryPoint","urlTemplate":"https:\/\/deportenis.com.co\/webn\/?s={search_term_string}"},"query-input":{"@type":"PropertyValueSpecification","valueRequired":true,"valueName":"search_term_string"}}],"inLanguage":"es"},{"@type":"Organization","@id":"https:\/\/deportenis.com.co\/webn\/#organization","name":"Deportenis","url":"https:\/\/deportenis.com.co\/webn\/","logo":{"@type":"ImageObject","inLanguage":"es","@id":"https:\/\/deportenis.com.co\/webn\/#\/schema\/logo\/image\/","url":"https:\/\/deportenis.com.co\/webn\/wp-content\/uploads\/2024\/07\/logo.png","contentUrl":"https:\/\/deportenis.com.co\/webn\/wp-content\/uploads\/2024\/07\/logo.png","width":238,"height":200,"caption":"Deportenis"},"image":{"@id":"https:\/\/deportenis.com.co\/webn\/#\/schema\/logo\/image\/"},"sameAs":["https:\/\/es-la.facebook.com\/Deportenis-100144375089820\/videos\/servicio-de-encordado-y-mantenimiento-de-tus-raquetaspregunta-por-los-colores-y-\/286780695898417\/","https:\/\/www.instagram.com\/invites\/contact\/?igsh=1u3n44d031yux&utm_content=67nx4x8"]}]}},"_links":{"self":[{"href":"https:\/\/deportenis.com.co\/webn\/wp-json\/wp\/v2\/product\/8938","targetHints":{"allow":["GET"]}}],"collection":[{"href":"https:\/\/deportenis.com.co\/webn\/wp-json\/wp\/v2\/product"}],"about":[{"href":"https:\/\/deportenis.com.co\/webn\/wp-json\/wp\/v2\/types\/product"}],"replies":[{"embeddable":true,"href":"https:\/\/deportenis.com.co\/webn\/wp-json\/wp\/v2\/comments?post=8938"}],"version-history":[{"count":0,"href":"https:\/\/deportenis.com.co\/webn\/wp-json\/wp\/v2\/product\/8938\/revisions"}],"wp:featuredmedia":[{"embeddable":true,"href":"https:\/\/deportenis.com.co\/webn\/wp-json\/wp\/v2\/media\/8940"}],"wp:attachment":[{"href":"https:\/\/deportenis.com.co\/webn\/wp-json\/wp\/v2\/media?parent=8938"}],"wp:term":[{"taxonomy":"product_brand","embeddable":true,"href":"https:\/\/deportenis.com.co\/webn\/wp-json\/wp\/v2\/product_brand?post=8938"},{"taxonomy":"product_cat","embeddable":true,"href":"https:\/\/deportenis.com.co\/webn\/wp-json\/wp\/v2\/product_cat?post=8938"},{"taxonomy":"product_tag","embeddable":true,"href":"https:\/\/deportenis.com.co\/webn\/wp-json\/wp\/v2\/product_tag?post=8938"}],"curies":[{"name":"wp","href":"https:\/\/api.w.org\/{rel}","templated":true}]}}