{"id":7529,"date":"2024-09-10T17:43:35","date_gmt":"2024-09-10T17:43:35","guid":{"rendered":"https:\/\/deportenis.com.co\/webn\/?post_type=product&#038;p=7529"},"modified":"2024-09-11T22:19:55","modified_gmt":"2024-09-11T22:19:55","slug":"asics-gel-resolution-8-clay","status":"publish","type":"product","link":"https:\/\/deportenis.com.co\/webn\/product\/asics-gel-resolution-8-clay\/","title":{"rendered":"Asics Gel-Resolution 8 Clay"},"content":{"rendered":"<p><a href=\"https:\/\/deportenis.com.co\/webn\/wp-content\/uploads\/2024\/09\/LOGO-ASICS.jpg\"><img loading=\"lazy\" decoding=\"async\" class=\"alignnone wp-image-7039\" src=\"https:\/\/deportenis.com.co\/webn\/wp-content\/uploads\/2024\/09\/LOGO-ASICS.jpg\" alt=\"\" width=\"214\" height=\"75\" \/><\/a><\/p>\n<p>Los <strong>Asics Gel-Resolution 8<\/strong> Clay est\u00e1n dise\u00f1ados para ofrecer un rendimiento excepcional en canchas de arcilla. Destacando por su durabilidad y estabilidad, estos tenis brindan un ajuste ce\u00f1ido y preciso, gracias a la tecnolog\u00eda Flexion Fit, que se adapta al pie sin comprometer el soporte.<\/p>\n<p>Incorporan la reconocida tecnolog\u00eda Gel de ASICS en el antepi\u00e9 y el tal\u00f3n, proporcionando una amortiguaci\u00f3n superior para absorber los impactos y proteger las articulaciones durante movimientos r\u00e1pidos. La suela exterior de espiga est\u00e1 optimizada para ofrecer el m\u00e1ximo agarre en superficies de tierra batida, facilitando los deslizamientos controlados t\u00edpicos de este tipo de canchas.<\/p>\n<p>El sistema Dynawall mejora la estabilidad lateral, permitiendo cambios de direcci\u00f3n m\u00e1s seguros, mientras que el protector de puntera PGUARD aumenta la durabilidad en \u00e1reas de mayor desgaste. Adem\u00e1s, la parte superior de malla transpirable mantiene los pies frescos, incluso durante partidos intensos y de larga duraci\u00f3n.<\/p>\n<p>Con los ASICS Gel-Resolution 8 Clay, tendr\u00e1s un calzado resistente y c\u00f3modo, perfecto para jugadores que buscan control, soporte y tracci\u00f3n en superficies de arcilla.<\/p>\n","protected":false},"excerpt":{"rendered":"<p>Los Asics Gel-Resolution 8 Clay est\u00e1n dise\u00f1ados para ofrecer un rendimiento excepcional en canchas de arcilla. Destacando por su durabilidad y estabilidad, estos tenis brindan un ajuste ce\u00f1ido y preciso, gracias a la tecnolog\u00eda Flexion Fit, que se adapta al pie sin comprometer el soporte. Incorporan la reconocida tecnolog\u00eda Gel de ASICS en el antepi\u00e9 &hellip; <a href=\"https:\/\/deportenis.com.co\/webn\/product\/asics-gel-resolution-8-clay\/\" class=\"more-link\">Continue reading <span class=\"screen-reader-text\">Asics Gel-Resolution 8 Clay<\/span><\/a><\/p>\n","protected":false},"featured_media":7533,"comment_status":"open","ping_status":"closed","template":"","meta":[],"product_brand":[],"product_cat":[15],"product_tag":[211,207,236,152],"class_list":{"0":"post-7529","1":"product","2":"type-product","3":"status-publish","4":"has-post-thumbnail","6":"product_cat-uncategorized","7":"product_tag-asics","8":"product_tag-calzado","9":"product_tag-masculino","10":"product_tag-tenis","11":"pa_talla-143","14":"instock","15":"sale","16":"taxable","17":"shipping-taxable","18":"purchasable","19":"product-type-variable"},"yoast_head":"<!-- This site is optimized with the Yoast SEO plugin v27.5 - https:\/\/yoast.com\/product\/yoast-seo-wordpress\/ -->\n<title>Asics Gel-Resolution 8 Clay - Deportenis<\/title>\n<meta name=\"robots\" content=\"index, follow, max-snippet:-1, max-image-preview:large, max-video-preview:-1\" \/>\n<link rel=\"canonical\" href=\"https:\/\/deportenis.com.co\/webn\/product\/asics-gel-resolution-8-clay\/\" \/>\n<meta property=\"og:locale\" content=\"es_ES\" \/>\n<meta property=\"og:type\" content=\"article\" \/>\n<meta property=\"og:title\" content=\"Asics Gel-Resolution 8 Clay - Deportenis\" \/>\n<meta property=\"og:description\" content=\"Los Asics Gel-Resolution 8 Clay est\u00e1n dise\u00f1ados para ofrecer un rendimiento excepcional en canchas de arcilla. Destacando por su durabilidad y estabilidad, estos tenis brindan un ajuste ce\u00f1ido y preciso, gracias a la tecnolog\u00eda Flexion Fit, que se adapta al pie sin comprometer el soporte. Incorporan la reconocida tecnolog\u00eda Gel de ASICS en el antepi\u00e9 &hellip; Continue reading Asics Gel-Resolution 8 Clay\" \/>\n<meta property=\"og:url\" content=\"https:\/\/deportenis.com.co\/webn\/product\/asics-gel-resolution-8-clay\/\" \/>\n<meta property=\"og:site_name\" content=\"Deportenis\" \/>\n<meta property=\"article:publisher\" content=\"https:\/\/es-la.facebook.com\/Deportenis-100144375089820\/videos\/servicio-de-encordado-y-mantenimiento-de-tus-raquetaspregunta-por-los-colores-y-\/286780695898417\/\" \/>\n<meta property=\"article:modified_time\" content=\"2024-09-11T22:19:55+00:00\" \/>\n<meta property=\"og:image\" content=\"https:\/\/deportenis.com.co\/webn\/wp-content\/uploads\/2024\/09\/GEL-RESOLUTION-8-2.jpg\" \/>\n\t<meta property=\"og:image:width\" content=\"1000\" \/>\n\t<meta property=\"og:image:height\" content=\"1000\" \/>\n\t<meta property=\"og:image:type\" content=\"image\/jpeg\" \/>\n<meta name=\"twitter:card\" content=\"summary_large_image\" \/>\n<meta name=\"twitter:label1\" content=\"Tiempo de lectura\" \/>\n\t<meta name=\"twitter:data1\" content=\"1 minuto\" \/>\n<script type=\"application\/ld+json\" class=\"yoast-schema-graph\">{\"@context\":\"https:\\\/\\\/schema.org\",\"@graph\":[{\"@type\":\"WebPage\",\"@id\":\"https:\\\/\\\/deportenis.com.co\\\/webn\\\/product\\\/asics-gel-resolution-8-clay\\\/\",\"url\":\"https:\\\/\\\/deportenis.com.co\\\/webn\\\/product\\\/asics-gel-resolution-8-clay\\\/\",\"name\":\"Asics Gel-Resolution 8 Clay - Deportenis\",\"isPartOf\":{\"@id\":\"https:\\\/\\\/deportenis.com.co\\\/webn\\\/#website\"},\"primaryImageOfPage\":{\"@id\":\"https:\\\/\\\/deportenis.com.co\\\/webn\\\/product\\\/asics-gel-resolution-8-clay\\\/#primaryimage\"},\"image\":{\"@id\":\"https:\\\/\\\/deportenis.com.co\\\/webn\\\/product\\\/asics-gel-resolution-8-clay\\\/#primaryimage\"},\"thumbnailUrl\":\"https:\\\/\\\/deportenis.com.co\\\/webn\\\/wp-content\\\/uploads\\\/2024\\\/09\\\/GEL-RESOLUTION-8-2.jpg\",\"datePublished\":\"2024-09-10T17:43:35+00:00\",\"dateModified\":\"2024-09-11T22:19:55+00:00\",\"breadcrumb\":{\"@id\":\"https:\\\/\\\/deportenis.com.co\\\/webn\\\/product\\\/asics-gel-resolution-8-clay\\\/#breadcrumb\"},\"inLanguage\":\"es\",\"potentialAction\":[{\"@type\":\"ReadAction\",\"target\":[\"https:\\\/\\\/deportenis.com.co\\\/webn\\\/product\\\/asics-gel-resolution-8-clay\\\/\"]}]},{\"@type\":\"ImageObject\",\"inLanguage\":\"es\",\"@id\":\"https:\\\/\\\/deportenis.com.co\\\/webn\\\/product\\\/asics-gel-resolution-8-clay\\\/#primaryimage\",\"url\":\"https:\\\/\\\/deportenis.com.co\\\/webn\\\/wp-content\\\/uploads\\\/2024\\\/09\\\/GEL-RESOLUTION-8-2.jpg\",\"contentUrl\":\"https:\\\/\\\/deportenis.com.co\\\/webn\\\/wp-content\\\/uploads\\\/2024\\\/09\\\/GEL-RESOLUTION-8-2.jpg\",\"width\":1000,\"height\":1000},{\"@type\":\"BreadcrumbList\",\"@id\":\"https:\\\/\\\/deportenis.com.co\\\/webn\\\/product\\\/asics-gel-resolution-8-clay\\\/#breadcrumb\",\"itemListElement\":[{\"@type\":\"ListItem\",\"position\":1,\"name\":\"Portada\",\"item\":\"https:\\\/\\\/deportenis.com.co\\\/webn\\\/\"},{\"@type\":\"ListItem\",\"position\":2,\"name\":\"Tienda\",\"item\":\"https:\\\/\\\/deportenis.com.co\\\/webn\\\/tienda\\\/\"},{\"@type\":\"ListItem\",\"position\":3,\"name\":\"Asics Gel-Resolution 8 Clay\"}]},{\"@type\":\"WebSite\",\"@id\":\"https:\\\/\\\/deportenis.com.co\\\/webn\\\/#website\",\"url\":\"https:\\\/\\\/deportenis.com.co\\\/webn\\\/\",\"name\":\"www.deportenis.com.co\",\"description\":\"Tienda Deportiva\",\"publisher\":{\"@id\":\"https:\\\/\\\/deportenis.com.co\\\/webn\\\/#organization\"},\"potentialAction\":[{\"@type\":\"SearchAction\",\"target\":{\"@type\":\"EntryPoint\",\"urlTemplate\":\"https:\\\/\\\/deportenis.com.co\\\/webn\\\/?s={search_term_string}\"},\"query-input\":{\"@type\":\"PropertyValueSpecification\",\"valueRequired\":true,\"valueName\":\"search_term_string\"}}],\"inLanguage\":\"es\"},{\"@type\":\"Organization\",\"@id\":\"https:\\\/\\\/deportenis.com.co\\\/webn\\\/#organization\",\"name\":\"Deportenis\",\"url\":\"https:\\\/\\\/deportenis.com.co\\\/webn\\\/\",\"logo\":{\"@type\":\"ImageObject\",\"inLanguage\":\"es\",\"@id\":\"https:\\\/\\\/deportenis.com.co\\\/webn\\\/#\\\/schema\\\/logo\\\/image\\\/\",\"url\":\"https:\\\/\\\/deportenis.com.co\\\/webn\\\/wp-content\\\/uploads\\\/2024\\\/07\\\/logo.png\",\"contentUrl\":\"https:\\\/\\\/deportenis.com.co\\\/webn\\\/wp-content\\\/uploads\\\/2024\\\/07\\\/logo.png\",\"width\":238,\"height\":200,\"caption\":\"Deportenis\"},\"image\":{\"@id\":\"https:\\\/\\\/deportenis.com.co\\\/webn\\\/#\\\/schema\\\/logo\\\/image\\\/\"},\"sameAs\":[\"https:\\\/\\\/es-la.facebook.com\\\/Deportenis-100144375089820\\\/videos\\\/servicio-de-encordado-y-mantenimiento-de-tus-raquetaspregunta-por-los-colores-y-\\\/286780695898417\\\/\",\"https:\\\/\\\/www.instagram.com\\\/invites\\\/contact\\\/?igsh=1u3n44d031yux&utm_content=67nx4x8\"]}]}<\/script>\n<!-- \/ Yoast SEO plugin. -->","yoast_head_json":{"title":"Asics Gel-Resolution 8 Clay - Deportenis","robots":{"index":"index","follow":"follow","max-snippet":"max-snippet:-1","max-image-preview":"max-image-preview:large","max-video-preview":"max-video-preview:-1"},"canonical":"https:\/\/deportenis.com.co\/webn\/product\/asics-gel-resolution-8-clay\/","og_locale":"es_ES","og_type":"article","og_title":"Asics Gel-Resolution 8 Clay - Deportenis","og_description":"Los Asics Gel-Resolution 8 Clay est\u00e1n dise\u00f1ados para ofrecer un rendimiento excepcional en canchas de arcilla. Destacando por su durabilidad y estabilidad, estos tenis brindan un ajuste ce\u00f1ido y preciso, gracias a la tecnolog\u00eda Flexion Fit, que se adapta al pie sin comprometer el soporte. Incorporan la reconocida tecnolog\u00eda Gel de ASICS en el antepi\u00e9 &hellip; Continue reading Asics Gel-Resolution 8 Clay","og_url":"https:\/\/deportenis.com.co\/webn\/product\/asics-gel-resolution-8-clay\/","og_site_name":"Deportenis","article_publisher":"https:\/\/es-la.facebook.com\/Deportenis-100144375089820\/videos\/servicio-de-encordado-y-mantenimiento-de-tus-raquetaspregunta-por-los-colores-y-\/286780695898417\/","article_modified_time":"2024-09-11T22:19:55+00:00","og_image":[{"width":1000,"height":1000,"url":"https:\/\/deportenis.com.co\/webn\/wp-content\/uploads\/2024\/09\/GEL-RESOLUTION-8-2.jpg","type":"image\/jpeg"}],"twitter_card":"summary_large_image","twitter_misc":{"Tiempo de lectura":"1 minuto"},"schema":{"@context":"https:\/\/schema.org","@graph":[{"@type":"WebPage","@id":"https:\/\/deportenis.com.co\/webn\/product\/asics-gel-resolution-8-clay\/","url":"https:\/\/deportenis.com.co\/webn\/product\/asics-gel-resolution-8-clay\/","name":"Asics Gel-Resolution 8 Clay - Deportenis","isPartOf":{"@id":"https:\/\/deportenis.com.co\/webn\/#website"},"primaryImageOfPage":{"@id":"https:\/\/deportenis.com.co\/webn\/product\/asics-gel-resolution-8-clay\/#primaryimage"},"image":{"@id":"https:\/\/deportenis.com.co\/webn\/product\/asics-gel-resolution-8-clay\/#primaryimage"},"thumbnailUrl":"https:\/\/deportenis.com.co\/webn\/wp-content\/uploads\/2024\/09\/GEL-RESOLUTION-8-2.jpg","datePublished":"2024-09-10T17:43:35+00:00","dateModified":"2024-09-11T22:19:55+00:00","breadcrumb":{"@id":"https:\/\/deportenis.com.co\/webn\/product\/asics-gel-resolution-8-clay\/#breadcrumb"},"inLanguage":"es","potentialAction":[{"@type":"ReadAction","target":["https:\/\/deportenis.com.co\/webn\/product\/asics-gel-resolution-8-clay\/"]}]},{"@type":"ImageObject","inLanguage":"es","@id":"https:\/\/deportenis.com.co\/webn\/product\/asics-gel-resolution-8-clay\/#primaryimage","url":"https:\/\/deportenis.com.co\/webn\/wp-content\/uploads\/2024\/09\/GEL-RESOLUTION-8-2.jpg","contentUrl":"https:\/\/deportenis.com.co\/webn\/wp-content\/uploads\/2024\/09\/GEL-RESOLUTION-8-2.jpg","width":1000,"height":1000},{"@type":"BreadcrumbList","@id":"https:\/\/deportenis.com.co\/webn\/product\/asics-gel-resolution-8-clay\/#breadcrumb","itemListElement":[{"@type":"ListItem","position":1,"name":"Portada","item":"https:\/\/deportenis.com.co\/webn\/"},{"@type":"ListItem","position":2,"name":"Tienda","item":"https:\/\/deportenis.com.co\/webn\/tienda\/"},{"@type":"ListItem","position":3,"name":"Asics Gel-Resolution 8 Clay"}]},{"@type":"WebSite","@id":"https:\/\/deportenis.com.co\/webn\/#website","url":"https:\/\/deportenis.com.co\/webn\/","name":"www.deportenis.com.co","description":"Tienda Deportiva","publisher":{"@id":"https:\/\/deportenis.com.co\/webn\/#organization"},"potentialAction":[{"@type":"SearchAction","target":{"@type":"EntryPoint","urlTemplate":"https:\/\/deportenis.com.co\/webn\/?s={search_term_string}"},"query-input":{"@type":"PropertyValueSpecification","valueRequired":true,"valueName":"search_term_string"}}],"inLanguage":"es"},{"@type":"Organization","@id":"https:\/\/deportenis.com.co\/webn\/#organization","name":"Deportenis","url":"https:\/\/deportenis.com.co\/webn\/","logo":{"@type":"ImageObject","inLanguage":"es","@id":"https:\/\/deportenis.com.co\/webn\/#\/schema\/logo\/image\/","url":"https:\/\/deportenis.com.co\/webn\/wp-content\/uploads\/2024\/07\/logo.png","contentUrl":"https:\/\/deportenis.com.co\/webn\/wp-content\/uploads\/2024\/07\/logo.png","width":238,"height":200,"caption":"Deportenis"},"image":{"@id":"https:\/\/deportenis.com.co\/webn\/#\/schema\/logo\/image\/"},"sameAs":["https:\/\/es-la.facebook.com\/Deportenis-100144375089820\/videos\/servicio-de-encordado-y-mantenimiento-de-tus-raquetaspregunta-por-los-colores-y-\/286780695898417\/","https:\/\/www.instagram.com\/invites\/contact\/?igsh=1u3n44d031yux&utm_content=67nx4x8"]}]}},"_links":{"self":[{"href":"https:\/\/deportenis.com.co\/webn\/wp-json\/wp\/v2\/product\/7529","targetHints":{"allow":["GET"]}}],"collection":[{"href":"https:\/\/deportenis.com.co\/webn\/wp-json\/wp\/v2\/product"}],"about":[{"href":"https:\/\/deportenis.com.co\/webn\/wp-json\/wp\/v2\/types\/product"}],"replies":[{"embeddable":true,"href":"https:\/\/deportenis.com.co\/webn\/wp-json\/wp\/v2\/comments?post=7529"}],"version-history":[{"count":0,"href":"https:\/\/deportenis.com.co\/webn\/wp-json\/wp\/v2\/product\/7529\/revisions"}],"wp:featuredmedia":[{"embeddable":true,"href":"https:\/\/deportenis.com.co\/webn\/wp-json\/wp\/v2\/media\/7533"}],"wp:attachment":[{"href":"https:\/\/deportenis.com.co\/webn\/wp-json\/wp\/v2\/media?parent=7529"}],"wp:term":[{"taxonomy":"product_brand","embeddable":true,"href":"https:\/\/deportenis.com.co\/webn\/wp-json\/wp\/v2\/product_brand?post=7529"},{"taxonomy":"product_cat","embeddable":true,"href":"https:\/\/deportenis.com.co\/webn\/wp-json\/wp\/v2\/product_cat?post=7529"},{"taxonomy":"product_tag","embeddable":true,"href":"https:\/\/deportenis.com.co\/webn\/wp-json\/wp\/v2\/product_tag?post=7529"}],"curies":[{"name":"wp","href":"https:\/\/api.w.org\/{rel}","templated":true}]}}