{"id":7440,"date":"2024-09-10T02:27:30","date_gmt":"2024-09-10T02:27:30","guid":{"rendered":"https:\/\/deportenis.com.co\/webn\/?post_type=product&#038;p=7440"},"modified":"2026-02-10T21:59:39","modified_gmt":"2026-02-10T21:59:39","slug":"asics-gel-dedicate-8-clay","status":"publish","type":"product","link":"https:\/\/deportenis.com.co\/webn\/product\/asics-gel-dedicate-8-clay\/","title":{"rendered":"Asics Gel-Dedicate 8 Clay"},"content":{"rendered":"<p><a href=\"https:\/\/deportenis.com.co\/webn\/wp-content\/uploads\/2024\/09\/LOGO-ASICS.jpg\"><img loading=\"lazy\" decoding=\"async\" class=\"alignnone wp-image-7039\" src=\"https:\/\/deportenis.com.co\/webn\/wp-content\/uploads\/2024\/09\/LOGO-ASICS.jpg\" alt=\"\" width=\"214\" height=\"75\" \/><\/a><\/p>\n<p>La GEL-DEDICATE 8 CLAY ofrece una buena estabilidad y una sensaci\u00f3n de flexibilidad para mantener la mente en el juego.<\/p>\n<p>La parte superior del ZAPATILLA est\u00e1 construida con superposiciones de material sint\u00e9tico para mayor soporte. Mantiene los pies bien conectados a tierra en movimientos r\u00e1pidos en las pelotas m\u00e1s dif\u00edciles.<\/p>\n<p>El soporte TRUSSTIC y la suela exterior que se adapta al calzado mejoran la estabilidad y permiten que tus pies se muevan libremente. Esto le permite cambiar de direcci\u00f3n con m\u00e1s confianza, especialmente en los movimientos laterales.<\/p>\n","protected":false},"excerpt":{"rendered":"<p>La GEL-DEDICATE 8 CLAY ofrece una buena estabilidad y una sensaci\u00f3n de flexibilidad para mantener la mente en el juego. La parte superior del ZAPATILLA est\u00e1 construida con superposiciones de material sint\u00e9tico para mayor soporte. Mantiene los pies bien conectados a tierra en movimientos r\u00e1pidos en las pelotas m\u00e1s dif\u00edciles. El soporte TRUSSTIC y la &hellip; <a href=\"https:\/\/deportenis.com.co\/webn\/product\/asics-gel-dedicate-8-clay\/\" class=\"more-link\">Continue reading <span class=\"screen-reader-text\">Asics Gel-Dedicate 8 Clay<\/span><\/a><\/p>\n","protected":false},"featured_media":7447,"comment_status":"open","ping_status":"closed","template":"","meta":[],"product_brand":[],"product_cat":[175],"product_tag":[425,420,418,421],"class_list":{"0":"post-7440","1":"product","2":"type-product","3":"status-publish","4":"has-post-thumbnail","6":"product_cat-tenis-hombre","7":"product_tag-10-5","8":"product_tag-420","9":"product_tag-418","10":"product_tag-9-5","11":"pa_talla-10-5","12":"pa_talla-147","13":"pa_talla-142","14":"pa_talla-9-5","17":"instock","18":"taxable","19":"shipping-taxable","20":"purchasable","21":"product-type-variable"},"yoast_head":"<!-- This site is optimized with the Yoast SEO plugin v27.5 - https:\/\/yoast.com\/product\/yoast-seo-wordpress\/ -->\n<title>Asics Gel-Dedicate 8 Clay - Deportenis<\/title>\n<meta name=\"description\" content=\"Compra los Asics Gel-Dedicate 8 Clay para cancha de polvo. M\u00e1xima estabilidad, agarre y comodidad para mejorar tu juego. Env\u00edos en Colombia.\" \/>\n<meta name=\"robots\" content=\"index, follow, max-snippet:-1, max-image-preview:large, max-video-preview:-1\" \/>\n<link rel=\"canonical\" href=\"https:\/\/deportenis.com.co\/webn\/product\/asics-gel-dedicate-8-clay\/\" \/>\n<meta property=\"og:locale\" content=\"es_ES\" \/>\n<meta property=\"og:type\" content=\"article\" \/>\n<meta property=\"og:title\" content=\"Asics Gel-Dedicate 8 Clay - Deportenis\" \/>\n<meta property=\"og:description\" content=\"Compra los Asics Gel-Dedicate 8 Clay para cancha de polvo. M\u00e1xima estabilidad, agarre y comodidad para mejorar tu juego. Env\u00edos en Colombia.\" \/>\n<meta property=\"og:url\" content=\"https:\/\/deportenis.com.co\/webn\/product\/asics-gel-dedicate-8-clay\/\" \/>\n<meta property=\"og:site_name\" content=\"Deportenis\" \/>\n<meta property=\"article:publisher\" content=\"https:\/\/es-la.facebook.com\/Deportenis-100144375089820\/videos\/servicio-de-encordado-y-mantenimiento-de-tus-raquetaspregunta-por-los-colores-y-\/286780695898417\/\" \/>\n<meta property=\"article:modified_time\" content=\"2026-02-10T21:59:39+00:00\" \/>\n<meta property=\"og:image\" content=\"https:\/\/deportenis.com.co\/webn\/wp-content\/uploads\/2024\/09\/GEL-RESOLUTION-9-1-3.jpg\" \/>\n\t<meta property=\"og:image:width\" content=\"1000\" \/>\n\t<meta property=\"og:image:height\" content=\"1000\" \/>\n\t<meta property=\"og:image:type\" content=\"image\/jpeg\" \/>\n<meta name=\"twitter:card\" content=\"summary_large_image\" \/>\n<meta name=\"twitter:label1\" content=\"Tiempo de lectura\" \/>\n\t<meta name=\"twitter:data1\" content=\"1 minuto\" \/>\n<script type=\"application\/ld+json\" class=\"yoast-schema-graph\">{\"@context\":\"https:\\\/\\\/schema.org\",\"@graph\":[{\"@type\":\"WebPage\",\"@id\":\"https:\\\/\\\/deportenis.com.co\\\/webn\\\/product\\\/asics-gel-dedicate-8-clay\\\/\",\"url\":\"https:\\\/\\\/deportenis.com.co\\\/webn\\\/product\\\/asics-gel-dedicate-8-clay\\\/\",\"name\":\"Asics Gel-Dedicate 8 Clay - Deportenis\",\"isPartOf\":{\"@id\":\"https:\\\/\\\/deportenis.com.co\\\/webn\\\/#website\"},\"primaryImageOfPage\":{\"@id\":\"https:\\\/\\\/deportenis.com.co\\\/webn\\\/product\\\/asics-gel-dedicate-8-clay\\\/#primaryimage\"},\"image\":{\"@id\":\"https:\\\/\\\/deportenis.com.co\\\/webn\\\/product\\\/asics-gel-dedicate-8-clay\\\/#primaryimage\"},\"thumbnailUrl\":\"https:\\\/\\\/deportenis.com.co\\\/webn\\\/wp-content\\\/uploads\\\/2024\\\/09\\\/GEL-RESOLUTION-9-1-3.jpg\",\"datePublished\":\"2024-09-10T02:27:30+00:00\",\"dateModified\":\"2026-02-10T21:59:39+00:00\",\"description\":\"Compra los Asics Gel-Dedicate 8 Clay para cancha de polvo. M\u00e1xima estabilidad, agarre y comodidad para mejorar tu juego. Env\u00edos en Colombia.\",\"breadcrumb\":{\"@id\":\"https:\\\/\\\/deportenis.com.co\\\/webn\\\/product\\\/asics-gel-dedicate-8-clay\\\/#breadcrumb\"},\"inLanguage\":\"es\",\"potentialAction\":[{\"@type\":\"ReadAction\",\"target\":[\"https:\\\/\\\/deportenis.com.co\\\/webn\\\/product\\\/asics-gel-dedicate-8-clay\\\/\"]}]},{\"@type\":\"ImageObject\",\"inLanguage\":\"es\",\"@id\":\"https:\\\/\\\/deportenis.com.co\\\/webn\\\/product\\\/asics-gel-dedicate-8-clay\\\/#primaryimage\",\"url\":\"https:\\\/\\\/deportenis.com.co\\\/webn\\\/wp-content\\\/uploads\\\/2024\\\/09\\\/GEL-RESOLUTION-9-1-3.jpg\",\"contentUrl\":\"https:\\\/\\\/deportenis.com.co\\\/webn\\\/wp-content\\\/uploads\\\/2024\\\/09\\\/GEL-RESOLUTION-9-1-3.jpg\",\"width\":1000,\"height\":1000},{\"@type\":\"BreadcrumbList\",\"@id\":\"https:\\\/\\\/deportenis.com.co\\\/webn\\\/product\\\/asics-gel-dedicate-8-clay\\\/#breadcrumb\",\"itemListElement\":[{\"@type\":\"ListItem\",\"position\":1,\"name\":\"Portada\",\"item\":\"https:\\\/\\\/deportenis.com.co\\\/webn\\\/\"},{\"@type\":\"ListItem\",\"position\":2,\"name\":\"Tienda\",\"item\":\"https:\\\/\\\/deportenis.com.co\\\/webn\\\/tienda\\\/\"},{\"@type\":\"ListItem\",\"position\":3,\"name\":\"Asics Gel-Dedicate 8 Clay\"}]},{\"@type\":\"WebSite\",\"@id\":\"https:\\\/\\\/deportenis.com.co\\\/webn\\\/#website\",\"url\":\"https:\\\/\\\/deportenis.com.co\\\/webn\\\/\",\"name\":\"www.deportenis.com.co\",\"description\":\"Tienda Deportiva\",\"publisher\":{\"@id\":\"https:\\\/\\\/deportenis.com.co\\\/webn\\\/#organization\"},\"potentialAction\":[{\"@type\":\"SearchAction\",\"target\":{\"@type\":\"EntryPoint\",\"urlTemplate\":\"https:\\\/\\\/deportenis.com.co\\\/webn\\\/?s={search_term_string}\"},\"query-input\":{\"@type\":\"PropertyValueSpecification\",\"valueRequired\":true,\"valueName\":\"search_term_string\"}}],\"inLanguage\":\"es\"},{\"@type\":\"Organization\",\"@id\":\"https:\\\/\\\/deportenis.com.co\\\/webn\\\/#organization\",\"name\":\"Deportenis\",\"url\":\"https:\\\/\\\/deportenis.com.co\\\/webn\\\/\",\"logo\":{\"@type\":\"ImageObject\",\"inLanguage\":\"es\",\"@id\":\"https:\\\/\\\/deportenis.com.co\\\/webn\\\/#\\\/schema\\\/logo\\\/image\\\/\",\"url\":\"https:\\\/\\\/deportenis.com.co\\\/webn\\\/wp-content\\\/uploads\\\/2024\\\/07\\\/logo.png\",\"contentUrl\":\"https:\\\/\\\/deportenis.com.co\\\/webn\\\/wp-content\\\/uploads\\\/2024\\\/07\\\/logo.png\",\"width\":238,\"height\":200,\"caption\":\"Deportenis\"},\"image\":{\"@id\":\"https:\\\/\\\/deportenis.com.co\\\/webn\\\/#\\\/schema\\\/logo\\\/image\\\/\"},\"sameAs\":[\"https:\\\/\\\/es-la.facebook.com\\\/Deportenis-100144375089820\\\/videos\\\/servicio-de-encordado-y-mantenimiento-de-tus-raquetaspregunta-por-los-colores-y-\\\/286780695898417\\\/\",\"https:\\\/\\\/www.instagram.com\\\/invites\\\/contact\\\/?igsh=1u3n44d031yux&utm_content=67nx4x8\"]}]}<\/script>\n<!-- \/ Yoast SEO plugin. -->","yoast_head_json":{"title":"Asics Gel-Dedicate 8 Clay - Deportenis","description":"Compra los Asics Gel-Dedicate 8 Clay para cancha de polvo. M\u00e1xima estabilidad, agarre y comodidad para mejorar tu juego. Env\u00edos en Colombia.","robots":{"index":"index","follow":"follow","max-snippet":"max-snippet:-1","max-image-preview":"max-image-preview:large","max-video-preview":"max-video-preview:-1"},"canonical":"https:\/\/deportenis.com.co\/webn\/product\/asics-gel-dedicate-8-clay\/","og_locale":"es_ES","og_type":"article","og_title":"Asics Gel-Dedicate 8 Clay - Deportenis","og_description":"Compra los Asics Gel-Dedicate 8 Clay para cancha de polvo. M\u00e1xima estabilidad, agarre y comodidad para mejorar tu juego. Env\u00edos en Colombia.","og_url":"https:\/\/deportenis.com.co\/webn\/product\/asics-gel-dedicate-8-clay\/","og_site_name":"Deportenis","article_publisher":"https:\/\/es-la.facebook.com\/Deportenis-100144375089820\/videos\/servicio-de-encordado-y-mantenimiento-de-tus-raquetaspregunta-por-los-colores-y-\/286780695898417\/","article_modified_time":"2026-02-10T21:59:39+00:00","og_image":[{"width":1000,"height":1000,"url":"https:\/\/deportenis.com.co\/webn\/wp-content\/uploads\/2024\/09\/GEL-RESOLUTION-9-1-3.jpg","type":"image\/jpeg"}],"twitter_card":"summary_large_image","twitter_misc":{"Tiempo de lectura":"1 minuto"},"schema":{"@context":"https:\/\/schema.org","@graph":[{"@type":"WebPage","@id":"https:\/\/deportenis.com.co\/webn\/product\/asics-gel-dedicate-8-clay\/","url":"https:\/\/deportenis.com.co\/webn\/product\/asics-gel-dedicate-8-clay\/","name":"Asics Gel-Dedicate 8 Clay - Deportenis","isPartOf":{"@id":"https:\/\/deportenis.com.co\/webn\/#website"},"primaryImageOfPage":{"@id":"https:\/\/deportenis.com.co\/webn\/product\/asics-gel-dedicate-8-clay\/#primaryimage"},"image":{"@id":"https:\/\/deportenis.com.co\/webn\/product\/asics-gel-dedicate-8-clay\/#primaryimage"},"thumbnailUrl":"https:\/\/deportenis.com.co\/webn\/wp-content\/uploads\/2024\/09\/GEL-RESOLUTION-9-1-3.jpg","datePublished":"2024-09-10T02:27:30+00:00","dateModified":"2026-02-10T21:59:39+00:00","description":"Compra los Asics Gel-Dedicate 8 Clay para cancha de polvo. M\u00e1xima estabilidad, agarre y comodidad para mejorar tu juego. Env\u00edos en Colombia.","breadcrumb":{"@id":"https:\/\/deportenis.com.co\/webn\/product\/asics-gel-dedicate-8-clay\/#breadcrumb"},"inLanguage":"es","potentialAction":[{"@type":"ReadAction","target":["https:\/\/deportenis.com.co\/webn\/product\/asics-gel-dedicate-8-clay\/"]}]},{"@type":"ImageObject","inLanguage":"es","@id":"https:\/\/deportenis.com.co\/webn\/product\/asics-gel-dedicate-8-clay\/#primaryimage","url":"https:\/\/deportenis.com.co\/webn\/wp-content\/uploads\/2024\/09\/GEL-RESOLUTION-9-1-3.jpg","contentUrl":"https:\/\/deportenis.com.co\/webn\/wp-content\/uploads\/2024\/09\/GEL-RESOLUTION-9-1-3.jpg","width":1000,"height":1000},{"@type":"BreadcrumbList","@id":"https:\/\/deportenis.com.co\/webn\/product\/asics-gel-dedicate-8-clay\/#breadcrumb","itemListElement":[{"@type":"ListItem","position":1,"name":"Portada","item":"https:\/\/deportenis.com.co\/webn\/"},{"@type":"ListItem","position":2,"name":"Tienda","item":"https:\/\/deportenis.com.co\/webn\/tienda\/"},{"@type":"ListItem","position":3,"name":"Asics Gel-Dedicate 8 Clay"}]},{"@type":"WebSite","@id":"https:\/\/deportenis.com.co\/webn\/#website","url":"https:\/\/deportenis.com.co\/webn\/","name":"www.deportenis.com.co","description":"Tienda Deportiva","publisher":{"@id":"https:\/\/deportenis.com.co\/webn\/#organization"},"potentialAction":[{"@type":"SearchAction","target":{"@type":"EntryPoint","urlTemplate":"https:\/\/deportenis.com.co\/webn\/?s={search_term_string}"},"query-input":{"@type":"PropertyValueSpecification","valueRequired":true,"valueName":"search_term_string"}}],"inLanguage":"es"},{"@type":"Organization","@id":"https:\/\/deportenis.com.co\/webn\/#organization","name":"Deportenis","url":"https:\/\/deportenis.com.co\/webn\/","logo":{"@type":"ImageObject","inLanguage":"es","@id":"https:\/\/deportenis.com.co\/webn\/#\/schema\/logo\/image\/","url":"https:\/\/deportenis.com.co\/webn\/wp-content\/uploads\/2024\/07\/logo.png","contentUrl":"https:\/\/deportenis.com.co\/webn\/wp-content\/uploads\/2024\/07\/logo.png","width":238,"height":200,"caption":"Deportenis"},"image":{"@id":"https:\/\/deportenis.com.co\/webn\/#\/schema\/logo\/image\/"},"sameAs":["https:\/\/es-la.facebook.com\/Deportenis-100144375089820\/videos\/servicio-de-encordado-y-mantenimiento-de-tus-raquetaspregunta-por-los-colores-y-\/286780695898417\/","https:\/\/www.instagram.com\/invites\/contact\/?igsh=1u3n44d031yux&utm_content=67nx4x8"]}]}},"_links":{"self":[{"href":"https:\/\/deportenis.com.co\/webn\/wp-json\/wp\/v2\/product\/7440","targetHints":{"allow":["GET"]}}],"collection":[{"href":"https:\/\/deportenis.com.co\/webn\/wp-json\/wp\/v2\/product"}],"about":[{"href":"https:\/\/deportenis.com.co\/webn\/wp-json\/wp\/v2\/types\/product"}],"replies":[{"embeddable":true,"href":"https:\/\/deportenis.com.co\/webn\/wp-json\/wp\/v2\/comments?post=7440"}],"version-history":[{"count":0,"href":"https:\/\/deportenis.com.co\/webn\/wp-json\/wp\/v2\/product\/7440\/revisions"}],"wp:featuredmedia":[{"embeddable":true,"href":"https:\/\/deportenis.com.co\/webn\/wp-json\/wp\/v2\/media\/7447"}],"wp:attachment":[{"href":"https:\/\/deportenis.com.co\/webn\/wp-json\/wp\/v2\/media?parent=7440"}],"wp:term":[{"taxonomy":"product_brand","embeddable":true,"href":"https:\/\/deportenis.com.co\/webn\/wp-json\/wp\/v2\/product_brand?post=7440"},{"taxonomy":"product_cat","embeddable":true,"href":"https:\/\/deportenis.com.co\/webn\/wp-json\/wp\/v2\/product_cat?post=7440"},{"taxonomy":"product_tag","embeddable":true,"href":"https:\/\/deportenis.com.co\/webn\/wp-json\/wp\/v2\/product_tag?post=7440"}],"curies":[{"name":"wp","href":"https:\/\/api.w.org\/{rel}","templated":true}]}}