{"id":7397,"date":"2024-09-10T00:55:43","date_gmt":"2024-09-10T00:55:43","guid":{"rendered":"https:\/\/deportenis.com.co\/webn\/?post_type=product&#038;p=7397"},"modified":"2026-02-10T22:05:24","modified_gmt":"2026-02-10T22:05:24","slug":"tenis-asics-solution-speed-ff-3-clay","status":"publish","type":"product","link":"https:\/\/deportenis.com.co\/webn\/product\/tenis-asics-solution-speed-ff-3-clay\/","title":{"rendered":"Asics Solution Speed FF 3 Clay"},"content":{"rendered":"<p><a href=\"https:\/\/deportenis.com.co\/webn\/wp-content\/uploads\/2024\/09\/LOGO-ASICS.jpg\"><img loading=\"lazy\" decoding=\"async\" class=\"alignnone wp-image-7039\" src=\"https:\/\/deportenis.com.co\/webn\/wp-content\/uploads\/2024\/09\/LOGO-ASICS.jpg\" alt=\"\" width=\"254\" height=\"89\" \/><\/a><\/p>\n<p>Los <strong>Asics Solution Speed FF 3 Clay<\/strong> son unas zapatillas de alto rendimiento, dise\u00f1adas espec\u00edficamente para los jugadores que buscan velocidad y agilidad en pistas de tierra batida. Su construcci\u00f3n ligera, con la tecnolog\u00eda <strong>FlyteFoam&#x2122;<\/strong> y <strong>Twistruss&#x2122;<\/strong>, proporciona una excelente amortiguaci\u00f3n y retorno de energ\u00eda en cada paso, permitiendo movimientos r\u00e1pidos y explosivos.<\/p>\n<p>La suela est\u00e1 dise\u00f1ada con un patr\u00f3n espec\u00edfico para superficies de arcilla, ofreciendo un agarre superior y estabilidad en los deslizamientos. El upper incorpora malla flexible y resistente, ofreciendo transpirabilidad y ajuste din\u00e1mico, mientras que la tecnolog\u00eda <strong>DYNAWRAP&#x2122;<\/strong> asegura un soporte extra en el mediopi\u00e9, proporcionando m\u00e1s control durante los cambios de direcci\u00f3n.<\/p>\n<p>Adem\u00e1s, el sistema <strong>GEL&#x2122;<\/strong> en la parte trasera y delantera del pie ofrece una absorci\u00f3n \u00f3ptima de impactos, ideal para reducir el estr\u00e9s en las articulaciones durante los saltos y movimientos bruscos.<\/p>\n<p>Estas zapatillas combinan confort, ligereza y tracci\u00f3n para proporcionar una ventaja competitiva en cada partido sobre arcilla.<\/p>\n","protected":false},"excerpt":{"rendered":"<p>Los Asics Solution Speed FF 3 Clay son unas zapatillas de alto rendimiento, dise\u00f1adas espec\u00edficamente para los jugadores que buscan velocidad y agilidad en pistas de tierra batida. Su construcci\u00f3n ligera, con la tecnolog\u00eda FlyteFoam&#x2122; y Twistruss&#x2122;, proporciona una excelente amortiguaci\u00f3n y retorno de energ\u00eda en cada paso, permitiendo movimientos r\u00e1pidos y explosivos. La suela &hellip; <a href=\"https:\/\/deportenis.com.co\/webn\/product\/tenis-asics-solution-speed-ff-3-clay\/\" class=\"more-link\">Continue reading <span class=\"screen-reader-text\">Asics Solution Speed FF 3 Clay<\/span><\/a><\/p>\n","protected":false},"featured_media":7404,"comment_status":"open","ping_status":"closed","template":"","meta":[],"product_brand":[],"product_cat":[175],"product_tag":[419,425,420,416],"class_list":{"0":"post-7397","1":"product","2":"type-product","3":"status-publish","4":"has-post-thumbnail","6":"product_cat-tenis-hombre","7":"product_tag-419","8":"product_tag-10-5","9":"product_tag-420","10":"product_tag-7-5","11":"pa_talla-145","12":"pa_talla-10-5","13":"pa_talla-147","14":"pa_talla-7-5","15":"pa_talla-142","16":"pa_talla-143","19":"instock","20":"taxable","21":"shipping-taxable","22":"purchasable","23":"product-type-variable"},"yoast_head":"<!-- This site is optimized with the Yoast SEO plugin v27.5 - https:\/\/yoast.com\/product\/yoast-seo-wordpress\/ -->\n<title>Asics Solution Speed FF 3 Clay - Deportenis<\/title>\n<meta name=\"description\" content=\"Los Asics Solution Speed FF 3 Clay son unas zapatillas de alto rendimiento, dise\u00f1adas espec\u00edficamente para los jugadores que buscan velocidad y agilidad en pistas de tierra batida.\" \/>\n<meta name=\"robots\" content=\"index, follow, max-snippet:-1, max-image-preview:large, max-video-preview:-1\" \/>\n<link rel=\"canonical\" href=\"https:\/\/deportenis.com.co\/webn\/product\/tenis-asics-solution-speed-ff-3-clay\/\" \/>\n<meta property=\"og:locale\" content=\"es_ES\" \/>\n<meta property=\"og:type\" content=\"article\" \/>\n<meta property=\"og:title\" content=\"Asics Solution Speed FF 3 Clay - Deportenis\" \/>\n<meta property=\"og:description\" content=\"Los Asics Solution Speed FF 3 Clay son unas zapatillas de alto rendimiento, dise\u00f1adas espec\u00edficamente para los jugadores que buscan velocidad y agilidad en pistas de tierra batida.\" \/>\n<meta property=\"og:url\" content=\"https:\/\/deportenis.com.co\/webn\/product\/tenis-asics-solution-speed-ff-3-clay\/\" \/>\n<meta property=\"og:site_name\" content=\"Deportenis\" \/>\n<meta property=\"article:publisher\" content=\"https:\/\/es-la.facebook.com\/Deportenis-100144375089820\/videos\/servicio-de-encordado-y-mantenimiento-de-tus-raquetaspregunta-por-los-colores-y-\/286780695898417\/\" \/>\n<meta property=\"article:modified_time\" content=\"2026-02-10T22:05:24+00:00\" \/>\n<meta property=\"og:image\" content=\"https:\/\/deportenis.com.co\/webn\/wp-content\/uploads\/2024\/09\/SLUTION-SPEED.jpg\" \/>\n\t<meta property=\"og:image:width\" content=\"1000\" \/>\n\t<meta property=\"og:image:height\" content=\"1000\" \/>\n\t<meta property=\"og:image:type\" content=\"image\/jpeg\" \/>\n<meta name=\"twitter:card\" content=\"summary_large_image\" \/>\n<meta name=\"twitter:label1\" content=\"Tiempo de lectura\" \/>\n\t<meta name=\"twitter:data1\" content=\"2 minutos\" \/>\n<script type=\"application\/ld+json\" class=\"yoast-schema-graph\">{\"@context\":\"https:\\\/\\\/schema.org\",\"@graph\":[{\"@type\":\"WebPage\",\"@id\":\"https:\\\/\\\/deportenis.com.co\\\/webn\\\/product\\\/tenis-asics-solution-speed-ff-3-clay\\\/\",\"url\":\"https:\\\/\\\/deportenis.com.co\\\/webn\\\/product\\\/tenis-asics-solution-speed-ff-3-clay\\\/\",\"name\":\"Asics Solution Speed FF 3 Clay - Deportenis\",\"isPartOf\":{\"@id\":\"https:\\\/\\\/deportenis.com.co\\\/webn\\\/#website\"},\"primaryImageOfPage\":{\"@id\":\"https:\\\/\\\/deportenis.com.co\\\/webn\\\/product\\\/tenis-asics-solution-speed-ff-3-clay\\\/#primaryimage\"},\"image\":{\"@id\":\"https:\\\/\\\/deportenis.com.co\\\/webn\\\/product\\\/tenis-asics-solution-speed-ff-3-clay\\\/#primaryimage\"},\"thumbnailUrl\":\"https:\\\/\\\/deportenis.com.co\\\/webn\\\/wp-content\\\/uploads\\\/2024\\\/09\\\/SLUTION-SPEED.jpg\",\"datePublished\":\"2024-09-10T00:55:43+00:00\",\"dateModified\":\"2026-02-10T22:05:24+00:00\",\"description\":\"Los Asics Solution Speed FF 3 Clay son unas zapatillas de alto rendimiento, dise\u00f1adas espec\u00edficamente para los jugadores que buscan velocidad y agilidad en pistas de tierra batida.\",\"breadcrumb\":{\"@id\":\"https:\\\/\\\/deportenis.com.co\\\/webn\\\/product\\\/tenis-asics-solution-speed-ff-3-clay\\\/#breadcrumb\"},\"inLanguage\":\"es\",\"potentialAction\":[{\"@type\":\"ReadAction\",\"target\":[\"https:\\\/\\\/deportenis.com.co\\\/webn\\\/product\\\/tenis-asics-solution-speed-ff-3-clay\\\/\"]}]},{\"@type\":\"ImageObject\",\"inLanguage\":\"es\",\"@id\":\"https:\\\/\\\/deportenis.com.co\\\/webn\\\/product\\\/tenis-asics-solution-speed-ff-3-clay\\\/#primaryimage\",\"url\":\"https:\\\/\\\/deportenis.com.co\\\/webn\\\/wp-content\\\/uploads\\\/2024\\\/09\\\/SLUTION-SPEED.jpg\",\"contentUrl\":\"https:\\\/\\\/deportenis.com.co\\\/webn\\\/wp-content\\\/uploads\\\/2024\\\/09\\\/SLUTION-SPEED.jpg\",\"width\":1000,\"height\":1000},{\"@type\":\"BreadcrumbList\",\"@id\":\"https:\\\/\\\/deportenis.com.co\\\/webn\\\/product\\\/tenis-asics-solution-speed-ff-3-clay\\\/#breadcrumb\",\"itemListElement\":[{\"@type\":\"ListItem\",\"position\":1,\"name\":\"Portada\",\"item\":\"https:\\\/\\\/deportenis.com.co\\\/webn\\\/\"},{\"@type\":\"ListItem\",\"position\":2,\"name\":\"Tienda\",\"item\":\"https:\\\/\\\/deportenis.com.co\\\/webn\\\/tienda\\\/\"},{\"@type\":\"ListItem\",\"position\":3,\"name\":\"Asics Solution Speed FF 3 Clay\"}]},{\"@type\":\"WebSite\",\"@id\":\"https:\\\/\\\/deportenis.com.co\\\/webn\\\/#website\",\"url\":\"https:\\\/\\\/deportenis.com.co\\\/webn\\\/\",\"name\":\"www.deportenis.com.co\",\"description\":\"Tienda Deportiva\",\"publisher\":{\"@id\":\"https:\\\/\\\/deportenis.com.co\\\/webn\\\/#organization\"},\"potentialAction\":[{\"@type\":\"SearchAction\",\"target\":{\"@type\":\"EntryPoint\",\"urlTemplate\":\"https:\\\/\\\/deportenis.com.co\\\/webn\\\/?s={search_term_string}\"},\"query-input\":{\"@type\":\"PropertyValueSpecification\",\"valueRequired\":true,\"valueName\":\"search_term_string\"}}],\"inLanguage\":\"es\"},{\"@type\":\"Organization\",\"@id\":\"https:\\\/\\\/deportenis.com.co\\\/webn\\\/#organization\",\"name\":\"Deportenis\",\"url\":\"https:\\\/\\\/deportenis.com.co\\\/webn\\\/\",\"logo\":{\"@type\":\"ImageObject\",\"inLanguage\":\"es\",\"@id\":\"https:\\\/\\\/deportenis.com.co\\\/webn\\\/#\\\/schema\\\/logo\\\/image\\\/\",\"url\":\"https:\\\/\\\/deportenis.com.co\\\/webn\\\/wp-content\\\/uploads\\\/2024\\\/07\\\/logo.png\",\"contentUrl\":\"https:\\\/\\\/deportenis.com.co\\\/webn\\\/wp-content\\\/uploads\\\/2024\\\/07\\\/logo.png\",\"width\":238,\"height\":200,\"caption\":\"Deportenis\"},\"image\":{\"@id\":\"https:\\\/\\\/deportenis.com.co\\\/webn\\\/#\\\/schema\\\/logo\\\/image\\\/\"},\"sameAs\":[\"https:\\\/\\\/es-la.facebook.com\\\/Deportenis-100144375089820\\\/videos\\\/servicio-de-encordado-y-mantenimiento-de-tus-raquetaspregunta-por-los-colores-y-\\\/286780695898417\\\/\",\"https:\\\/\\\/www.instagram.com\\\/invites\\\/contact\\\/?igsh=1u3n44d031yux&utm_content=67nx4x8\"]}]}<\/script>\n<!-- \/ Yoast SEO plugin. -->","yoast_head_json":{"title":"Asics Solution Speed FF 3 Clay - Deportenis","description":"Los Asics Solution Speed FF 3 Clay son unas zapatillas de alto rendimiento, dise\u00f1adas espec\u00edficamente para los jugadores que buscan velocidad y agilidad en pistas de tierra batida.","robots":{"index":"index","follow":"follow","max-snippet":"max-snippet:-1","max-image-preview":"max-image-preview:large","max-video-preview":"max-video-preview:-1"},"canonical":"https:\/\/deportenis.com.co\/webn\/product\/tenis-asics-solution-speed-ff-3-clay\/","og_locale":"es_ES","og_type":"article","og_title":"Asics Solution Speed FF 3 Clay - Deportenis","og_description":"Los Asics Solution Speed FF 3 Clay son unas zapatillas de alto rendimiento, dise\u00f1adas espec\u00edficamente para los jugadores que buscan velocidad y agilidad en pistas de tierra batida.","og_url":"https:\/\/deportenis.com.co\/webn\/product\/tenis-asics-solution-speed-ff-3-clay\/","og_site_name":"Deportenis","article_publisher":"https:\/\/es-la.facebook.com\/Deportenis-100144375089820\/videos\/servicio-de-encordado-y-mantenimiento-de-tus-raquetaspregunta-por-los-colores-y-\/286780695898417\/","article_modified_time":"2026-02-10T22:05:24+00:00","og_image":[{"width":1000,"height":1000,"url":"https:\/\/deportenis.com.co\/webn\/wp-content\/uploads\/2024\/09\/SLUTION-SPEED.jpg","type":"image\/jpeg"}],"twitter_card":"summary_large_image","twitter_misc":{"Tiempo de lectura":"2 minutos"},"schema":{"@context":"https:\/\/schema.org","@graph":[{"@type":"WebPage","@id":"https:\/\/deportenis.com.co\/webn\/product\/tenis-asics-solution-speed-ff-3-clay\/","url":"https:\/\/deportenis.com.co\/webn\/product\/tenis-asics-solution-speed-ff-3-clay\/","name":"Asics Solution Speed FF 3 Clay - Deportenis","isPartOf":{"@id":"https:\/\/deportenis.com.co\/webn\/#website"},"primaryImageOfPage":{"@id":"https:\/\/deportenis.com.co\/webn\/product\/tenis-asics-solution-speed-ff-3-clay\/#primaryimage"},"image":{"@id":"https:\/\/deportenis.com.co\/webn\/product\/tenis-asics-solution-speed-ff-3-clay\/#primaryimage"},"thumbnailUrl":"https:\/\/deportenis.com.co\/webn\/wp-content\/uploads\/2024\/09\/SLUTION-SPEED.jpg","datePublished":"2024-09-10T00:55:43+00:00","dateModified":"2026-02-10T22:05:24+00:00","description":"Los Asics Solution Speed FF 3 Clay son unas zapatillas de alto rendimiento, dise\u00f1adas espec\u00edficamente para los jugadores que buscan velocidad y agilidad en pistas de tierra batida.","breadcrumb":{"@id":"https:\/\/deportenis.com.co\/webn\/product\/tenis-asics-solution-speed-ff-3-clay\/#breadcrumb"},"inLanguage":"es","potentialAction":[{"@type":"ReadAction","target":["https:\/\/deportenis.com.co\/webn\/product\/tenis-asics-solution-speed-ff-3-clay\/"]}]},{"@type":"ImageObject","inLanguage":"es","@id":"https:\/\/deportenis.com.co\/webn\/product\/tenis-asics-solution-speed-ff-3-clay\/#primaryimage","url":"https:\/\/deportenis.com.co\/webn\/wp-content\/uploads\/2024\/09\/SLUTION-SPEED.jpg","contentUrl":"https:\/\/deportenis.com.co\/webn\/wp-content\/uploads\/2024\/09\/SLUTION-SPEED.jpg","width":1000,"height":1000},{"@type":"BreadcrumbList","@id":"https:\/\/deportenis.com.co\/webn\/product\/tenis-asics-solution-speed-ff-3-clay\/#breadcrumb","itemListElement":[{"@type":"ListItem","position":1,"name":"Portada","item":"https:\/\/deportenis.com.co\/webn\/"},{"@type":"ListItem","position":2,"name":"Tienda","item":"https:\/\/deportenis.com.co\/webn\/tienda\/"},{"@type":"ListItem","position":3,"name":"Asics Solution Speed FF 3 Clay"}]},{"@type":"WebSite","@id":"https:\/\/deportenis.com.co\/webn\/#website","url":"https:\/\/deportenis.com.co\/webn\/","name":"www.deportenis.com.co","description":"Tienda Deportiva","publisher":{"@id":"https:\/\/deportenis.com.co\/webn\/#organization"},"potentialAction":[{"@type":"SearchAction","target":{"@type":"EntryPoint","urlTemplate":"https:\/\/deportenis.com.co\/webn\/?s={search_term_string}"},"query-input":{"@type":"PropertyValueSpecification","valueRequired":true,"valueName":"search_term_string"}}],"inLanguage":"es"},{"@type":"Organization","@id":"https:\/\/deportenis.com.co\/webn\/#organization","name":"Deportenis","url":"https:\/\/deportenis.com.co\/webn\/","logo":{"@type":"ImageObject","inLanguage":"es","@id":"https:\/\/deportenis.com.co\/webn\/#\/schema\/logo\/image\/","url":"https:\/\/deportenis.com.co\/webn\/wp-content\/uploads\/2024\/07\/logo.png","contentUrl":"https:\/\/deportenis.com.co\/webn\/wp-content\/uploads\/2024\/07\/logo.png","width":238,"height":200,"caption":"Deportenis"},"image":{"@id":"https:\/\/deportenis.com.co\/webn\/#\/schema\/logo\/image\/"},"sameAs":["https:\/\/es-la.facebook.com\/Deportenis-100144375089820\/videos\/servicio-de-encordado-y-mantenimiento-de-tus-raquetaspregunta-por-los-colores-y-\/286780695898417\/","https:\/\/www.instagram.com\/invites\/contact\/?igsh=1u3n44d031yux&utm_content=67nx4x8"]}]}},"_links":{"self":[{"href":"https:\/\/deportenis.com.co\/webn\/wp-json\/wp\/v2\/product\/7397","targetHints":{"allow":["GET"]}}],"collection":[{"href":"https:\/\/deportenis.com.co\/webn\/wp-json\/wp\/v2\/product"}],"about":[{"href":"https:\/\/deportenis.com.co\/webn\/wp-json\/wp\/v2\/types\/product"}],"replies":[{"embeddable":true,"href":"https:\/\/deportenis.com.co\/webn\/wp-json\/wp\/v2\/comments?post=7397"}],"version-history":[{"count":0,"href":"https:\/\/deportenis.com.co\/webn\/wp-json\/wp\/v2\/product\/7397\/revisions"}],"wp:featuredmedia":[{"embeddable":true,"href":"https:\/\/deportenis.com.co\/webn\/wp-json\/wp\/v2\/media\/7404"}],"wp:attachment":[{"href":"https:\/\/deportenis.com.co\/webn\/wp-json\/wp\/v2\/media?parent=7397"}],"wp:term":[{"taxonomy":"product_brand","embeddable":true,"href":"https:\/\/deportenis.com.co\/webn\/wp-json\/wp\/v2\/product_brand?post=7397"},{"taxonomy":"product_cat","embeddable":true,"href":"https:\/\/deportenis.com.co\/webn\/wp-json\/wp\/v2\/product_cat?post=7397"},{"taxonomy":"product_tag","embeddable":true,"href":"https:\/\/deportenis.com.co\/webn\/wp-json\/wp\/v2\/product_tag?post=7397"}],"curies":[{"name":"wp","href":"https:\/\/api.w.org\/{rel}","templated":true}]}}