{"id":7131,"date":"2024-09-08T01:20:11","date_gmt":"2024-09-08T01:20:11","guid":{"rendered":"https:\/\/deportenis.com.co\/webn\/?post_type=product&#038;p=7131"},"modified":"2026-03-14T23:42:21","modified_gmt":"2026-03-14T23:42:21","slug":"pelotas-de-tenis-wilson-championship-extra-duty-x3","status":"publish","type":"product","link":"https:\/\/deportenis.com.co\/webn\/product\/pelotas-de-tenis-wilson-championship-extra-duty-x3\/","title":{"rendered":"Wilson Championship Extra Duty x3"},"content":{"rendered":"<p><a href=\"https:\/\/deportenis.com.co\/webn\/wp-content\/uploads\/2024\/09\/WILSON-1.jpg\"><img loading=\"lazy\" decoding=\"async\" class=\"alignnone wp-image-7132\" src=\"https:\/\/deportenis.com.co\/webn\/wp-content\/uploads\/2024\/09\/WILSON-1.jpg\" alt=\"\" width=\"265\" height=\"65\" \/><\/a><\/p>\n<p data-start=\"291\" data-end=\"673\">Las <strong data-start=\"295\" data-end=\"380\">pelotas de tenis <span class=\"hover:entity-accent entity-underline inline cursor-pointer align-baseline\"><span class=\"whitespace-normal\">Wilson<\/span><\/span> Championship Extra Duty x3<\/strong> son una excelente opci\u00f3n para jugadores recreativos y de nivel intermedio que buscan <strong data-start=\"466\" data-end=\"522\">durabilidad, buen rebote y consistencia en la cancha<\/strong>. Est\u00e1n dise\u00f1adas para ofrecer un rendimiento confiable en superficies duras, siendo ideales para entrenamientos, partidos casuales y pr\u00e1ctica regular.<\/p>\n<p data-start=\"675\" data-end=\"976\">Gracias a su <strong data-start=\"688\" data-end=\"730\">fieltro Extra Duty de alta resistencia<\/strong>, estas pelotas soportan mejor el desgaste causado por canchas duras, manteniendo su rendimiento por m\u00e1s tiempo. Su n\u00facleo presurizado proporciona un <strong data-start=\"880\" data-end=\"912\">rebote uniforme y controlado<\/strong>, lo que permite disfrutar de un juego m\u00e1s c\u00f3modo y consistente.<\/p>\n","protected":false},"excerpt":{"rendered":"<p>Las pelotas de tenis Wilson Championship Extra Duty x3 son una excelente opci\u00f3n para jugadores recreativos y de nivel intermedio que buscan durabilidad, buen rebote y consistencia en la cancha. Est\u00e1n dise\u00f1adas para ofrecer un rendimiento confiable en superficies duras, siendo ideales para entrenamientos, partidos casuales y pr\u00e1ctica regular. Gracias a su fieltro Extra Duty &hellip; <a href=\"https:\/\/deportenis.com.co\/webn\/product\/pelotas-de-tenis-wilson-championship-extra-duty-x3\/\" class=\"more-link\">Continue reading <span class=\"screen-reader-text\">Wilson Championship Extra Duty x3<\/span><\/a><\/p>\n","protected":false},"featured_media":7134,"comment_status":"open","ping_status":"closed","template":"","meta":[],"product_brand":[],"product_cat":[226],"product_tag":[217],"class_list":{"0":"post-7131","1":"product","2":"type-product","3":"status-publish","4":"has-post-thumbnail","6":"product_cat-wilson-pelotas","7":"product_tag-wilson","10":"instock","11":"taxable","12":"shipping-taxable","13":"purchasable","14":"product-type-simple"},"yoast_head":"<!-- This site is optimized with the Yoast SEO plugin v27.5 - https:\/\/yoast.com\/product\/yoast-seo-wordpress\/ -->\n<title>Wilson Championship Extra Duty x3 - Deportenis<\/title>\n<meta name=\"description\" content=\"Las pelotas de tenis Wilson Championship Extra Duty x3 son una excelente opci\u00f3n para jugadores recreativos y de nivel intermedio que buscan durabilidad, buen rebote y consistencia en la cancha. Est\u00e1n dise\u00f1adas para ofrecer un rendimiento confiable en superficies duras, siendo ideales para entrenamientos, partidos casuales y pr\u00e1ctica regular.\" \/>\n<meta name=\"robots\" content=\"index, follow, max-snippet:-1, max-image-preview:large, max-video-preview:-1\" \/>\n<link rel=\"canonical\" href=\"https:\/\/deportenis.com.co\/webn\/product\/pelotas-de-tenis-wilson-championship-extra-duty-x3\/\" \/>\n<meta property=\"og:locale\" content=\"es_ES\" \/>\n<meta property=\"og:type\" content=\"article\" \/>\n<meta property=\"og:title\" content=\"Wilson Championship Extra Duty x3 - Deportenis\" \/>\n<meta property=\"og:description\" content=\"Las pelotas de tenis Wilson Championship Extra Duty x3 son una excelente opci\u00f3n para jugadores recreativos y de nivel intermedio que buscan durabilidad, buen rebote y consistencia en la cancha. Est\u00e1n dise\u00f1adas para ofrecer un rendimiento confiable en superficies duras, siendo ideales para entrenamientos, partidos casuales y pr\u00e1ctica regular.\" \/>\n<meta property=\"og:url\" content=\"https:\/\/deportenis.com.co\/webn\/product\/pelotas-de-tenis-wilson-championship-extra-duty-x3\/\" \/>\n<meta property=\"og:site_name\" content=\"Deportenis\" \/>\n<meta property=\"article:publisher\" content=\"https:\/\/es-la.facebook.com\/Deportenis-100144375089820\/videos\/servicio-de-encordado-y-mantenimiento-de-tus-raquetaspregunta-por-los-colores-y-\/286780695898417\/\" \/>\n<meta property=\"article:modified_time\" content=\"2026-03-14T23:42:21+00:00\" \/>\n<meta property=\"og:image\" content=\"https:\/\/deportenis.com.co\/webn\/wp-content\/uploads\/2024\/09\/TAPA-ROJA.jpg\" \/>\n\t<meta property=\"og:image:width\" content=\"1000\" \/>\n\t<meta property=\"og:image:height\" content=\"1000\" \/>\n\t<meta property=\"og:image:type\" content=\"image\/jpeg\" \/>\n<meta name=\"twitter:card\" content=\"summary_large_image\" \/>\n<meta name=\"twitter:label1\" content=\"Tiempo de lectura\" \/>\n\t<meta name=\"twitter:data1\" content=\"1 minuto\" \/>\n<script type=\"application\/ld+json\" class=\"yoast-schema-graph\">{\"@context\":\"https:\\\/\\\/schema.org\",\"@graph\":[{\"@type\":\"WebPage\",\"@id\":\"https:\\\/\\\/deportenis.com.co\\\/webn\\\/product\\\/pelotas-de-tenis-wilson-championship-extra-duty-x3\\\/\",\"url\":\"https:\\\/\\\/deportenis.com.co\\\/webn\\\/product\\\/pelotas-de-tenis-wilson-championship-extra-duty-x3\\\/\",\"name\":\"Wilson Championship Extra Duty x3 - Deportenis\",\"isPartOf\":{\"@id\":\"https:\\\/\\\/deportenis.com.co\\\/webn\\\/#website\"},\"primaryImageOfPage\":{\"@id\":\"https:\\\/\\\/deportenis.com.co\\\/webn\\\/product\\\/pelotas-de-tenis-wilson-championship-extra-duty-x3\\\/#primaryimage\"},\"image\":{\"@id\":\"https:\\\/\\\/deportenis.com.co\\\/webn\\\/product\\\/pelotas-de-tenis-wilson-championship-extra-duty-x3\\\/#primaryimage\"},\"thumbnailUrl\":\"https:\\\/\\\/deportenis.com.co\\\/webn\\\/wp-content\\\/uploads\\\/2024\\\/09\\\/TAPA-ROJA.jpg\",\"datePublished\":\"2024-09-08T01:20:11+00:00\",\"dateModified\":\"2026-03-14T23:42:21+00:00\",\"description\":\"Las pelotas de tenis Wilson Championship Extra Duty x3 son una excelente opci\u00f3n para jugadores recreativos y de nivel intermedio que buscan durabilidad, buen rebote y consistencia en la cancha. Est\u00e1n dise\u00f1adas para ofrecer un rendimiento confiable en superficies duras, siendo ideales para entrenamientos, partidos casuales y pr\u00e1ctica regular.\",\"breadcrumb\":{\"@id\":\"https:\\\/\\\/deportenis.com.co\\\/webn\\\/product\\\/pelotas-de-tenis-wilson-championship-extra-duty-x3\\\/#breadcrumb\"},\"inLanguage\":\"es\",\"potentialAction\":[{\"@type\":\"ReadAction\",\"target\":[\"https:\\\/\\\/deportenis.com.co\\\/webn\\\/product\\\/pelotas-de-tenis-wilson-championship-extra-duty-x3\\\/\"]}]},{\"@type\":\"ImageObject\",\"inLanguage\":\"es\",\"@id\":\"https:\\\/\\\/deportenis.com.co\\\/webn\\\/product\\\/pelotas-de-tenis-wilson-championship-extra-duty-x3\\\/#primaryimage\",\"url\":\"https:\\\/\\\/deportenis.com.co\\\/webn\\\/wp-content\\\/uploads\\\/2024\\\/09\\\/TAPA-ROJA.jpg\",\"contentUrl\":\"https:\\\/\\\/deportenis.com.co\\\/webn\\\/wp-content\\\/uploads\\\/2024\\\/09\\\/TAPA-ROJA.jpg\",\"width\":1000,\"height\":1000},{\"@type\":\"BreadcrumbList\",\"@id\":\"https:\\\/\\\/deportenis.com.co\\\/webn\\\/product\\\/pelotas-de-tenis-wilson-championship-extra-duty-x3\\\/#breadcrumb\",\"itemListElement\":[{\"@type\":\"ListItem\",\"position\":1,\"name\":\"Portada\",\"item\":\"https:\\\/\\\/deportenis.com.co\\\/webn\\\/\"},{\"@type\":\"ListItem\",\"position\":2,\"name\":\"Tienda\",\"item\":\"https:\\\/\\\/deportenis.com.co\\\/webn\\\/tienda\\\/\"},{\"@type\":\"ListItem\",\"position\":3,\"name\":\"Wilson Championship Extra Duty x3\"}]},{\"@type\":\"WebSite\",\"@id\":\"https:\\\/\\\/deportenis.com.co\\\/webn\\\/#website\",\"url\":\"https:\\\/\\\/deportenis.com.co\\\/webn\\\/\",\"name\":\"www.deportenis.com.co\",\"description\":\"Tienda Deportiva\",\"publisher\":{\"@id\":\"https:\\\/\\\/deportenis.com.co\\\/webn\\\/#organization\"},\"potentialAction\":[{\"@type\":\"SearchAction\",\"target\":{\"@type\":\"EntryPoint\",\"urlTemplate\":\"https:\\\/\\\/deportenis.com.co\\\/webn\\\/?s={search_term_string}\"},\"query-input\":{\"@type\":\"PropertyValueSpecification\",\"valueRequired\":true,\"valueName\":\"search_term_string\"}}],\"inLanguage\":\"es\"},{\"@type\":\"Organization\",\"@id\":\"https:\\\/\\\/deportenis.com.co\\\/webn\\\/#organization\",\"name\":\"Deportenis\",\"url\":\"https:\\\/\\\/deportenis.com.co\\\/webn\\\/\",\"logo\":{\"@type\":\"ImageObject\",\"inLanguage\":\"es\",\"@id\":\"https:\\\/\\\/deportenis.com.co\\\/webn\\\/#\\\/schema\\\/logo\\\/image\\\/\",\"url\":\"https:\\\/\\\/deportenis.com.co\\\/webn\\\/wp-content\\\/uploads\\\/2024\\\/07\\\/logo.png\",\"contentUrl\":\"https:\\\/\\\/deportenis.com.co\\\/webn\\\/wp-content\\\/uploads\\\/2024\\\/07\\\/logo.png\",\"width\":238,\"height\":200,\"caption\":\"Deportenis\"},\"image\":{\"@id\":\"https:\\\/\\\/deportenis.com.co\\\/webn\\\/#\\\/schema\\\/logo\\\/image\\\/\"},\"sameAs\":[\"https:\\\/\\\/es-la.facebook.com\\\/Deportenis-100144375089820\\\/videos\\\/servicio-de-encordado-y-mantenimiento-de-tus-raquetaspregunta-por-los-colores-y-\\\/286780695898417\\\/\",\"https:\\\/\\\/www.instagram.com\\\/invites\\\/contact\\\/?igsh=1u3n44d031yux&utm_content=67nx4x8\"]}]}<\/script>\n<!-- \/ Yoast SEO plugin. -->","yoast_head_json":{"title":"Wilson Championship Extra Duty x3 - Deportenis","description":"Las pelotas de tenis Wilson Championship Extra Duty x3 son una excelente opci\u00f3n para jugadores recreativos y de nivel intermedio que buscan durabilidad, buen rebote y consistencia en la cancha. Est\u00e1n dise\u00f1adas para ofrecer un rendimiento confiable en superficies duras, siendo ideales para entrenamientos, partidos casuales y pr\u00e1ctica regular.","robots":{"index":"index","follow":"follow","max-snippet":"max-snippet:-1","max-image-preview":"max-image-preview:large","max-video-preview":"max-video-preview:-1"},"canonical":"https:\/\/deportenis.com.co\/webn\/product\/pelotas-de-tenis-wilson-championship-extra-duty-x3\/","og_locale":"es_ES","og_type":"article","og_title":"Wilson Championship Extra Duty x3 - Deportenis","og_description":"Las pelotas de tenis Wilson Championship Extra Duty x3 son una excelente opci\u00f3n para jugadores recreativos y de nivel intermedio que buscan durabilidad, buen rebote y consistencia en la cancha. Est\u00e1n dise\u00f1adas para ofrecer un rendimiento confiable en superficies duras, siendo ideales para entrenamientos, partidos casuales y pr\u00e1ctica regular.","og_url":"https:\/\/deportenis.com.co\/webn\/product\/pelotas-de-tenis-wilson-championship-extra-duty-x3\/","og_site_name":"Deportenis","article_publisher":"https:\/\/es-la.facebook.com\/Deportenis-100144375089820\/videos\/servicio-de-encordado-y-mantenimiento-de-tus-raquetaspregunta-por-los-colores-y-\/286780695898417\/","article_modified_time":"2026-03-14T23:42:21+00:00","og_image":[{"width":1000,"height":1000,"url":"https:\/\/deportenis.com.co\/webn\/wp-content\/uploads\/2024\/09\/TAPA-ROJA.jpg","type":"image\/jpeg"}],"twitter_card":"summary_large_image","twitter_misc":{"Tiempo de lectura":"1 minuto"},"schema":{"@context":"https:\/\/schema.org","@graph":[{"@type":"WebPage","@id":"https:\/\/deportenis.com.co\/webn\/product\/pelotas-de-tenis-wilson-championship-extra-duty-x3\/","url":"https:\/\/deportenis.com.co\/webn\/product\/pelotas-de-tenis-wilson-championship-extra-duty-x3\/","name":"Wilson Championship Extra Duty x3 - Deportenis","isPartOf":{"@id":"https:\/\/deportenis.com.co\/webn\/#website"},"primaryImageOfPage":{"@id":"https:\/\/deportenis.com.co\/webn\/product\/pelotas-de-tenis-wilson-championship-extra-duty-x3\/#primaryimage"},"image":{"@id":"https:\/\/deportenis.com.co\/webn\/product\/pelotas-de-tenis-wilson-championship-extra-duty-x3\/#primaryimage"},"thumbnailUrl":"https:\/\/deportenis.com.co\/webn\/wp-content\/uploads\/2024\/09\/TAPA-ROJA.jpg","datePublished":"2024-09-08T01:20:11+00:00","dateModified":"2026-03-14T23:42:21+00:00","description":"Las pelotas de tenis Wilson Championship Extra Duty x3 son una excelente opci\u00f3n para jugadores recreativos y de nivel intermedio que buscan durabilidad, buen rebote y consistencia en la cancha. Est\u00e1n dise\u00f1adas para ofrecer un rendimiento confiable en superficies duras, siendo ideales para entrenamientos, partidos casuales y pr\u00e1ctica regular.","breadcrumb":{"@id":"https:\/\/deportenis.com.co\/webn\/product\/pelotas-de-tenis-wilson-championship-extra-duty-x3\/#breadcrumb"},"inLanguage":"es","potentialAction":[{"@type":"ReadAction","target":["https:\/\/deportenis.com.co\/webn\/product\/pelotas-de-tenis-wilson-championship-extra-duty-x3\/"]}]},{"@type":"ImageObject","inLanguage":"es","@id":"https:\/\/deportenis.com.co\/webn\/product\/pelotas-de-tenis-wilson-championship-extra-duty-x3\/#primaryimage","url":"https:\/\/deportenis.com.co\/webn\/wp-content\/uploads\/2024\/09\/TAPA-ROJA.jpg","contentUrl":"https:\/\/deportenis.com.co\/webn\/wp-content\/uploads\/2024\/09\/TAPA-ROJA.jpg","width":1000,"height":1000},{"@type":"BreadcrumbList","@id":"https:\/\/deportenis.com.co\/webn\/product\/pelotas-de-tenis-wilson-championship-extra-duty-x3\/#breadcrumb","itemListElement":[{"@type":"ListItem","position":1,"name":"Portada","item":"https:\/\/deportenis.com.co\/webn\/"},{"@type":"ListItem","position":2,"name":"Tienda","item":"https:\/\/deportenis.com.co\/webn\/tienda\/"},{"@type":"ListItem","position":3,"name":"Wilson Championship Extra Duty x3"}]},{"@type":"WebSite","@id":"https:\/\/deportenis.com.co\/webn\/#website","url":"https:\/\/deportenis.com.co\/webn\/","name":"www.deportenis.com.co","description":"Tienda Deportiva","publisher":{"@id":"https:\/\/deportenis.com.co\/webn\/#organization"},"potentialAction":[{"@type":"SearchAction","target":{"@type":"EntryPoint","urlTemplate":"https:\/\/deportenis.com.co\/webn\/?s={search_term_string}"},"query-input":{"@type":"PropertyValueSpecification","valueRequired":true,"valueName":"search_term_string"}}],"inLanguage":"es"},{"@type":"Organization","@id":"https:\/\/deportenis.com.co\/webn\/#organization","name":"Deportenis","url":"https:\/\/deportenis.com.co\/webn\/","logo":{"@type":"ImageObject","inLanguage":"es","@id":"https:\/\/deportenis.com.co\/webn\/#\/schema\/logo\/image\/","url":"https:\/\/deportenis.com.co\/webn\/wp-content\/uploads\/2024\/07\/logo.png","contentUrl":"https:\/\/deportenis.com.co\/webn\/wp-content\/uploads\/2024\/07\/logo.png","width":238,"height":200,"caption":"Deportenis"},"image":{"@id":"https:\/\/deportenis.com.co\/webn\/#\/schema\/logo\/image\/"},"sameAs":["https:\/\/es-la.facebook.com\/Deportenis-100144375089820\/videos\/servicio-de-encordado-y-mantenimiento-de-tus-raquetaspregunta-por-los-colores-y-\/286780695898417\/","https:\/\/www.instagram.com\/invites\/contact\/?igsh=1u3n44d031yux&utm_content=67nx4x8"]}]}},"_links":{"self":[{"href":"https:\/\/deportenis.com.co\/webn\/wp-json\/wp\/v2\/product\/7131","targetHints":{"allow":["GET"]}}],"collection":[{"href":"https:\/\/deportenis.com.co\/webn\/wp-json\/wp\/v2\/product"}],"about":[{"href":"https:\/\/deportenis.com.co\/webn\/wp-json\/wp\/v2\/types\/product"}],"replies":[{"embeddable":true,"href":"https:\/\/deportenis.com.co\/webn\/wp-json\/wp\/v2\/comments?post=7131"}],"version-history":[{"count":2,"href":"https:\/\/deportenis.com.co\/webn\/wp-json\/wp\/v2\/product\/7131\/revisions"}],"predecessor-version":[{"id":11619,"href":"https:\/\/deportenis.com.co\/webn\/wp-json\/wp\/v2\/product\/7131\/revisions\/11619"}],"wp:featuredmedia":[{"embeddable":true,"href":"https:\/\/deportenis.com.co\/webn\/wp-json\/wp\/v2\/media\/7134"}],"wp:attachment":[{"href":"https:\/\/deportenis.com.co\/webn\/wp-json\/wp\/v2\/media?parent=7131"}],"wp:term":[{"taxonomy":"product_brand","embeddable":true,"href":"https:\/\/deportenis.com.co\/webn\/wp-json\/wp\/v2\/product_brand?post=7131"},{"taxonomy":"product_cat","embeddable":true,"href":"https:\/\/deportenis.com.co\/webn\/wp-json\/wp\/v2\/product_cat?post=7131"},{"taxonomy":"product_tag","embeddable":true,"href":"https:\/\/deportenis.com.co\/webn\/wp-json\/wp\/v2\/product_tag?post=7131"}],"curies":[{"name":"wp","href":"https:\/\/api.w.org\/{rel}","templated":true}]}}