{"id":7002,"date":"2024-09-03T23:25:07","date_gmt":"2024-09-03T23:25:07","guid":{"rendered":"https:\/\/deportenis.com.co\/webn\/?post_type=product&#038;p=7002"},"modified":"2026-01-16T19:37:34","modified_gmt":"2026-01-16T19:37:34","slug":"raqueta-de-tenis-babolat-pure-drive-30th-anniversary-300g","status":"publish","type":"product","link":"https:\/\/deportenis.com.co\/webn\/product\/raqueta-de-tenis-babolat-pure-drive-30th-anniversary-300g\/","title":{"rendered":"Raqueta de Tenis Babolat Pure Drive 30th Anniversary (300g)"},"content":{"rendered":"<p><a href=\"https:\/\/deportenis.com.co\/webn\/wp-content\/uploads\/2024\/09\/Babolat-1.jpg\"><img loading=\"lazy\" decoding=\"async\" class=\"alignnone size-full wp-image-6987\" src=\"https:\/\/deportenis.com.co\/webn\/wp-content\/uploads\/2024\/09\/Babolat-1.jpg\" alt=\"\" width=\"350\" height=\"64\" \/><\/a><\/p>\n<p>Hoy, la Pure Drive celebra su 30 aniversario. 30 a\u00f1os de \u00e9xitos, 30 a\u00f1os de potencia, 30 a\u00f1os de azul. Para celebrar esta raqueta de tenis emblem\u00e1tica, Babolat ha revisitado uno de los elementos clave de la Pure Drive. Desde hace 30 a\u00f1os, el color azul es sin\u00f3nimo de potencia, polivalencia y modernidad.<\/p>\n<p>Hemos condensado todos los azules desde la primera edici\u00f3n en 1994, utilizando un innovador proceso de pintura para crear un dise\u00f1o aleatorio de tonos azules.<\/p>\n<p>La Pure Drive 30 Aniversario est\u00e1 dise\u00f1ada para jugadores que buscan una raqueta de tenis potente, vers\u00e1til y maniobrable. Esta raqueta de tenis polivalente te proporcionar\u00e1 una sensaci\u00f3n \u00fanica en cada golpe, en cada golpe ganador y en cada victoria, tal y como ha hecho durante 30 a\u00f1os.<\/p>\n<p><strong>Caracter\u00edsticas:<\/strong><\/p>\n<p>Tama\u00f1o de la cabeza 645 cm\u00b2<br \/>\nPeso (sin cordaje) 300 g +\/- 7g<br \/>\nPeso din\u00e1mico 290<br \/>\nRigidez (RA) 72 +\/- 3<br \/>\nComposici\u00f3n Grafito<br \/>\nTensi\u00f3n recomendada 50-59 lb<br \/>\nCon \/ sin cordaje Sin encordar<br \/>\nLargo 685 cm<br \/>\nEquilibrio (sin cordaje) 320 mm +\/- 7mm<br \/>\nPatr\u00f3n de encordado 16\/19<br \/>\nAncho del marco 23-26-23<\/p>\n","protected":false},"excerpt":{"rendered":"<p>Hoy, la Pure Drive celebra su 30 aniversario. 30 a\u00f1os de \u00e9xitos, 30 a\u00f1os de potencia, 30 a\u00f1os de azul. Para celebrar esta raqueta de tenis emblem\u00e1tica, Babolat ha revisitado uno de los elementos clave de la Pure Drive. Desde hace 30 a\u00f1os, el color azul es sin\u00f3nimo de potencia, polivalencia y modernidad. Hemos condensado &hellip; <a href=\"https:\/\/deportenis.com.co\/webn\/product\/raqueta-de-tenis-babolat-pure-drive-30th-anniversary-300g\/\" class=\"more-link\">Continue reading <span class=\"screen-reader-text\">Raqueta de Tenis Babolat Pure Drive 30th Anniversary (300g)<\/span><\/a><\/p>\n","protected":false},"featured_media":7012,"comment_status":"open","ping_status":"closed","template":"","meta":[],"product_brand":[],"product_cat":[222],"product_tag":[357],"class_list":{"0":"post-7002","1":"product","2":"type-product","3":"status-publish","4":"has-post-thumbnail","6":"product_cat-babolat","7":"product_tag-300-g","10":"instock","11":"sale","12":"taxable","13":"shipping-taxable","14":"purchasable","15":"product-type-variable"},"yoast_head":"<!-- This site is optimized with the Yoast SEO plugin v27.5 - https:\/\/yoast.com\/product\/yoast-seo-wordpress\/ -->\n<title>Raqueta de Tenis Babolat Pure Drive 30th Anniversary (300g) - Deportenis<\/title>\n<meta name=\"description\" content=\"&quot;Descubre la Raqueta de Tenis Babolat Pure Drive 30th Anniversary (300g), con dise\u00f1o especial y potencia inigualable. Ideal para jugadores que buscan control y rendimiento en cada golpe.&quot;\" \/>\n<meta name=\"robots\" content=\"index, follow, max-snippet:-1, max-image-preview:large, max-video-preview:-1\" \/>\n<link rel=\"canonical\" href=\"https:\/\/deportenis.com.co\/webn\/product\/raqueta-de-tenis-babolat-pure-drive-30th-anniversary-300g\/\" \/>\n<meta property=\"og:locale\" content=\"es_ES\" \/>\n<meta property=\"og:type\" content=\"article\" \/>\n<meta property=\"og:title\" content=\"Raqueta de Tenis Babolat Pure Drive 30th Anniversary (300g) - Deportenis\" \/>\n<meta property=\"og:description\" content=\"&quot;Descubre la Raqueta de Tenis Babolat Pure Drive 30th Anniversary (300g), con dise\u00f1o especial y potencia inigualable. Ideal para jugadores que buscan control y rendimiento en cada golpe.&quot;\" \/>\n<meta property=\"og:url\" content=\"https:\/\/deportenis.com.co\/webn\/product\/raqueta-de-tenis-babolat-pure-drive-30th-anniversary-300g\/\" \/>\n<meta property=\"og:site_name\" content=\"Deportenis\" \/>\n<meta property=\"article:publisher\" content=\"https:\/\/es-la.facebook.com\/Deportenis-100144375089820\/videos\/servicio-de-encordado-y-mantenimiento-de-tus-raquetaspregunta-por-los-colores-y-\/286780695898417\/\" \/>\n<meta property=\"article:modified_time\" content=\"2026-01-16T19:37:34+00:00\" \/>\n<meta property=\"og:image\" content=\"https:\/\/deportenis.com.co\/webn\/wp-content\/uploads\/2024\/09\/PURE-DRIVE-30-th-1.png\" \/>\n\t<meta property=\"og:image:width\" content=\"1000\" \/>\n\t<meta property=\"og:image:height\" content=\"1000\" \/>\n\t<meta property=\"og:image:type\" content=\"image\/png\" \/>\n<meta name=\"twitter:card\" content=\"summary_large_image\" \/>\n<meta name=\"twitter:label1\" content=\"Tiempo de lectura\" \/>\n\t<meta name=\"twitter:data1\" content=\"2 minutos\" \/>\n<script type=\"application\/ld+json\" class=\"yoast-schema-graph\">{\"@context\":\"https:\\\/\\\/schema.org\",\"@graph\":[{\"@type\":\"WebPage\",\"@id\":\"https:\\\/\\\/deportenis.com.co\\\/webn\\\/product\\\/raqueta-de-tenis-babolat-pure-drive-30th-anniversary-300g\\\/\",\"url\":\"https:\\\/\\\/deportenis.com.co\\\/webn\\\/product\\\/raqueta-de-tenis-babolat-pure-drive-30th-anniversary-300g\\\/\",\"name\":\"Raqueta de Tenis Babolat Pure Drive 30th Anniversary (300g) - Deportenis\",\"isPartOf\":{\"@id\":\"https:\\\/\\\/deportenis.com.co\\\/webn\\\/#website\"},\"primaryImageOfPage\":{\"@id\":\"https:\\\/\\\/deportenis.com.co\\\/webn\\\/product\\\/raqueta-de-tenis-babolat-pure-drive-30th-anniversary-300g\\\/#primaryimage\"},\"image\":{\"@id\":\"https:\\\/\\\/deportenis.com.co\\\/webn\\\/product\\\/raqueta-de-tenis-babolat-pure-drive-30th-anniversary-300g\\\/#primaryimage\"},\"thumbnailUrl\":\"https:\\\/\\\/deportenis.com.co\\\/webn\\\/wp-content\\\/uploads\\\/2024\\\/09\\\/PURE-DRIVE-30-th-1.png\",\"datePublished\":\"2024-09-03T23:25:07+00:00\",\"dateModified\":\"2026-01-16T19:37:34+00:00\",\"description\":\"\\\"Descubre la Raqueta de Tenis Babolat Pure Drive 30th Anniversary (300g), con dise\u00f1o especial y potencia inigualable. Ideal para jugadores que buscan control y rendimiento en cada golpe.\\\"\",\"breadcrumb\":{\"@id\":\"https:\\\/\\\/deportenis.com.co\\\/webn\\\/product\\\/raqueta-de-tenis-babolat-pure-drive-30th-anniversary-300g\\\/#breadcrumb\"},\"inLanguage\":\"es\",\"potentialAction\":[{\"@type\":\"ReadAction\",\"target\":[\"https:\\\/\\\/deportenis.com.co\\\/webn\\\/product\\\/raqueta-de-tenis-babolat-pure-drive-30th-anniversary-300g\\\/\"]}]},{\"@type\":\"ImageObject\",\"inLanguage\":\"es\",\"@id\":\"https:\\\/\\\/deportenis.com.co\\\/webn\\\/product\\\/raqueta-de-tenis-babolat-pure-drive-30th-anniversary-300g\\\/#primaryimage\",\"url\":\"https:\\\/\\\/deportenis.com.co\\\/webn\\\/wp-content\\\/uploads\\\/2024\\\/09\\\/PURE-DRIVE-30-th-1.png\",\"contentUrl\":\"https:\\\/\\\/deportenis.com.co\\\/webn\\\/wp-content\\\/uploads\\\/2024\\\/09\\\/PURE-DRIVE-30-th-1.png\",\"width\":1000,\"height\":1000},{\"@type\":\"BreadcrumbList\",\"@id\":\"https:\\\/\\\/deportenis.com.co\\\/webn\\\/product\\\/raqueta-de-tenis-babolat-pure-drive-30th-anniversary-300g\\\/#breadcrumb\",\"itemListElement\":[{\"@type\":\"ListItem\",\"position\":1,\"name\":\"Portada\",\"item\":\"https:\\\/\\\/deportenis.com.co\\\/webn\\\/\"},{\"@type\":\"ListItem\",\"position\":2,\"name\":\"Tienda\",\"item\":\"https:\\\/\\\/deportenis.com.co\\\/webn\\\/tienda\\\/\"},{\"@type\":\"ListItem\",\"position\":3,\"name\":\"Raqueta de Tenis Babolat Pure Drive 30th Anniversary (300g)\"}]},{\"@type\":\"WebSite\",\"@id\":\"https:\\\/\\\/deportenis.com.co\\\/webn\\\/#website\",\"url\":\"https:\\\/\\\/deportenis.com.co\\\/webn\\\/\",\"name\":\"www.deportenis.com.co\",\"description\":\"Tienda Deportiva\",\"publisher\":{\"@id\":\"https:\\\/\\\/deportenis.com.co\\\/webn\\\/#organization\"},\"potentialAction\":[{\"@type\":\"SearchAction\",\"target\":{\"@type\":\"EntryPoint\",\"urlTemplate\":\"https:\\\/\\\/deportenis.com.co\\\/webn\\\/?s={search_term_string}\"},\"query-input\":{\"@type\":\"PropertyValueSpecification\",\"valueRequired\":true,\"valueName\":\"search_term_string\"}}],\"inLanguage\":\"es\"},{\"@type\":\"Organization\",\"@id\":\"https:\\\/\\\/deportenis.com.co\\\/webn\\\/#organization\",\"name\":\"Deportenis\",\"url\":\"https:\\\/\\\/deportenis.com.co\\\/webn\\\/\",\"logo\":{\"@type\":\"ImageObject\",\"inLanguage\":\"es\",\"@id\":\"https:\\\/\\\/deportenis.com.co\\\/webn\\\/#\\\/schema\\\/logo\\\/image\\\/\",\"url\":\"https:\\\/\\\/deportenis.com.co\\\/webn\\\/wp-content\\\/uploads\\\/2024\\\/07\\\/logo.png\",\"contentUrl\":\"https:\\\/\\\/deportenis.com.co\\\/webn\\\/wp-content\\\/uploads\\\/2024\\\/07\\\/logo.png\",\"width\":238,\"height\":200,\"caption\":\"Deportenis\"},\"image\":{\"@id\":\"https:\\\/\\\/deportenis.com.co\\\/webn\\\/#\\\/schema\\\/logo\\\/image\\\/\"},\"sameAs\":[\"https:\\\/\\\/es-la.facebook.com\\\/Deportenis-100144375089820\\\/videos\\\/servicio-de-encordado-y-mantenimiento-de-tus-raquetaspregunta-por-los-colores-y-\\\/286780695898417\\\/\",\"https:\\\/\\\/www.instagram.com\\\/invites\\\/contact\\\/?igsh=1u3n44d031yux&utm_content=67nx4x8\"]}]}<\/script>\n<!-- \/ Yoast SEO plugin. -->","yoast_head_json":{"title":"Raqueta de Tenis Babolat Pure Drive 30th Anniversary (300g) - Deportenis","description":"\"Descubre la Raqueta de Tenis Babolat Pure Drive 30th Anniversary (300g), con dise\u00f1o especial y potencia inigualable. Ideal para jugadores que buscan control y rendimiento en cada golpe.\"","robots":{"index":"index","follow":"follow","max-snippet":"max-snippet:-1","max-image-preview":"max-image-preview:large","max-video-preview":"max-video-preview:-1"},"canonical":"https:\/\/deportenis.com.co\/webn\/product\/raqueta-de-tenis-babolat-pure-drive-30th-anniversary-300g\/","og_locale":"es_ES","og_type":"article","og_title":"Raqueta de Tenis Babolat Pure Drive 30th Anniversary (300g) - Deportenis","og_description":"\"Descubre la Raqueta de Tenis Babolat Pure Drive 30th Anniversary (300g), con dise\u00f1o especial y potencia inigualable. Ideal para jugadores que buscan control y rendimiento en cada golpe.\"","og_url":"https:\/\/deportenis.com.co\/webn\/product\/raqueta-de-tenis-babolat-pure-drive-30th-anniversary-300g\/","og_site_name":"Deportenis","article_publisher":"https:\/\/es-la.facebook.com\/Deportenis-100144375089820\/videos\/servicio-de-encordado-y-mantenimiento-de-tus-raquetaspregunta-por-los-colores-y-\/286780695898417\/","article_modified_time":"2026-01-16T19:37:34+00:00","og_image":[{"width":1000,"height":1000,"url":"https:\/\/deportenis.com.co\/webn\/wp-content\/uploads\/2024\/09\/PURE-DRIVE-30-th-1.png","type":"image\/png"}],"twitter_card":"summary_large_image","twitter_misc":{"Tiempo de lectura":"2 minutos"},"schema":{"@context":"https:\/\/schema.org","@graph":[{"@type":"WebPage","@id":"https:\/\/deportenis.com.co\/webn\/product\/raqueta-de-tenis-babolat-pure-drive-30th-anniversary-300g\/","url":"https:\/\/deportenis.com.co\/webn\/product\/raqueta-de-tenis-babolat-pure-drive-30th-anniversary-300g\/","name":"Raqueta de Tenis Babolat Pure Drive 30th Anniversary (300g) - Deportenis","isPartOf":{"@id":"https:\/\/deportenis.com.co\/webn\/#website"},"primaryImageOfPage":{"@id":"https:\/\/deportenis.com.co\/webn\/product\/raqueta-de-tenis-babolat-pure-drive-30th-anniversary-300g\/#primaryimage"},"image":{"@id":"https:\/\/deportenis.com.co\/webn\/product\/raqueta-de-tenis-babolat-pure-drive-30th-anniversary-300g\/#primaryimage"},"thumbnailUrl":"https:\/\/deportenis.com.co\/webn\/wp-content\/uploads\/2024\/09\/PURE-DRIVE-30-th-1.png","datePublished":"2024-09-03T23:25:07+00:00","dateModified":"2026-01-16T19:37:34+00:00","description":"\"Descubre la Raqueta de Tenis Babolat Pure Drive 30th Anniversary (300g), con dise\u00f1o especial y potencia inigualable. Ideal para jugadores que buscan control y rendimiento en cada golpe.\"","breadcrumb":{"@id":"https:\/\/deportenis.com.co\/webn\/product\/raqueta-de-tenis-babolat-pure-drive-30th-anniversary-300g\/#breadcrumb"},"inLanguage":"es","potentialAction":[{"@type":"ReadAction","target":["https:\/\/deportenis.com.co\/webn\/product\/raqueta-de-tenis-babolat-pure-drive-30th-anniversary-300g\/"]}]},{"@type":"ImageObject","inLanguage":"es","@id":"https:\/\/deportenis.com.co\/webn\/product\/raqueta-de-tenis-babolat-pure-drive-30th-anniversary-300g\/#primaryimage","url":"https:\/\/deportenis.com.co\/webn\/wp-content\/uploads\/2024\/09\/PURE-DRIVE-30-th-1.png","contentUrl":"https:\/\/deportenis.com.co\/webn\/wp-content\/uploads\/2024\/09\/PURE-DRIVE-30-th-1.png","width":1000,"height":1000},{"@type":"BreadcrumbList","@id":"https:\/\/deportenis.com.co\/webn\/product\/raqueta-de-tenis-babolat-pure-drive-30th-anniversary-300g\/#breadcrumb","itemListElement":[{"@type":"ListItem","position":1,"name":"Portada","item":"https:\/\/deportenis.com.co\/webn\/"},{"@type":"ListItem","position":2,"name":"Tienda","item":"https:\/\/deportenis.com.co\/webn\/tienda\/"},{"@type":"ListItem","position":3,"name":"Raqueta de Tenis Babolat Pure Drive 30th Anniversary (300g)"}]},{"@type":"WebSite","@id":"https:\/\/deportenis.com.co\/webn\/#website","url":"https:\/\/deportenis.com.co\/webn\/","name":"www.deportenis.com.co","description":"Tienda Deportiva","publisher":{"@id":"https:\/\/deportenis.com.co\/webn\/#organization"},"potentialAction":[{"@type":"SearchAction","target":{"@type":"EntryPoint","urlTemplate":"https:\/\/deportenis.com.co\/webn\/?s={search_term_string}"},"query-input":{"@type":"PropertyValueSpecification","valueRequired":true,"valueName":"search_term_string"}}],"inLanguage":"es"},{"@type":"Organization","@id":"https:\/\/deportenis.com.co\/webn\/#organization","name":"Deportenis","url":"https:\/\/deportenis.com.co\/webn\/","logo":{"@type":"ImageObject","inLanguage":"es","@id":"https:\/\/deportenis.com.co\/webn\/#\/schema\/logo\/image\/","url":"https:\/\/deportenis.com.co\/webn\/wp-content\/uploads\/2024\/07\/logo.png","contentUrl":"https:\/\/deportenis.com.co\/webn\/wp-content\/uploads\/2024\/07\/logo.png","width":238,"height":200,"caption":"Deportenis"},"image":{"@id":"https:\/\/deportenis.com.co\/webn\/#\/schema\/logo\/image\/"},"sameAs":["https:\/\/es-la.facebook.com\/Deportenis-100144375089820\/videos\/servicio-de-encordado-y-mantenimiento-de-tus-raquetaspregunta-por-los-colores-y-\/286780695898417\/","https:\/\/www.instagram.com\/invites\/contact\/?igsh=1u3n44d031yux&utm_content=67nx4x8"]}]}},"_links":{"self":[{"href":"https:\/\/deportenis.com.co\/webn\/wp-json\/wp\/v2\/product\/7002","targetHints":{"allow":["GET"]}}],"collection":[{"href":"https:\/\/deportenis.com.co\/webn\/wp-json\/wp\/v2\/product"}],"about":[{"href":"https:\/\/deportenis.com.co\/webn\/wp-json\/wp\/v2\/types\/product"}],"replies":[{"embeddable":true,"href":"https:\/\/deportenis.com.co\/webn\/wp-json\/wp\/v2\/comments?post=7002"}],"version-history":[{"count":0,"href":"https:\/\/deportenis.com.co\/webn\/wp-json\/wp\/v2\/product\/7002\/revisions"}],"wp:featuredmedia":[{"embeddable":true,"href":"https:\/\/deportenis.com.co\/webn\/wp-json\/wp\/v2\/media\/7012"}],"wp:attachment":[{"href":"https:\/\/deportenis.com.co\/webn\/wp-json\/wp\/v2\/media?parent=7002"}],"wp:term":[{"taxonomy":"product_brand","embeddable":true,"href":"https:\/\/deportenis.com.co\/webn\/wp-json\/wp\/v2\/product_brand?post=7002"},{"taxonomy":"product_cat","embeddable":true,"href":"https:\/\/deportenis.com.co\/webn\/wp-json\/wp\/v2\/product_cat?post=7002"},{"taxonomy":"product_tag","embeddable":true,"href":"https:\/\/deportenis.com.co\/webn\/wp-json\/wp\/v2\/product_tag?post=7002"}],"curies":[{"name":"wp","href":"https:\/\/api.w.org\/{rel}","templated":true}]}}