{"id":6801,"date":"2024-08-26T00:06:22","date_gmt":"2024-08-26T00:06:22","guid":{"rendered":"https:\/\/deportenis.com.co\/webn\/?post_type=product&#038;p=6801"},"modified":"2025-05-30T23:50:16","modified_gmt":"2025-05-30T23:50:16","slug":"balon-voleibol-castaway","status":"publish","type":"product","link":"https:\/\/deportenis.com.co\/webn\/product\/balon-voleibol-castaway\/","title":{"rendered":"Bal\u00f3n de Voleibol Wilson AVP Castaway (No.5)"},"content":{"rendered":"<p><a href=\"https:\/\/deportenis.com.co\/webn\/wp-content\/uploads\/2024\/07\/wilson.jpg\"><img loading=\"lazy\" decoding=\"async\" class=\"alignnone size-full wp-image-6131\" src=\"https:\/\/deportenis.com.co\/webn\/wp-content\/uploads\/2024\/07\/wilson.jpg\" alt=\"\" width=\"250\" height=\"100\" \/><\/a><\/p>\n<p><span style=\"font-family: arial, helvetica, sans-serif; font-size: 12pt;\">El Bal\u00f3n Wilson Castway cuenta con un tama\u00f1o de Bal\u00f3n Oficial numero #5 indicado por la AVP y un peso del 260 &#8211; 280 gr, recomendado para interiores y exteriores. Excelente para ser usado en cancha playera.<\/span><\/p>\n<p><span style=\"font-family: arial, helvetica, sans-serif; font-size: 12pt;\">\u00a0<\/span><span style=\"font-family: arial, helvetica, sans-serif; font-size: 12pt;\">El ganador del Premio de la Cr\u00edtica al mejor objeto inanimado (2001) es tambi\u00e9n un favorito de los aficionados en la cancha.<\/span><\/p>\n<p><span style=\"font-family: arial, helvetica, sans-serif; font-size: 12pt;\">R\u00e9plica del bal\u00f3n real utilizada en la pel\u00edcula &#8220;El Naufrago&#8221;, tiene una cubierta de cuero sint\u00e9tico de primera calidad para un gran toque y sensaci\u00f3n.<\/span><\/p>\n<p><span style=\"font-family: arial, helvetica, sans-serif; font-size: 12pt;\">Es recomendado para edades de 12 a\u00f1os en adelante, el bal\u00f3n requiere de una presi\u00f3n de aire para inflar de 28 a 35 kg\/cm2. Colores Blanco y Rojo.<\/span><\/p>\n<p>&nbsp;<\/p>\n","protected":false},"excerpt":{"rendered":"<p>El Bal\u00f3n Wilson Castway cuenta con un tama\u00f1o de Bal\u00f3n Oficial numero #5 indicado por la AVP y un peso del 260 &#8211; 280 gr, recomendado para interiores y exteriores. Excelente para ser usado en cancha playera. \u00a0El ganador del Premio de la Cr\u00edtica al mejor objeto inanimado (2001) es tambi\u00e9n un favorito de los &hellip; <a href=\"https:\/\/deportenis.com.co\/webn\/product\/balon-voleibol-castaway\/\" class=\"more-link\">Continue reading <span class=\"screen-reader-text\">Bal\u00f3n de Voleibol Wilson AVP Castaway (No.5)<\/span><\/a><\/p>\n","protected":false},"featured_media":6802,"comment_status":"open","ping_status":"closed","template":"","meta":[],"product_brand":[],"product_cat":[401],"product_tag":[],"class_list":{"0":"post-6801","1":"product","2":"type-product","3":"status-publish","4":"has-post-thumbnail","6":"product_cat-voleibol","9":"instock","10":"taxable","11":"shipping-taxable","12":"purchasable","13":"product-type-simple"},"yoast_head":"<!-- This site is optimized with the Yoast SEO plugin v27.5 - https:\/\/yoast.com\/product\/yoast-seo-wordpress\/ -->\n<title>Bal\u00f3n de Voleibol Wilson AVP Castaway (No.5) - Deportenis<\/title>\n<meta name=\"description\" content=\"\u00daNICO El ganador del Premio de la Cr\u00edtica al mejor objeto inanimado (2001) es tambi\u00e9n un favorito de los aficionados en la cancha.WILSON r\u00e9plica del bal\u00f3n real utilizada en la pel\u00edcula &quot;El Naufrago&quot;, tiene una cubierta de cuero sint\u00e9tico de primera calidad para un gran toque y sensaci\u00f3n.EDADES es recomendado para edades de 12 a\u00f1os en adelante, el bal\u00f3n requiere de una presi\u00f3n de aire para inflar de 28 a 35 kg\/cm2. Colores Blanco y Rojo.\" \/>\n<meta name=\"robots\" content=\"index, follow, max-snippet:-1, max-image-preview:large, max-video-preview:-1\" \/>\n<link rel=\"canonical\" href=\"https:\/\/deportenis.com.co\/webn\/product\/balon-voleibol-castaway\/\" \/>\n<meta property=\"og:locale\" content=\"es_ES\" \/>\n<meta property=\"og:type\" content=\"article\" \/>\n<meta property=\"og:title\" content=\"Bal\u00f3n de Voleibol Wilson AVP Castaway (No.5) - Deportenis\" \/>\n<meta property=\"og:description\" content=\"\u00daNICO El ganador del Premio de la Cr\u00edtica al mejor objeto inanimado (2001) es tambi\u00e9n un favorito de los aficionados en la cancha.WILSON r\u00e9plica del bal\u00f3n real utilizada en la pel\u00edcula &quot;El Naufrago&quot;, tiene una cubierta de cuero sint\u00e9tico de primera calidad para un gran toque y sensaci\u00f3n.EDADES es recomendado para edades de 12 a\u00f1os en adelante, el bal\u00f3n requiere de una presi\u00f3n de aire para inflar de 28 a 35 kg\/cm2. Colores Blanco y Rojo.\" \/>\n<meta property=\"og:url\" content=\"https:\/\/deportenis.com.co\/webn\/product\/balon-voleibol-castaway\/\" \/>\n<meta property=\"og:site_name\" content=\"Deportenis\" \/>\n<meta property=\"article:publisher\" content=\"https:\/\/es-la.facebook.com\/Deportenis-100144375089820\/videos\/servicio-de-encordado-y-mantenimiento-de-tus-raquetaspregunta-por-los-colores-y-\/286780695898417\/\" \/>\n<meta property=\"article:modified_time\" content=\"2025-05-30T23:50:16+00:00\" \/>\n<meta property=\"og:image\" content=\"https:\/\/deportenis.com.co\/webn\/wp-content\/uploads\/2024\/08\/BALON-VB-MR-CASTAWAY.jpg\" \/>\n\t<meta property=\"og:image:width\" content=\"1000\" \/>\n\t<meta property=\"og:image:height\" content=\"1000\" \/>\n\t<meta property=\"og:image:type\" content=\"image\/jpeg\" \/>\n<meta name=\"twitter:card\" content=\"summary_large_image\" \/>\n<meta name=\"twitter:label1\" content=\"Tiempo de lectura\" \/>\n\t<meta name=\"twitter:data1\" content=\"1 minuto\" \/>\n<script type=\"application\/ld+json\" class=\"yoast-schema-graph\">{\"@context\":\"https:\\\/\\\/schema.org\",\"@graph\":[{\"@type\":\"WebPage\",\"@id\":\"https:\\\/\\\/deportenis.com.co\\\/webn\\\/product\\\/balon-voleibol-castaway\\\/\",\"url\":\"https:\\\/\\\/deportenis.com.co\\\/webn\\\/product\\\/balon-voleibol-castaway\\\/\",\"name\":\"Bal\u00f3n de Voleibol Wilson AVP Castaway (No.5) - Deportenis\",\"isPartOf\":{\"@id\":\"https:\\\/\\\/deportenis.com.co\\\/webn\\\/#website\"},\"primaryImageOfPage\":{\"@id\":\"https:\\\/\\\/deportenis.com.co\\\/webn\\\/product\\\/balon-voleibol-castaway\\\/#primaryimage\"},\"image\":{\"@id\":\"https:\\\/\\\/deportenis.com.co\\\/webn\\\/product\\\/balon-voleibol-castaway\\\/#primaryimage\"},\"thumbnailUrl\":\"https:\\\/\\\/deportenis.com.co\\\/webn\\\/wp-content\\\/uploads\\\/2024\\\/08\\\/BALON-VB-MR-CASTAWAY.jpg\",\"datePublished\":\"2024-08-26T00:06:22+00:00\",\"dateModified\":\"2025-05-30T23:50:16+00:00\",\"description\":\"\u00daNICO El ganador del Premio de la Cr\u00edtica al mejor objeto inanimado (2001) es tambi\u00e9n un favorito de los aficionados en la cancha.WILSON r\u00e9plica del bal\u00f3n real utilizada en la pel\u00edcula \\\"El Naufrago\\\", tiene una cubierta de cuero sint\u00e9tico de primera calidad para un gran toque y sensaci\u00f3n.EDADES es recomendado para edades de 12 a\u00f1os en adelante, el bal\u00f3n requiere de una presi\u00f3n de aire para inflar de 28 a 35 kg\\\/cm2. Colores Blanco y Rojo.\",\"breadcrumb\":{\"@id\":\"https:\\\/\\\/deportenis.com.co\\\/webn\\\/product\\\/balon-voleibol-castaway\\\/#breadcrumb\"},\"inLanguage\":\"es\",\"potentialAction\":[{\"@type\":\"ReadAction\",\"target\":[\"https:\\\/\\\/deportenis.com.co\\\/webn\\\/product\\\/balon-voleibol-castaway\\\/\"]}]},{\"@type\":\"ImageObject\",\"inLanguage\":\"es\",\"@id\":\"https:\\\/\\\/deportenis.com.co\\\/webn\\\/product\\\/balon-voleibol-castaway\\\/#primaryimage\",\"url\":\"https:\\\/\\\/deportenis.com.co\\\/webn\\\/wp-content\\\/uploads\\\/2024\\\/08\\\/BALON-VB-MR-CASTAWAY.jpg\",\"contentUrl\":\"https:\\\/\\\/deportenis.com.co\\\/webn\\\/wp-content\\\/uploads\\\/2024\\\/08\\\/BALON-VB-MR-CASTAWAY.jpg\",\"width\":1000,\"height\":1000},{\"@type\":\"BreadcrumbList\",\"@id\":\"https:\\\/\\\/deportenis.com.co\\\/webn\\\/product\\\/balon-voleibol-castaway\\\/#breadcrumb\",\"itemListElement\":[{\"@type\":\"ListItem\",\"position\":1,\"name\":\"Portada\",\"item\":\"https:\\\/\\\/deportenis.com.co\\\/webn\\\/\"},{\"@type\":\"ListItem\",\"position\":2,\"name\":\"Tienda\",\"item\":\"https:\\\/\\\/deportenis.com.co\\\/webn\\\/tienda\\\/\"},{\"@type\":\"ListItem\",\"position\":3,\"name\":\"Bal\u00f3n de Voleibol Wilson AVP Castaway (No.5)\"}]},{\"@type\":\"WebSite\",\"@id\":\"https:\\\/\\\/deportenis.com.co\\\/webn\\\/#website\",\"url\":\"https:\\\/\\\/deportenis.com.co\\\/webn\\\/\",\"name\":\"www.deportenis.com.co\",\"description\":\"Tienda Deportiva\",\"publisher\":{\"@id\":\"https:\\\/\\\/deportenis.com.co\\\/webn\\\/#organization\"},\"potentialAction\":[{\"@type\":\"SearchAction\",\"target\":{\"@type\":\"EntryPoint\",\"urlTemplate\":\"https:\\\/\\\/deportenis.com.co\\\/webn\\\/?s={search_term_string}\"},\"query-input\":{\"@type\":\"PropertyValueSpecification\",\"valueRequired\":true,\"valueName\":\"search_term_string\"}}],\"inLanguage\":\"es\"},{\"@type\":\"Organization\",\"@id\":\"https:\\\/\\\/deportenis.com.co\\\/webn\\\/#organization\",\"name\":\"Deportenis\",\"url\":\"https:\\\/\\\/deportenis.com.co\\\/webn\\\/\",\"logo\":{\"@type\":\"ImageObject\",\"inLanguage\":\"es\",\"@id\":\"https:\\\/\\\/deportenis.com.co\\\/webn\\\/#\\\/schema\\\/logo\\\/image\\\/\",\"url\":\"https:\\\/\\\/deportenis.com.co\\\/webn\\\/wp-content\\\/uploads\\\/2024\\\/07\\\/logo.png\",\"contentUrl\":\"https:\\\/\\\/deportenis.com.co\\\/webn\\\/wp-content\\\/uploads\\\/2024\\\/07\\\/logo.png\",\"width\":238,\"height\":200,\"caption\":\"Deportenis\"},\"image\":{\"@id\":\"https:\\\/\\\/deportenis.com.co\\\/webn\\\/#\\\/schema\\\/logo\\\/image\\\/\"},\"sameAs\":[\"https:\\\/\\\/es-la.facebook.com\\\/Deportenis-100144375089820\\\/videos\\\/servicio-de-encordado-y-mantenimiento-de-tus-raquetaspregunta-por-los-colores-y-\\\/286780695898417\\\/\",\"https:\\\/\\\/www.instagram.com\\\/invites\\\/contact\\\/?igsh=1u3n44d031yux&utm_content=67nx4x8\"]}]}<\/script>\n<!-- \/ Yoast SEO plugin. -->","yoast_head_json":{"title":"Bal\u00f3n de Voleibol Wilson AVP Castaway (No.5) - Deportenis","description":"\u00daNICO El ganador del Premio de la Cr\u00edtica al mejor objeto inanimado (2001) es tambi\u00e9n un favorito de los aficionados en la cancha.WILSON r\u00e9plica del bal\u00f3n real utilizada en la pel\u00edcula \"El Naufrago\", tiene una cubierta de cuero sint\u00e9tico de primera calidad para un gran toque y sensaci\u00f3n.EDADES es recomendado para edades de 12 a\u00f1os en adelante, el bal\u00f3n requiere de una presi\u00f3n de aire para inflar de 28 a 35 kg\/cm2. Colores Blanco y Rojo.","robots":{"index":"index","follow":"follow","max-snippet":"max-snippet:-1","max-image-preview":"max-image-preview:large","max-video-preview":"max-video-preview:-1"},"canonical":"https:\/\/deportenis.com.co\/webn\/product\/balon-voleibol-castaway\/","og_locale":"es_ES","og_type":"article","og_title":"Bal\u00f3n de Voleibol Wilson AVP Castaway (No.5) - Deportenis","og_description":"\u00daNICO El ganador del Premio de la Cr\u00edtica al mejor objeto inanimado (2001) es tambi\u00e9n un favorito de los aficionados en la cancha.WILSON r\u00e9plica del bal\u00f3n real utilizada en la pel\u00edcula \"El Naufrago\", tiene una cubierta de cuero sint\u00e9tico de primera calidad para un gran toque y sensaci\u00f3n.EDADES es recomendado para edades de 12 a\u00f1os en adelante, el bal\u00f3n requiere de una presi\u00f3n de aire para inflar de 28 a 35 kg\/cm2. Colores Blanco y Rojo.","og_url":"https:\/\/deportenis.com.co\/webn\/product\/balon-voleibol-castaway\/","og_site_name":"Deportenis","article_publisher":"https:\/\/es-la.facebook.com\/Deportenis-100144375089820\/videos\/servicio-de-encordado-y-mantenimiento-de-tus-raquetaspregunta-por-los-colores-y-\/286780695898417\/","article_modified_time":"2025-05-30T23:50:16+00:00","og_image":[{"width":1000,"height":1000,"url":"https:\/\/deportenis.com.co\/webn\/wp-content\/uploads\/2024\/08\/BALON-VB-MR-CASTAWAY.jpg","type":"image\/jpeg"}],"twitter_card":"summary_large_image","twitter_misc":{"Tiempo de lectura":"1 minuto"},"schema":{"@context":"https:\/\/schema.org","@graph":[{"@type":"WebPage","@id":"https:\/\/deportenis.com.co\/webn\/product\/balon-voleibol-castaway\/","url":"https:\/\/deportenis.com.co\/webn\/product\/balon-voleibol-castaway\/","name":"Bal\u00f3n de Voleibol Wilson AVP Castaway (No.5) - Deportenis","isPartOf":{"@id":"https:\/\/deportenis.com.co\/webn\/#website"},"primaryImageOfPage":{"@id":"https:\/\/deportenis.com.co\/webn\/product\/balon-voleibol-castaway\/#primaryimage"},"image":{"@id":"https:\/\/deportenis.com.co\/webn\/product\/balon-voleibol-castaway\/#primaryimage"},"thumbnailUrl":"https:\/\/deportenis.com.co\/webn\/wp-content\/uploads\/2024\/08\/BALON-VB-MR-CASTAWAY.jpg","datePublished":"2024-08-26T00:06:22+00:00","dateModified":"2025-05-30T23:50:16+00:00","description":"\u00daNICO El ganador del Premio de la Cr\u00edtica al mejor objeto inanimado (2001) es tambi\u00e9n un favorito de los aficionados en la cancha.WILSON r\u00e9plica del bal\u00f3n real utilizada en la pel\u00edcula \"El Naufrago\", tiene una cubierta de cuero sint\u00e9tico de primera calidad para un gran toque y sensaci\u00f3n.EDADES es recomendado para edades de 12 a\u00f1os en adelante, el bal\u00f3n requiere de una presi\u00f3n de aire para inflar de 28 a 35 kg\/cm2. Colores Blanco y Rojo.","breadcrumb":{"@id":"https:\/\/deportenis.com.co\/webn\/product\/balon-voleibol-castaway\/#breadcrumb"},"inLanguage":"es","potentialAction":[{"@type":"ReadAction","target":["https:\/\/deportenis.com.co\/webn\/product\/balon-voleibol-castaway\/"]}]},{"@type":"ImageObject","inLanguage":"es","@id":"https:\/\/deportenis.com.co\/webn\/product\/balon-voleibol-castaway\/#primaryimage","url":"https:\/\/deportenis.com.co\/webn\/wp-content\/uploads\/2024\/08\/BALON-VB-MR-CASTAWAY.jpg","contentUrl":"https:\/\/deportenis.com.co\/webn\/wp-content\/uploads\/2024\/08\/BALON-VB-MR-CASTAWAY.jpg","width":1000,"height":1000},{"@type":"BreadcrumbList","@id":"https:\/\/deportenis.com.co\/webn\/product\/balon-voleibol-castaway\/#breadcrumb","itemListElement":[{"@type":"ListItem","position":1,"name":"Portada","item":"https:\/\/deportenis.com.co\/webn\/"},{"@type":"ListItem","position":2,"name":"Tienda","item":"https:\/\/deportenis.com.co\/webn\/tienda\/"},{"@type":"ListItem","position":3,"name":"Bal\u00f3n de Voleibol Wilson AVP Castaway (No.5)"}]},{"@type":"WebSite","@id":"https:\/\/deportenis.com.co\/webn\/#website","url":"https:\/\/deportenis.com.co\/webn\/","name":"www.deportenis.com.co","description":"Tienda Deportiva","publisher":{"@id":"https:\/\/deportenis.com.co\/webn\/#organization"},"potentialAction":[{"@type":"SearchAction","target":{"@type":"EntryPoint","urlTemplate":"https:\/\/deportenis.com.co\/webn\/?s={search_term_string}"},"query-input":{"@type":"PropertyValueSpecification","valueRequired":true,"valueName":"search_term_string"}}],"inLanguage":"es"},{"@type":"Organization","@id":"https:\/\/deportenis.com.co\/webn\/#organization","name":"Deportenis","url":"https:\/\/deportenis.com.co\/webn\/","logo":{"@type":"ImageObject","inLanguage":"es","@id":"https:\/\/deportenis.com.co\/webn\/#\/schema\/logo\/image\/","url":"https:\/\/deportenis.com.co\/webn\/wp-content\/uploads\/2024\/07\/logo.png","contentUrl":"https:\/\/deportenis.com.co\/webn\/wp-content\/uploads\/2024\/07\/logo.png","width":238,"height":200,"caption":"Deportenis"},"image":{"@id":"https:\/\/deportenis.com.co\/webn\/#\/schema\/logo\/image\/"},"sameAs":["https:\/\/es-la.facebook.com\/Deportenis-100144375089820\/videos\/servicio-de-encordado-y-mantenimiento-de-tus-raquetaspregunta-por-los-colores-y-\/286780695898417\/","https:\/\/www.instagram.com\/invites\/contact\/?igsh=1u3n44d031yux&utm_content=67nx4x8"]}]}},"_links":{"self":[{"href":"https:\/\/deportenis.com.co\/webn\/wp-json\/wp\/v2\/product\/6801","targetHints":{"allow":["GET"]}}],"collection":[{"href":"https:\/\/deportenis.com.co\/webn\/wp-json\/wp\/v2\/product"}],"about":[{"href":"https:\/\/deportenis.com.co\/webn\/wp-json\/wp\/v2\/types\/product"}],"replies":[{"embeddable":true,"href":"https:\/\/deportenis.com.co\/webn\/wp-json\/wp\/v2\/comments?post=6801"}],"version-history":[{"count":0,"href":"https:\/\/deportenis.com.co\/webn\/wp-json\/wp\/v2\/product\/6801\/revisions"}],"wp:featuredmedia":[{"embeddable":true,"href":"https:\/\/deportenis.com.co\/webn\/wp-json\/wp\/v2\/media\/6802"}],"wp:attachment":[{"href":"https:\/\/deportenis.com.co\/webn\/wp-json\/wp\/v2\/media?parent=6801"}],"wp:term":[{"taxonomy":"product_brand","embeddable":true,"href":"https:\/\/deportenis.com.co\/webn\/wp-json\/wp\/v2\/product_brand?post=6801"},{"taxonomy":"product_cat","embeddable":true,"href":"https:\/\/deportenis.com.co\/webn\/wp-json\/wp\/v2\/product_cat?post=6801"},{"taxonomy":"product_tag","embeddable":true,"href":"https:\/\/deportenis.com.co\/webn\/wp-json\/wp\/v2\/product_tag?post=6801"}],"curies":[{"name":"wp","href":"https:\/\/api.w.org\/{rel}","templated":true}]}}