{"id":6716,"date":"2024-08-24T18:55:00","date_gmt":"2024-08-24T18:55:00","guid":{"rendered":"https:\/\/deportenis.com.co\/webn\/?post_type=product&#038;p=6716"},"modified":"2024-08-24T19:01:25","modified_gmt":"2024-08-24T19:01:25","slug":"bolso-tula-gymsack","status":"publish","type":"product","link":"https:\/\/deportenis.com.co\/webn\/product\/bolso-tula-gymsack\/","title":{"rendered":"Bolso Tula Gymsack"},"content":{"rendered":"<p><a href=\"https:\/\/deportenis.com.co\/webn\/wp-content\/uploads\/2024\/08\/k6.png\"><img loading=\"lazy\" decoding=\"async\" class=\"alignnone size-medium wp-image-6718\" src=\"https:\/\/deportenis.com.co\/webn\/wp-content\/uploads\/2024\/08\/k6.png\" alt=\"\" width=\"185\" height=\"134\" \/><\/a><\/p>\n<p>Material liviano y resistente al agua, es ideal para gimnasio o actividades deportivas.<br \/>\nPosee un amplio espacio para guardar calzado, ropa de gimnasio, shaker de prote\u00edna o vaso t\u00e9rmico, entre otros accesorios<br \/>\nHecho de tela con poliuretano, es impermeable evitando la filtraci\u00f3n de humedad, la formaci\u00f3n de microbios y la generaci\u00f3n de moho en su interior.<br \/>\nCuenta con un cord\u00f3n para ajustar a la altura deseada.<\/p>\n","protected":false},"excerpt":{"rendered":"<p>Bolso Tula Gymsack de Ejercicio K6 Endurance<\/p>\n","protected":false},"featured_media":6721,"comment_status":"open","ping_status":"closed","template":"","meta":[],"product_brand":[],"product_cat":[184],"product_tag":[201,202,203],"class_list":{"0":"post-6716","1":"product","2":"type-product","3":"status-publish","4":"has-post-thumbnail","6":"product_cat-morrales-para-gimnasio","7":"product_tag-gimnasio","8":"product_tag-maleta","9":"product_tag-sporty","12":"instock","13":"taxable","14":"shipping-taxable","15":"purchasable","16":"product-type-simple"},"yoast_head":"<!-- This site is optimized with the Yoast SEO plugin v27.5 - https:\/\/yoast.com\/product\/yoast-seo-wordpress\/ -->\n<title>Bolso Tula Gymsack - Deportenis<\/title>\n<meta name=\"robots\" content=\"index, follow, max-snippet:-1, max-image-preview:large, max-video-preview:-1\" \/>\n<link rel=\"canonical\" href=\"https:\/\/deportenis.com.co\/webn\/product\/bolso-tula-gymsack\/\" \/>\n<meta property=\"og:locale\" content=\"es_ES\" \/>\n<meta property=\"og:type\" content=\"article\" \/>\n<meta property=\"og:title\" content=\"Bolso Tula Gymsack - Deportenis\" \/>\n<meta property=\"og:description\" content=\"Bolso Tula Gymsack de Ejercicio K6 Endurance\" \/>\n<meta property=\"og:url\" content=\"https:\/\/deportenis.com.co\/webn\/product\/bolso-tula-gymsack\/\" \/>\n<meta property=\"og:site_name\" content=\"Deportenis\" \/>\n<meta property=\"article:publisher\" content=\"https:\/\/es-la.facebook.com\/Deportenis-100144375089820\/videos\/servicio-de-encordado-y-mantenimiento-de-tus-raquetaspregunta-por-los-colores-y-\/286780695898417\/\" \/>\n<meta property=\"article:modified_time\" content=\"2024-08-24T19:01:25+00:00\" \/>\n<meta property=\"og:image\" content=\"https:\/\/deportenis.com.co\/webn\/wp-content\/uploads\/2024\/08\/gym.png\" \/>\n\t<meta property=\"og:image:width\" content=\"1000\" \/>\n\t<meta property=\"og:image:height\" content=\"1000\" \/>\n\t<meta property=\"og:image:type\" content=\"image\/png\" \/>\n<meta name=\"twitter:card\" content=\"summary_large_image\" \/>\n<script type=\"application\/ld+json\" class=\"yoast-schema-graph\">{\"@context\":\"https:\\\/\\\/schema.org\",\"@graph\":[{\"@type\":\"WebPage\",\"@id\":\"https:\\\/\\\/deportenis.com.co\\\/webn\\\/product\\\/bolso-tula-gymsack\\\/\",\"url\":\"https:\\\/\\\/deportenis.com.co\\\/webn\\\/product\\\/bolso-tula-gymsack\\\/\",\"name\":\"Bolso Tula Gymsack - Deportenis\",\"isPartOf\":{\"@id\":\"https:\\\/\\\/deportenis.com.co\\\/webn\\\/#website\"},\"primaryImageOfPage\":{\"@id\":\"https:\\\/\\\/deportenis.com.co\\\/webn\\\/product\\\/bolso-tula-gymsack\\\/#primaryimage\"},\"image\":{\"@id\":\"https:\\\/\\\/deportenis.com.co\\\/webn\\\/product\\\/bolso-tula-gymsack\\\/#primaryimage\"},\"thumbnailUrl\":\"https:\\\/\\\/deportenis.com.co\\\/webn\\\/wp-content\\\/uploads\\\/2024\\\/08\\\/gym.png\",\"datePublished\":\"2024-08-24T18:55:00+00:00\",\"dateModified\":\"2024-08-24T19:01:25+00:00\",\"breadcrumb\":{\"@id\":\"https:\\\/\\\/deportenis.com.co\\\/webn\\\/product\\\/bolso-tula-gymsack\\\/#breadcrumb\"},\"inLanguage\":\"es\",\"potentialAction\":[{\"@type\":\"ReadAction\",\"target\":[\"https:\\\/\\\/deportenis.com.co\\\/webn\\\/product\\\/bolso-tula-gymsack\\\/\"]}]},{\"@type\":\"ImageObject\",\"inLanguage\":\"es\",\"@id\":\"https:\\\/\\\/deportenis.com.co\\\/webn\\\/product\\\/bolso-tula-gymsack\\\/#primaryimage\",\"url\":\"https:\\\/\\\/deportenis.com.co\\\/webn\\\/wp-content\\\/uploads\\\/2024\\\/08\\\/gym.png\",\"contentUrl\":\"https:\\\/\\\/deportenis.com.co\\\/webn\\\/wp-content\\\/uploads\\\/2024\\\/08\\\/gym.png\",\"width\":1000,\"height\":1000,\"caption\":\"sporty bag para gimnasio\"},{\"@type\":\"BreadcrumbList\",\"@id\":\"https:\\\/\\\/deportenis.com.co\\\/webn\\\/product\\\/bolso-tula-gymsack\\\/#breadcrumb\",\"itemListElement\":[{\"@type\":\"ListItem\",\"position\":1,\"name\":\"Portada\",\"item\":\"https:\\\/\\\/deportenis.com.co\\\/webn\\\/\"},{\"@type\":\"ListItem\",\"position\":2,\"name\":\"Tienda\",\"item\":\"https:\\\/\\\/deportenis.com.co\\\/webn\\\/tienda\\\/\"},{\"@type\":\"ListItem\",\"position\":3,\"name\":\"Bolso Tula Gymsack\"}]},{\"@type\":\"WebSite\",\"@id\":\"https:\\\/\\\/deportenis.com.co\\\/webn\\\/#website\",\"url\":\"https:\\\/\\\/deportenis.com.co\\\/webn\\\/\",\"name\":\"www.deportenis.com.co\",\"description\":\"Tienda Deportiva\",\"publisher\":{\"@id\":\"https:\\\/\\\/deportenis.com.co\\\/webn\\\/#organization\"},\"potentialAction\":[{\"@type\":\"SearchAction\",\"target\":{\"@type\":\"EntryPoint\",\"urlTemplate\":\"https:\\\/\\\/deportenis.com.co\\\/webn\\\/?s={search_term_string}\"},\"query-input\":{\"@type\":\"PropertyValueSpecification\",\"valueRequired\":true,\"valueName\":\"search_term_string\"}}],\"inLanguage\":\"es\"},{\"@type\":\"Organization\",\"@id\":\"https:\\\/\\\/deportenis.com.co\\\/webn\\\/#organization\",\"name\":\"Deportenis\",\"url\":\"https:\\\/\\\/deportenis.com.co\\\/webn\\\/\",\"logo\":{\"@type\":\"ImageObject\",\"inLanguage\":\"es\",\"@id\":\"https:\\\/\\\/deportenis.com.co\\\/webn\\\/#\\\/schema\\\/logo\\\/image\\\/\",\"url\":\"https:\\\/\\\/deportenis.com.co\\\/webn\\\/wp-content\\\/uploads\\\/2024\\\/07\\\/logo.png\",\"contentUrl\":\"https:\\\/\\\/deportenis.com.co\\\/webn\\\/wp-content\\\/uploads\\\/2024\\\/07\\\/logo.png\",\"width\":238,\"height\":200,\"caption\":\"Deportenis\"},\"image\":{\"@id\":\"https:\\\/\\\/deportenis.com.co\\\/webn\\\/#\\\/schema\\\/logo\\\/image\\\/\"},\"sameAs\":[\"https:\\\/\\\/es-la.facebook.com\\\/Deportenis-100144375089820\\\/videos\\\/servicio-de-encordado-y-mantenimiento-de-tus-raquetaspregunta-por-los-colores-y-\\\/286780695898417\\\/\",\"https:\\\/\\\/www.instagram.com\\\/invites\\\/contact\\\/?igsh=1u3n44d031yux&utm_content=67nx4x8\"]}]}<\/script>\n<!-- \/ Yoast SEO plugin. -->","yoast_head_json":{"title":"Bolso Tula Gymsack - Deportenis","robots":{"index":"index","follow":"follow","max-snippet":"max-snippet:-1","max-image-preview":"max-image-preview:large","max-video-preview":"max-video-preview:-1"},"canonical":"https:\/\/deportenis.com.co\/webn\/product\/bolso-tula-gymsack\/","og_locale":"es_ES","og_type":"article","og_title":"Bolso Tula Gymsack - Deportenis","og_description":"Bolso Tula Gymsack de Ejercicio K6 Endurance","og_url":"https:\/\/deportenis.com.co\/webn\/product\/bolso-tula-gymsack\/","og_site_name":"Deportenis","article_publisher":"https:\/\/es-la.facebook.com\/Deportenis-100144375089820\/videos\/servicio-de-encordado-y-mantenimiento-de-tus-raquetaspregunta-por-los-colores-y-\/286780695898417\/","article_modified_time":"2024-08-24T19:01:25+00:00","og_image":[{"width":1000,"height":1000,"url":"https:\/\/deportenis.com.co\/webn\/wp-content\/uploads\/2024\/08\/gym.png","type":"image\/png"}],"twitter_card":"summary_large_image","schema":{"@context":"https:\/\/schema.org","@graph":[{"@type":"WebPage","@id":"https:\/\/deportenis.com.co\/webn\/product\/bolso-tula-gymsack\/","url":"https:\/\/deportenis.com.co\/webn\/product\/bolso-tula-gymsack\/","name":"Bolso Tula Gymsack - Deportenis","isPartOf":{"@id":"https:\/\/deportenis.com.co\/webn\/#website"},"primaryImageOfPage":{"@id":"https:\/\/deportenis.com.co\/webn\/product\/bolso-tula-gymsack\/#primaryimage"},"image":{"@id":"https:\/\/deportenis.com.co\/webn\/product\/bolso-tula-gymsack\/#primaryimage"},"thumbnailUrl":"https:\/\/deportenis.com.co\/webn\/wp-content\/uploads\/2024\/08\/gym.png","datePublished":"2024-08-24T18:55:00+00:00","dateModified":"2024-08-24T19:01:25+00:00","breadcrumb":{"@id":"https:\/\/deportenis.com.co\/webn\/product\/bolso-tula-gymsack\/#breadcrumb"},"inLanguage":"es","potentialAction":[{"@type":"ReadAction","target":["https:\/\/deportenis.com.co\/webn\/product\/bolso-tula-gymsack\/"]}]},{"@type":"ImageObject","inLanguage":"es","@id":"https:\/\/deportenis.com.co\/webn\/product\/bolso-tula-gymsack\/#primaryimage","url":"https:\/\/deportenis.com.co\/webn\/wp-content\/uploads\/2024\/08\/gym.png","contentUrl":"https:\/\/deportenis.com.co\/webn\/wp-content\/uploads\/2024\/08\/gym.png","width":1000,"height":1000,"caption":"sporty bag para gimnasio"},{"@type":"BreadcrumbList","@id":"https:\/\/deportenis.com.co\/webn\/product\/bolso-tula-gymsack\/#breadcrumb","itemListElement":[{"@type":"ListItem","position":1,"name":"Portada","item":"https:\/\/deportenis.com.co\/webn\/"},{"@type":"ListItem","position":2,"name":"Tienda","item":"https:\/\/deportenis.com.co\/webn\/tienda\/"},{"@type":"ListItem","position":3,"name":"Bolso Tula Gymsack"}]},{"@type":"WebSite","@id":"https:\/\/deportenis.com.co\/webn\/#website","url":"https:\/\/deportenis.com.co\/webn\/","name":"www.deportenis.com.co","description":"Tienda Deportiva","publisher":{"@id":"https:\/\/deportenis.com.co\/webn\/#organization"},"potentialAction":[{"@type":"SearchAction","target":{"@type":"EntryPoint","urlTemplate":"https:\/\/deportenis.com.co\/webn\/?s={search_term_string}"},"query-input":{"@type":"PropertyValueSpecification","valueRequired":true,"valueName":"search_term_string"}}],"inLanguage":"es"},{"@type":"Organization","@id":"https:\/\/deportenis.com.co\/webn\/#organization","name":"Deportenis","url":"https:\/\/deportenis.com.co\/webn\/","logo":{"@type":"ImageObject","inLanguage":"es","@id":"https:\/\/deportenis.com.co\/webn\/#\/schema\/logo\/image\/","url":"https:\/\/deportenis.com.co\/webn\/wp-content\/uploads\/2024\/07\/logo.png","contentUrl":"https:\/\/deportenis.com.co\/webn\/wp-content\/uploads\/2024\/07\/logo.png","width":238,"height":200,"caption":"Deportenis"},"image":{"@id":"https:\/\/deportenis.com.co\/webn\/#\/schema\/logo\/image\/"},"sameAs":["https:\/\/es-la.facebook.com\/Deportenis-100144375089820\/videos\/servicio-de-encordado-y-mantenimiento-de-tus-raquetaspregunta-por-los-colores-y-\/286780695898417\/","https:\/\/www.instagram.com\/invites\/contact\/?igsh=1u3n44d031yux&utm_content=67nx4x8"]}]}},"_links":{"self":[{"href":"https:\/\/deportenis.com.co\/webn\/wp-json\/wp\/v2\/product\/6716","targetHints":{"allow":["GET"]}}],"collection":[{"href":"https:\/\/deportenis.com.co\/webn\/wp-json\/wp\/v2\/product"}],"about":[{"href":"https:\/\/deportenis.com.co\/webn\/wp-json\/wp\/v2\/types\/product"}],"replies":[{"embeddable":true,"href":"https:\/\/deportenis.com.co\/webn\/wp-json\/wp\/v2\/comments?post=6716"}],"version-history":[{"count":0,"href":"https:\/\/deportenis.com.co\/webn\/wp-json\/wp\/v2\/product\/6716\/revisions"}],"wp:featuredmedia":[{"embeddable":true,"href":"https:\/\/deportenis.com.co\/webn\/wp-json\/wp\/v2\/media\/6721"}],"wp:attachment":[{"href":"https:\/\/deportenis.com.co\/webn\/wp-json\/wp\/v2\/media?parent=6716"}],"wp:term":[{"taxonomy":"product_brand","embeddable":true,"href":"https:\/\/deportenis.com.co\/webn\/wp-json\/wp\/v2\/product_brand?post=6716"},{"taxonomy":"product_cat","embeddable":true,"href":"https:\/\/deportenis.com.co\/webn\/wp-json\/wp\/v2\/product_cat?post=6716"},{"taxonomy":"product_tag","embeddable":true,"href":"https:\/\/deportenis.com.co\/webn\/wp-json\/wp\/v2\/product_tag?post=6716"}],"curies":[{"name":"wp","href":"https:\/\/api.w.org\/{rel}","templated":true}]}}