{"id":6688,"date":"2024-08-18T01:07:41","date_gmt":"2024-08-18T01:07:41","guid":{"rendered":"https:\/\/deportenis.com.co\/webn\/?post_type=product&#038;p=6688"},"modified":"2025-03-19T22:06:55","modified_gmt":"2025-03-19T22:06:55","slug":"max-power-rough-kirschbaum","status":"publish","type":"product","link":"https:\/\/deportenis.com.co\/webn\/product\/max-power-rough-kirschbaum\/","title":{"rendered":"Max Power Rough Kirschbaum 1.30"},"content":{"rendered":"<p><a href=\"https:\/\/deportenis.com.co\/webn\/wp-content\/uploads\/2024\/08\/kirschbaum_logo.png\"><img loading=\"lazy\" decoding=\"async\" class=\"alignnone size-full wp-image-6689\" src=\"https:\/\/deportenis.com.co\/webn\/wp-content\/uploads\/2024\/08\/kirschbaum_logo.png\" alt=\"\" width=\"226\" height=\"117\" \/><\/a><\/p>\n<p data-start=\"155\" data-end=\"476\"><strong data-start=\"158\" data-end=\"212\">Cuerda Kirschbaum Max Power Rough 1.30 mm<\/strong> es una cuerda de tenis de <strong data-start=\"239\" data-end=\"266\">copoli\u00e9ster texturizado<\/strong>, dise\u00f1ada para ofrecer <strong data-start=\"290\" data-end=\"331\">m\u00e1ximo control, durabilidad y efectos<\/strong>. Su superficie <strong data-start=\"347\" data-end=\"365\">rugosa (rough)<\/strong> permite un mejor agarre de la pelota, facilitando la generaci\u00f3n de spin y una mayor precisi\u00f3n en los golpes.<\/p>\n<p data-start=\"478\" data-end=\"855\">Gracias a su calibre de <strong data-start=\"502\" data-end=\"513\">1.30 mm<\/strong>, esta cuerda proporciona una excelente resistencia al desgaste, ideal para jugadores que buscan un encordado duradero sin perder estabilidad en la tensi\u00f3n. Dise\u00f1ada para <strong data-start=\"684\" data-end=\"721\">jugadores intermedios y avanzados<\/strong>, la <strong data-start=\"726\" data-end=\"745\">Max Power Rough<\/strong> es perfecta para quienes buscan un equilibrio entre potencia y control con un extra de efectos en el juego.<\/p>\n<h4 data-start=\"857\" data-end=\"894\"><strong data-start=\"861\" data-end=\"892\">Caracter\u00edsticas:<\/strong><\/h4>\n<p data-start=\"895\" data-end=\"1414\"><strong data-start=\"897\" data-end=\"916\">Textura rugosa:<\/strong> Favorece el agarre de la pelota para mayor spin y control.<br data-start=\"975\" data-end=\"978\" \/><strong data-start=\"980\" data-end=\"1002\">Grosor de 1.30 mm:<\/strong> Alta resistencia y estabilidad en la tensi\u00f3n.<br data-start=\"1048\" data-end=\"1051\" \/><strong data-start=\"1053\" data-end=\"1090\">Material de copoli\u00e9ster avanzado:<\/strong> M\u00e1xima durabilidad sin comprometer la respuesta.<br data-start=\"1139\" data-end=\"1142\" \/><strong data-start=\"1144\" data-end=\"1174\">Gran retenci\u00f3n de tensi\u00f3n:<\/strong> Mantiene la calidad del encordado por m\u00e1s tiempo.<br data-start=\"1224\" data-end=\"1227\" \/><strong data-start=\"1229\" data-end=\"1264\">Formato en rollo de 200 metros:<\/strong> Ideal para m\u00faltiples encordados.\u00a0<br data-start=\"1297\" data-end=\"1300\" \/><strong data-start=\"1302\" data-end=\"1343\">Compatibilidad con diversas raquetas:<\/strong> Recomendada para jugadores agresivos que buscan efectos y precisi\u00f3n.<\/p>\n","protected":false},"excerpt":{"rendered":"<p>Cuerda Kirschbaum Max Power Rough 1.30 mm es una cuerda de tenis de copoli\u00e9ster texturizado, dise\u00f1ada para ofrecer m\u00e1ximo control, durabilidad y efectos. Su superficie rugosa (rough) permite un mejor agarre de la pelota, facilitando la generaci\u00f3n de spin y una mayor precisi\u00f3n en los golpes. Gracias a su calibre de 1.30 mm, esta cuerda &hellip; <a href=\"https:\/\/deportenis.com.co\/webn\/product\/max-power-rough-kirschbaum\/\" class=\"more-link\">Continue reading <span class=\"screen-reader-text\">Max Power Rough Kirschbaum 1.30<\/span><\/a><\/p>\n","protected":false},"featured_media":6690,"comment_status":"open","ping_status":"closed","template":"","meta":[],"product_brand":[],"product_cat":[178],"product_tag":[],"class_list":{"0":"post-6688","1":"product","2":"type-product","3":"status-publish","4":"has-post-thumbnail","6":"product_cat-cuerdas","9":"instock","10":"taxable","11":"shipping-taxable","12":"purchasable","13":"product-type-simple"},"yoast_head":"<!-- This site is optimized with the Yoast SEO plugin v27.5 - https:\/\/yoast.com\/product\/yoast-seo-wordpress\/ -->\n<title>Max Power Rough Kirschbaum 1.30 - Deportenis<\/title>\n<meta name=\"description\" content=\"&quot;La cuerda Kirschbaum Max Power Rough 1.30 mm ofrece m\u00e1ximo spin, control y durabilidad gracias a su textura rugosa. Ideal para jugadores exigentes. \u00a1Desc\u00fabrela aqu\u00ed!&quot;\" \/>\n<meta name=\"robots\" content=\"index, follow, max-snippet:-1, max-image-preview:large, max-video-preview:-1\" \/>\n<link rel=\"canonical\" href=\"https:\/\/deportenis.com.co\/webn\/product\/max-power-rough-kirschbaum\/\" \/>\n<meta property=\"og:locale\" content=\"es_ES\" \/>\n<meta property=\"og:type\" content=\"article\" \/>\n<meta property=\"og:title\" content=\"Max Power Rough Kirschbaum 1.30 - Deportenis\" \/>\n<meta property=\"og:description\" content=\"&quot;La cuerda Kirschbaum Max Power Rough 1.30 mm ofrece m\u00e1ximo spin, control y durabilidad gracias a su textura rugosa. Ideal para jugadores exigentes. \u00a1Desc\u00fabrela aqu\u00ed!&quot;\" \/>\n<meta property=\"og:url\" content=\"https:\/\/deportenis.com.co\/webn\/product\/max-power-rough-kirschbaum\/\" \/>\n<meta property=\"og:site_name\" content=\"Deportenis\" \/>\n<meta property=\"article:publisher\" content=\"https:\/\/es-la.facebook.com\/Deportenis-100144375089820\/videos\/servicio-de-encordado-y-mantenimiento-de-tus-raquetaspregunta-por-los-colores-y-\/286780695898417\/\" \/>\n<meta property=\"article:modified_time\" content=\"2025-03-19T22:06:55+00:00\" \/>\n<meta property=\"og:image\" content=\"https:\/\/deportenis.com.co\/webn\/wp-content\/uploads\/2024\/08\/KB-130.png\" \/>\n\t<meta property=\"og:image:width\" content=\"1000\" \/>\n\t<meta property=\"og:image:height\" content=\"1000\" \/>\n\t<meta property=\"og:image:type\" content=\"image\/png\" \/>\n<meta name=\"twitter:card\" content=\"summary_large_image\" \/>\n<meta name=\"twitter:label1\" content=\"Tiempo de lectura\" \/>\n\t<meta name=\"twitter:data1\" content=\"2 minutos\" \/>\n<script type=\"application\/ld+json\" class=\"yoast-schema-graph\">{\"@context\":\"https:\\\/\\\/schema.org\",\"@graph\":[{\"@type\":\"WebPage\",\"@id\":\"https:\\\/\\\/deportenis.com.co\\\/webn\\\/product\\\/max-power-rough-kirschbaum\\\/\",\"url\":\"https:\\\/\\\/deportenis.com.co\\\/webn\\\/product\\\/max-power-rough-kirschbaum\\\/\",\"name\":\"Max Power Rough Kirschbaum 1.30 - Deportenis\",\"isPartOf\":{\"@id\":\"https:\\\/\\\/deportenis.com.co\\\/webn\\\/#website\"},\"primaryImageOfPage\":{\"@id\":\"https:\\\/\\\/deportenis.com.co\\\/webn\\\/product\\\/max-power-rough-kirschbaum\\\/#primaryimage\"},\"image\":{\"@id\":\"https:\\\/\\\/deportenis.com.co\\\/webn\\\/product\\\/max-power-rough-kirschbaum\\\/#primaryimage\"},\"thumbnailUrl\":\"https:\\\/\\\/deportenis.com.co\\\/webn\\\/wp-content\\\/uploads\\\/2024\\\/08\\\/KB-130.png\",\"datePublished\":\"2024-08-18T01:07:41+00:00\",\"dateModified\":\"2025-03-19T22:06:55+00:00\",\"description\":\"\\\"La cuerda Kirschbaum Max Power Rough 1.30 mm ofrece m\u00e1ximo spin, control y durabilidad gracias a su textura rugosa. Ideal para jugadores exigentes. \u00a1Desc\u00fabrela aqu\u00ed!\\\"\",\"breadcrumb\":{\"@id\":\"https:\\\/\\\/deportenis.com.co\\\/webn\\\/product\\\/max-power-rough-kirschbaum\\\/#breadcrumb\"},\"inLanguage\":\"es\",\"potentialAction\":[{\"@type\":\"ReadAction\",\"target\":[\"https:\\\/\\\/deportenis.com.co\\\/webn\\\/product\\\/max-power-rough-kirschbaum\\\/\"]}]},{\"@type\":\"ImageObject\",\"inLanguage\":\"es\",\"@id\":\"https:\\\/\\\/deportenis.com.co\\\/webn\\\/product\\\/max-power-rough-kirschbaum\\\/#primaryimage\",\"url\":\"https:\\\/\\\/deportenis.com.co\\\/webn\\\/wp-content\\\/uploads\\\/2024\\\/08\\\/KB-130.png\",\"contentUrl\":\"https:\\\/\\\/deportenis.com.co\\\/webn\\\/wp-content\\\/uploads\\\/2024\\\/08\\\/KB-130.png\",\"width\":1000,\"height\":1000},{\"@type\":\"BreadcrumbList\",\"@id\":\"https:\\\/\\\/deportenis.com.co\\\/webn\\\/product\\\/max-power-rough-kirschbaum\\\/#breadcrumb\",\"itemListElement\":[{\"@type\":\"ListItem\",\"position\":1,\"name\":\"Portada\",\"item\":\"https:\\\/\\\/deportenis.com.co\\\/webn\\\/\"},{\"@type\":\"ListItem\",\"position\":2,\"name\":\"Tienda\",\"item\":\"https:\\\/\\\/deportenis.com.co\\\/webn\\\/tienda\\\/\"},{\"@type\":\"ListItem\",\"position\":3,\"name\":\"Max Power Rough Kirschbaum 1.30\"}]},{\"@type\":\"WebSite\",\"@id\":\"https:\\\/\\\/deportenis.com.co\\\/webn\\\/#website\",\"url\":\"https:\\\/\\\/deportenis.com.co\\\/webn\\\/\",\"name\":\"www.deportenis.com.co\",\"description\":\"Tienda Deportiva\",\"publisher\":{\"@id\":\"https:\\\/\\\/deportenis.com.co\\\/webn\\\/#organization\"},\"potentialAction\":[{\"@type\":\"SearchAction\",\"target\":{\"@type\":\"EntryPoint\",\"urlTemplate\":\"https:\\\/\\\/deportenis.com.co\\\/webn\\\/?s={search_term_string}\"},\"query-input\":{\"@type\":\"PropertyValueSpecification\",\"valueRequired\":true,\"valueName\":\"search_term_string\"}}],\"inLanguage\":\"es\"},{\"@type\":\"Organization\",\"@id\":\"https:\\\/\\\/deportenis.com.co\\\/webn\\\/#organization\",\"name\":\"Deportenis\",\"url\":\"https:\\\/\\\/deportenis.com.co\\\/webn\\\/\",\"logo\":{\"@type\":\"ImageObject\",\"inLanguage\":\"es\",\"@id\":\"https:\\\/\\\/deportenis.com.co\\\/webn\\\/#\\\/schema\\\/logo\\\/image\\\/\",\"url\":\"https:\\\/\\\/deportenis.com.co\\\/webn\\\/wp-content\\\/uploads\\\/2024\\\/07\\\/logo.png\",\"contentUrl\":\"https:\\\/\\\/deportenis.com.co\\\/webn\\\/wp-content\\\/uploads\\\/2024\\\/07\\\/logo.png\",\"width\":238,\"height\":200,\"caption\":\"Deportenis\"},\"image\":{\"@id\":\"https:\\\/\\\/deportenis.com.co\\\/webn\\\/#\\\/schema\\\/logo\\\/image\\\/\"},\"sameAs\":[\"https:\\\/\\\/es-la.facebook.com\\\/Deportenis-100144375089820\\\/videos\\\/servicio-de-encordado-y-mantenimiento-de-tus-raquetaspregunta-por-los-colores-y-\\\/286780695898417\\\/\",\"https:\\\/\\\/www.instagram.com\\\/invites\\\/contact\\\/?igsh=1u3n44d031yux&utm_content=67nx4x8\"]}]}<\/script>\n<!-- \/ Yoast SEO plugin. -->","yoast_head_json":{"title":"Max Power Rough Kirschbaum 1.30 - Deportenis","description":"\"La cuerda Kirschbaum Max Power Rough 1.30 mm ofrece m\u00e1ximo spin, control y durabilidad gracias a su textura rugosa. Ideal para jugadores exigentes. \u00a1Desc\u00fabrela aqu\u00ed!\"","robots":{"index":"index","follow":"follow","max-snippet":"max-snippet:-1","max-image-preview":"max-image-preview:large","max-video-preview":"max-video-preview:-1"},"canonical":"https:\/\/deportenis.com.co\/webn\/product\/max-power-rough-kirschbaum\/","og_locale":"es_ES","og_type":"article","og_title":"Max Power Rough Kirschbaum 1.30 - Deportenis","og_description":"\"La cuerda Kirschbaum Max Power Rough 1.30 mm ofrece m\u00e1ximo spin, control y durabilidad gracias a su textura rugosa. Ideal para jugadores exigentes. \u00a1Desc\u00fabrela aqu\u00ed!\"","og_url":"https:\/\/deportenis.com.co\/webn\/product\/max-power-rough-kirschbaum\/","og_site_name":"Deportenis","article_publisher":"https:\/\/es-la.facebook.com\/Deportenis-100144375089820\/videos\/servicio-de-encordado-y-mantenimiento-de-tus-raquetaspregunta-por-los-colores-y-\/286780695898417\/","article_modified_time":"2025-03-19T22:06:55+00:00","og_image":[{"width":1000,"height":1000,"url":"https:\/\/deportenis.com.co\/webn\/wp-content\/uploads\/2024\/08\/KB-130.png","type":"image\/png"}],"twitter_card":"summary_large_image","twitter_misc":{"Tiempo de lectura":"2 minutos"},"schema":{"@context":"https:\/\/schema.org","@graph":[{"@type":"WebPage","@id":"https:\/\/deportenis.com.co\/webn\/product\/max-power-rough-kirschbaum\/","url":"https:\/\/deportenis.com.co\/webn\/product\/max-power-rough-kirschbaum\/","name":"Max Power Rough Kirschbaum 1.30 - Deportenis","isPartOf":{"@id":"https:\/\/deportenis.com.co\/webn\/#website"},"primaryImageOfPage":{"@id":"https:\/\/deportenis.com.co\/webn\/product\/max-power-rough-kirschbaum\/#primaryimage"},"image":{"@id":"https:\/\/deportenis.com.co\/webn\/product\/max-power-rough-kirschbaum\/#primaryimage"},"thumbnailUrl":"https:\/\/deportenis.com.co\/webn\/wp-content\/uploads\/2024\/08\/KB-130.png","datePublished":"2024-08-18T01:07:41+00:00","dateModified":"2025-03-19T22:06:55+00:00","description":"\"La cuerda Kirschbaum Max Power Rough 1.30 mm ofrece m\u00e1ximo spin, control y durabilidad gracias a su textura rugosa. Ideal para jugadores exigentes. \u00a1Desc\u00fabrela aqu\u00ed!\"","breadcrumb":{"@id":"https:\/\/deportenis.com.co\/webn\/product\/max-power-rough-kirschbaum\/#breadcrumb"},"inLanguage":"es","potentialAction":[{"@type":"ReadAction","target":["https:\/\/deportenis.com.co\/webn\/product\/max-power-rough-kirschbaum\/"]}]},{"@type":"ImageObject","inLanguage":"es","@id":"https:\/\/deportenis.com.co\/webn\/product\/max-power-rough-kirschbaum\/#primaryimage","url":"https:\/\/deportenis.com.co\/webn\/wp-content\/uploads\/2024\/08\/KB-130.png","contentUrl":"https:\/\/deportenis.com.co\/webn\/wp-content\/uploads\/2024\/08\/KB-130.png","width":1000,"height":1000},{"@type":"BreadcrumbList","@id":"https:\/\/deportenis.com.co\/webn\/product\/max-power-rough-kirschbaum\/#breadcrumb","itemListElement":[{"@type":"ListItem","position":1,"name":"Portada","item":"https:\/\/deportenis.com.co\/webn\/"},{"@type":"ListItem","position":2,"name":"Tienda","item":"https:\/\/deportenis.com.co\/webn\/tienda\/"},{"@type":"ListItem","position":3,"name":"Max Power Rough Kirschbaum 1.30"}]},{"@type":"WebSite","@id":"https:\/\/deportenis.com.co\/webn\/#website","url":"https:\/\/deportenis.com.co\/webn\/","name":"www.deportenis.com.co","description":"Tienda Deportiva","publisher":{"@id":"https:\/\/deportenis.com.co\/webn\/#organization"},"potentialAction":[{"@type":"SearchAction","target":{"@type":"EntryPoint","urlTemplate":"https:\/\/deportenis.com.co\/webn\/?s={search_term_string}"},"query-input":{"@type":"PropertyValueSpecification","valueRequired":true,"valueName":"search_term_string"}}],"inLanguage":"es"},{"@type":"Organization","@id":"https:\/\/deportenis.com.co\/webn\/#organization","name":"Deportenis","url":"https:\/\/deportenis.com.co\/webn\/","logo":{"@type":"ImageObject","inLanguage":"es","@id":"https:\/\/deportenis.com.co\/webn\/#\/schema\/logo\/image\/","url":"https:\/\/deportenis.com.co\/webn\/wp-content\/uploads\/2024\/07\/logo.png","contentUrl":"https:\/\/deportenis.com.co\/webn\/wp-content\/uploads\/2024\/07\/logo.png","width":238,"height":200,"caption":"Deportenis"},"image":{"@id":"https:\/\/deportenis.com.co\/webn\/#\/schema\/logo\/image\/"},"sameAs":["https:\/\/es-la.facebook.com\/Deportenis-100144375089820\/videos\/servicio-de-encordado-y-mantenimiento-de-tus-raquetaspregunta-por-los-colores-y-\/286780695898417\/","https:\/\/www.instagram.com\/invites\/contact\/?igsh=1u3n44d031yux&utm_content=67nx4x8"]}]}},"_links":{"self":[{"href":"https:\/\/deportenis.com.co\/webn\/wp-json\/wp\/v2\/product\/6688","targetHints":{"allow":["GET"]}}],"collection":[{"href":"https:\/\/deportenis.com.co\/webn\/wp-json\/wp\/v2\/product"}],"about":[{"href":"https:\/\/deportenis.com.co\/webn\/wp-json\/wp\/v2\/types\/product"}],"replies":[{"embeddable":true,"href":"https:\/\/deportenis.com.co\/webn\/wp-json\/wp\/v2\/comments?post=6688"}],"version-history":[{"count":0,"href":"https:\/\/deportenis.com.co\/webn\/wp-json\/wp\/v2\/product\/6688\/revisions"}],"wp:featuredmedia":[{"embeddable":true,"href":"https:\/\/deportenis.com.co\/webn\/wp-json\/wp\/v2\/media\/6690"}],"wp:attachment":[{"href":"https:\/\/deportenis.com.co\/webn\/wp-json\/wp\/v2\/media?parent=6688"}],"wp:term":[{"taxonomy":"product_brand","embeddable":true,"href":"https:\/\/deportenis.com.co\/webn\/wp-json\/wp\/v2\/product_brand?post=6688"},{"taxonomy":"product_cat","embeddable":true,"href":"https:\/\/deportenis.com.co\/webn\/wp-json\/wp\/v2\/product_cat?post=6688"},{"taxonomy":"product_tag","embeddable":true,"href":"https:\/\/deportenis.com.co\/webn\/wp-json\/wp\/v2\/product_tag?post=6688"}],"curies":[{"name":"wp","href":"https:\/\/api.w.org\/{rel}","templated":true}]}}