{"id":11945,"date":"2026-04-21T21:49:30","date_gmt":"2026-04-21T21:49:30","guid":{"rendered":"https:\/\/deportenis.com.co\/webn\/?post_type=product&#038;p=11945"},"modified":"2026-04-21T22:37:57","modified_gmt":"2026-04-21T22:37:57","slug":"raqueta-yonex-ezone-jr-26","status":"publish","type":"product","link":"https:\/\/deportenis.com.co\/webn\/product\/raqueta-yonex-ezone-jr-26\/","title":{"rendered":"Raqueta Yonex EZONE Jr 26"},"content":{"rendered":"<p><a href=\"https:\/\/deportenis.com.co\/webn\/wp-content\/uploads\/2025\/07\/Logo-Yonex.svg.png\"><img loading=\"lazy\" decoding=\"async\" class=\"alignnone wp-image-10673\" src=\"https:\/\/deportenis.com.co\/webn\/wp-content\/uploads\/2025\/07\/Logo-Yonex.svg.png\" alt=\"\" width=\"287\" height=\"80\" \/><\/a><\/p>\n<p data-start=\"252\" data-end=\"463\">La <strong data-start=\"255\" data-end=\"308\"><span class=\"hover:entity-accent entity-underline inline cursor-pointer align-baseline\"><span class=\"whitespace-normal\">Yonex<\/span><\/span> EZONE Jr 26<\/strong> es una raqueta dise\u00f1ada espec\u00edficamente para j\u00f3venes tenistas en etapa de desarrollo que buscan mejorar su t\u00e9cnica sin sacrificar potencia ni comodidad.<\/p>\n<p data-start=\"465\" data-end=\"880\">Fabricada con grafito de alta calidad, esta raqueta ofrece una excelente combinaci\u00f3n de ligereza y estabilidad, permitiendo swings m\u00e1s r\u00e1pidos y mayor control en cada golpe. Su dise\u00f1o incorpora tecnolog\u00edas como el sistema <strong data-start=\"687\" data-end=\"701\">ISOMETRIC&#x2122;<\/strong>, que ampl\u00eda el punto dulce para mayor tolerancia y precisi\u00f3n, y materiales que reducen las vibraciones para proteger el brazo del jugador.<\/p>\n<p data-start=\"882\" data-end=\"1071\">Es ideal para jugadores de aproximadamente <strong data-start=\"925\" data-end=\"971\">10 a 11 a\u00f1os o estatura entre 135 y 145 cm<\/strong>, facilitando la transici\u00f3n hacia raquetas de tama\u00f1o adulto.<\/p>\n<p data-start=\"882\" data-end=\"1071\"><strong>CARACTER\u00cdSTICAS:\u00a0<\/strong><\/p>\n<ul>\n<li data-section-id=\"5ky826\" data-start=\"1547\" data-end=\"1586\"><strong data-start=\"1549\" data-end=\"1570\">Tama\u00f1o de cabeza:<\/strong> 100 in\u00b2.<\/li>\n<li data-section-id=\"qptbrs\" data-start=\"1587\" data-end=\"1664\"><strong data-start=\"1589\" data-end=\"1598\">Peso:<\/strong> 240 g (ultraligera).<\/li>\n<li data-section-id=\"mltmp8\" data-start=\"1858\" data-end=\"1908\"><strong data-start=\"1860\" data-end=\"1869\">Grip:<\/strong>\u00a0G0 \/ G02.<\/li>\n<li data-section-id=\"wjynop\" data-start=\"1665\" data-end=\"1694\"><strong data-start=\"1667\" data-end=\"1680\">Longitud:<\/strong> 26 pulgadas.<\/li>\n<li data-section-id=\"11zyg9y\" data-start=\"1695\" data-end=\"1724\"><strong data-start=\"1697\" data-end=\"1709\">Balance:<\/strong> 320 \u2013 330 mm.<\/li>\n<li data-section-id=\"aw9lar\" data-start=\"1725\" data-end=\"1776\"><strong data-start=\"1727\" data-end=\"1740\">Material:<\/strong> Grafito \/ Graphite Hybrid con VDM.<\/li>\n<li data-section-id=\"1k6xrhw\" data-start=\"1777\" data-end=\"1813\"><strong data-start=\"1779\" data-end=\"1803\">Patr\u00f3n de encordado:<\/strong> 16 x 18.<\/li>\n<li data-section-id=\"1231clx\" data-start=\"1814\" data-end=\"1852\"><strong data-start=\"1816\" data-end=\"1837\">Edad recomendada:<\/strong> 10 \u2013 11 a\u00f1os.<\/li>\n<\/ul>\n","protected":false},"excerpt":{"rendered":"<p>La Yonex EZONE Jr 26 es una raqueta dise\u00f1ada espec\u00edficamente para j\u00f3venes tenistas en etapa de desarrollo que buscan mejorar su t\u00e9cnica sin sacrificar potencia ni comodidad. Fabricada con grafito de alta calidad, esta raqueta ofrece una excelente combinaci\u00f3n de ligereza y estabilidad, permitiendo swings m\u00e1s r\u00e1pidos y mayor control en cada golpe. Su dise\u00f1o &hellip; <a href=\"https:\/\/deportenis.com.co\/webn\/product\/raqueta-yonex-ezone-jr-26\/\" class=\"more-link\">Continue reading <span class=\"screen-reader-text\">Raqueta Yonex EZONE Jr 26<\/span><\/a><\/p>\n","protected":false},"featured_media":11885,"comment_status":"open","ping_status":"closed","template":"","meta":[],"product_brand":[],"product_cat":[399],"product_tag":[],"class_list":{"0":"post-11945","1":"product","2":"type-product","3":"status-publish","4":"has-post-thumbnail","6":"product_cat-399","9":"instock","10":"featured","11":"taxable","12":"shipping-taxable","13":"purchasable","14":"product-type-simple"},"yoast_head":"<!-- This site is optimized with the Yoast SEO plugin v27.5 - https:\/\/yoast.com\/product\/yoast-seo-wordpress\/ -->\n<title>Raqueta Yonex EZONE Jr 26 - Deportenis<\/title>\n<meta name=\"description\" content=\"Raqueta Yonex EZONE Jr 26 ideal para ni\u00f1os de 10-11 a\u00f1os. Ligera, potente y c\u00f3moda, con tecnolog\u00eda ISOMETRIC para mayor control y precisi\u00f3n en cada golpe.\" \/>\n<meta name=\"robots\" content=\"index, follow, max-snippet:-1, max-image-preview:large, max-video-preview:-1\" \/>\n<link rel=\"canonical\" href=\"https:\/\/deportenis.com.co\/webn\/product\/raqueta-yonex-ezone-jr-26\/\" \/>\n<meta property=\"og:locale\" content=\"es_ES\" \/>\n<meta property=\"og:type\" content=\"article\" \/>\n<meta property=\"og:title\" content=\"Raqueta Yonex EZONE Jr 26 - Deportenis\" \/>\n<meta property=\"og:description\" content=\"Raqueta Yonex EZONE Jr 26 ideal para ni\u00f1os de 10-11 a\u00f1os. Ligera, potente y c\u00f3moda, con tecnolog\u00eda ISOMETRIC para mayor control y precisi\u00f3n en cada golpe.\" \/>\n<meta property=\"og:url\" content=\"https:\/\/deportenis.com.co\/webn\/product\/raqueta-yonex-ezone-jr-26\/\" \/>\n<meta property=\"og:site_name\" content=\"Deportenis\" \/>\n<meta property=\"article:publisher\" content=\"https:\/\/es-la.facebook.com\/Deportenis-100144375089820\/videos\/servicio-de-encordado-y-mantenimiento-de-tus-raquetaspregunta-por-los-colores-y-\/286780695898417\/\" \/>\n<meta property=\"article:modified_time\" content=\"2026-04-21T22:37:57+00:00\" \/>\n<meta property=\"og:image\" content=\"https:\/\/deportenis.com.co\/webn\/wp-content\/uploads\/2026\/04\/EZONE-100-4.jpg\" \/>\n\t<meta property=\"og:image:width\" content=\"1000\" \/>\n\t<meta property=\"og:image:height\" content=\"1000\" \/>\n\t<meta property=\"og:image:type\" content=\"image\/jpeg\" \/>\n<meta name=\"twitter:card\" content=\"summary_large_image\" \/>\n<meta name=\"twitter:label1\" content=\"Tiempo de lectura\" \/>\n\t<meta name=\"twitter:data1\" content=\"2 minutos\" \/>\n<script type=\"application\/ld+json\" class=\"yoast-schema-graph\">{\"@context\":\"https:\\\/\\\/schema.org\",\"@graph\":[{\"@type\":\"WebPage\",\"@id\":\"https:\\\/\\\/deportenis.com.co\\\/webn\\\/product\\\/raqueta-yonex-ezone-jr-26\\\/\",\"url\":\"https:\\\/\\\/deportenis.com.co\\\/webn\\\/product\\\/raqueta-yonex-ezone-jr-26\\\/\",\"name\":\"Raqueta Yonex EZONE Jr 26 - Deportenis\",\"isPartOf\":{\"@id\":\"https:\\\/\\\/deportenis.com.co\\\/webn\\\/#website\"},\"primaryImageOfPage\":{\"@id\":\"https:\\\/\\\/deportenis.com.co\\\/webn\\\/product\\\/raqueta-yonex-ezone-jr-26\\\/#primaryimage\"},\"image\":{\"@id\":\"https:\\\/\\\/deportenis.com.co\\\/webn\\\/product\\\/raqueta-yonex-ezone-jr-26\\\/#primaryimage\"},\"thumbnailUrl\":\"https:\\\/\\\/deportenis.com.co\\\/webn\\\/wp-content\\\/uploads\\\/2026\\\/04\\\/EZONE-100-4.jpg\",\"datePublished\":\"2026-04-21T21:49:30+00:00\",\"dateModified\":\"2026-04-21T22:37:57+00:00\",\"description\":\"Raqueta Yonex EZONE Jr 26 ideal para ni\u00f1os de 10-11 a\u00f1os. Ligera, potente y c\u00f3moda, con tecnolog\u00eda ISOMETRIC para mayor control y precisi\u00f3n en cada golpe.\",\"breadcrumb\":{\"@id\":\"https:\\\/\\\/deportenis.com.co\\\/webn\\\/product\\\/raqueta-yonex-ezone-jr-26\\\/#breadcrumb\"},\"inLanguage\":\"es\",\"potentialAction\":[{\"@type\":\"ReadAction\",\"target\":[\"https:\\\/\\\/deportenis.com.co\\\/webn\\\/product\\\/raqueta-yonex-ezone-jr-26\\\/\"]}]},{\"@type\":\"ImageObject\",\"inLanguage\":\"es\",\"@id\":\"https:\\\/\\\/deportenis.com.co\\\/webn\\\/product\\\/raqueta-yonex-ezone-jr-26\\\/#primaryimage\",\"url\":\"https:\\\/\\\/deportenis.com.co\\\/webn\\\/wp-content\\\/uploads\\\/2026\\\/04\\\/EZONE-100-4.jpg\",\"contentUrl\":\"https:\\\/\\\/deportenis.com.co\\\/webn\\\/wp-content\\\/uploads\\\/2026\\\/04\\\/EZONE-100-4.jpg\",\"width\":1000,\"height\":1000},{\"@type\":\"BreadcrumbList\",\"@id\":\"https:\\\/\\\/deportenis.com.co\\\/webn\\\/product\\\/raqueta-yonex-ezone-jr-26\\\/#breadcrumb\",\"itemListElement\":[{\"@type\":\"ListItem\",\"position\":1,\"name\":\"Portada\",\"item\":\"https:\\\/\\\/deportenis.com.co\\\/webn\\\/\"},{\"@type\":\"ListItem\",\"position\":2,\"name\":\"Tienda\",\"item\":\"https:\\\/\\\/deportenis.com.co\\\/webn\\\/tienda\\\/\"},{\"@type\":\"ListItem\",\"position\":3,\"name\":\"Raqueta Yonex EZONE Jr 26\"}]},{\"@type\":\"WebSite\",\"@id\":\"https:\\\/\\\/deportenis.com.co\\\/webn\\\/#website\",\"url\":\"https:\\\/\\\/deportenis.com.co\\\/webn\\\/\",\"name\":\"www.deportenis.com.co\",\"description\":\"Tienda Deportiva\",\"publisher\":{\"@id\":\"https:\\\/\\\/deportenis.com.co\\\/webn\\\/#organization\"},\"potentialAction\":[{\"@type\":\"SearchAction\",\"target\":{\"@type\":\"EntryPoint\",\"urlTemplate\":\"https:\\\/\\\/deportenis.com.co\\\/webn\\\/?s={search_term_string}\"},\"query-input\":{\"@type\":\"PropertyValueSpecification\",\"valueRequired\":true,\"valueName\":\"search_term_string\"}}],\"inLanguage\":\"es\"},{\"@type\":\"Organization\",\"@id\":\"https:\\\/\\\/deportenis.com.co\\\/webn\\\/#organization\",\"name\":\"Deportenis\",\"url\":\"https:\\\/\\\/deportenis.com.co\\\/webn\\\/\",\"logo\":{\"@type\":\"ImageObject\",\"inLanguage\":\"es\",\"@id\":\"https:\\\/\\\/deportenis.com.co\\\/webn\\\/#\\\/schema\\\/logo\\\/image\\\/\",\"url\":\"https:\\\/\\\/deportenis.com.co\\\/webn\\\/wp-content\\\/uploads\\\/2024\\\/07\\\/logo.png\",\"contentUrl\":\"https:\\\/\\\/deportenis.com.co\\\/webn\\\/wp-content\\\/uploads\\\/2024\\\/07\\\/logo.png\",\"width\":238,\"height\":200,\"caption\":\"Deportenis\"},\"image\":{\"@id\":\"https:\\\/\\\/deportenis.com.co\\\/webn\\\/#\\\/schema\\\/logo\\\/image\\\/\"},\"sameAs\":[\"https:\\\/\\\/es-la.facebook.com\\\/Deportenis-100144375089820\\\/videos\\\/servicio-de-encordado-y-mantenimiento-de-tus-raquetaspregunta-por-los-colores-y-\\\/286780695898417\\\/\",\"https:\\\/\\\/www.instagram.com\\\/invites\\\/contact\\\/?igsh=1u3n44d031yux&utm_content=67nx4x8\"]}]}<\/script>\n<!-- \/ Yoast SEO plugin. -->","yoast_head_json":{"title":"Raqueta Yonex EZONE Jr 26 - Deportenis","description":"Raqueta Yonex EZONE Jr 26 ideal para ni\u00f1os de 10-11 a\u00f1os. Ligera, potente y c\u00f3moda, con tecnolog\u00eda ISOMETRIC para mayor control y precisi\u00f3n en cada golpe.","robots":{"index":"index","follow":"follow","max-snippet":"max-snippet:-1","max-image-preview":"max-image-preview:large","max-video-preview":"max-video-preview:-1"},"canonical":"https:\/\/deportenis.com.co\/webn\/product\/raqueta-yonex-ezone-jr-26\/","og_locale":"es_ES","og_type":"article","og_title":"Raqueta Yonex EZONE Jr 26 - Deportenis","og_description":"Raqueta Yonex EZONE Jr 26 ideal para ni\u00f1os de 10-11 a\u00f1os. Ligera, potente y c\u00f3moda, con tecnolog\u00eda ISOMETRIC para mayor control y precisi\u00f3n en cada golpe.","og_url":"https:\/\/deportenis.com.co\/webn\/product\/raqueta-yonex-ezone-jr-26\/","og_site_name":"Deportenis","article_publisher":"https:\/\/es-la.facebook.com\/Deportenis-100144375089820\/videos\/servicio-de-encordado-y-mantenimiento-de-tus-raquetaspregunta-por-los-colores-y-\/286780695898417\/","article_modified_time":"2026-04-21T22:37:57+00:00","og_image":[{"width":1000,"height":1000,"url":"https:\/\/deportenis.com.co\/webn\/wp-content\/uploads\/2026\/04\/EZONE-100-4.jpg","type":"image\/jpeg"}],"twitter_card":"summary_large_image","twitter_misc":{"Tiempo de lectura":"2 minutos"},"schema":{"@context":"https:\/\/schema.org","@graph":[{"@type":"WebPage","@id":"https:\/\/deportenis.com.co\/webn\/product\/raqueta-yonex-ezone-jr-26\/","url":"https:\/\/deportenis.com.co\/webn\/product\/raqueta-yonex-ezone-jr-26\/","name":"Raqueta Yonex EZONE Jr 26 - Deportenis","isPartOf":{"@id":"https:\/\/deportenis.com.co\/webn\/#website"},"primaryImageOfPage":{"@id":"https:\/\/deportenis.com.co\/webn\/product\/raqueta-yonex-ezone-jr-26\/#primaryimage"},"image":{"@id":"https:\/\/deportenis.com.co\/webn\/product\/raqueta-yonex-ezone-jr-26\/#primaryimage"},"thumbnailUrl":"https:\/\/deportenis.com.co\/webn\/wp-content\/uploads\/2026\/04\/EZONE-100-4.jpg","datePublished":"2026-04-21T21:49:30+00:00","dateModified":"2026-04-21T22:37:57+00:00","description":"Raqueta Yonex EZONE Jr 26 ideal para ni\u00f1os de 10-11 a\u00f1os. Ligera, potente y c\u00f3moda, con tecnolog\u00eda ISOMETRIC para mayor control y precisi\u00f3n en cada golpe.","breadcrumb":{"@id":"https:\/\/deportenis.com.co\/webn\/product\/raqueta-yonex-ezone-jr-26\/#breadcrumb"},"inLanguage":"es","potentialAction":[{"@type":"ReadAction","target":["https:\/\/deportenis.com.co\/webn\/product\/raqueta-yonex-ezone-jr-26\/"]}]},{"@type":"ImageObject","inLanguage":"es","@id":"https:\/\/deportenis.com.co\/webn\/product\/raqueta-yonex-ezone-jr-26\/#primaryimage","url":"https:\/\/deportenis.com.co\/webn\/wp-content\/uploads\/2026\/04\/EZONE-100-4.jpg","contentUrl":"https:\/\/deportenis.com.co\/webn\/wp-content\/uploads\/2026\/04\/EZONE-100-4.jpg","width":1000,"height":1000},{"@type":"BreadcrumbList","@id":"https:\/\/deportenis.com.co\/webn\/product\/raqueta-yonex-ezone-jr-26\/#breadcrumb","itemListElement":[{"@type":"ListItem","position":1,"name":"Portada","item":"https:\/\/deportenis.com.co\/webn\/"},{"@type":"ListItem","position":2,"name":"Tienda","item":"https:\/\/deportenis.com.co\/webn\/tienda\/"},{"@type":"ListItem","position":3,"name":"Raqueta Yonex EZONE Jr 26"}]},{"@type":"WebSite","@id":"https:\/\/deportenis.com.co\/webn\/#website","url":"https:\/\/deportenis.com.co\/webn\/","name":"www.deportenis.com.co","description":"Tienda Deportiva","publisher":{"@id":"https:\/\/deportenis.com.co\/webn\/#organization"},"potentialAction":[{"@type":"SearchAction","target":{"@type":"EntryPoint","urlTemplate":"https:\/\/deportenis.com.co\/webn\/?s={search_term_string}"},"query-input":{"@type":"PropertyValueSpecification","valueRequired":true,"valueName":"search_term_string"}}],"inLanguage":"es"},{"@type":"Organization","@id":"https:\/\/deportenis.com.co\/webn\/#organization","name":"Deportenis","url":"https:\/\/deportenis.com.co\/webn\/","logo":{"@type":"ImageObject","inLanguage":"es","@id":"https:\/\/deportenis.com.co\/webn\/#\/schema\/logo\/image\/","url":"https:\/\/deportenis.com.co\/webn\/wp-content\/uploads\/2024\/07\/logo.png","contentUrl":"https:\/\/deportenis.com.co\/webn\/wp-content\/uploads\/2024\/07\/logo.png","width":238,"height":200,"caption":"Deportenis"},"image":{"@id":"https:\/\/deportenis.com.co\/webn\/#\/schema\/logo\/image\/"},"sameAs":["https:\/\/es-la.facebook.com\/Deportenis-100144375089820\/videos\/servicio-de-encordado-y-mantenimiento-de-tus-raquetaspregunta-por-los-colores-y-\/286780695898417\/","https:\/\/www.instagram.com\/invites\/contact\/?igsh=1u3n44d031yux&utm_content=67nx4x8"]}]}},"_links":{"self":[{"href":"https:\/\/deportenis.com.co\/webn\/wp-json\/wp\/v2\/product\/11945","targetHints":{"allow":["GET"]}}],"collection":[{"href":"https:\/\/deportenis.com.co\/webn\/wp-json\/wp\/v2\/product"}],"about":[{"href":"https:\/\/deportenis.com.co\/webn\/wp-json\/wp\/v2\/types\/product"}],"replies":[{"embeddable":true,"href":"https:\/\/deportenis.com.co\/webn\/wp-json\/wp\/v2\/comments?post=11945"}],"version-history":[{"count":3,"href":"https:\/\/deportenis.com.co\/webn\/wp-json\/wp\/v2\/product\/11945\/revisions"}],"predecessor-version":[{"id":11948,"href":"https:\/\/deportenis.com.co\/webn\/wp-json\/wp\/v2\/product\/11945\/revisions\/11948"}],"wp:featuredmedia":[{"embeddable":true,"href":"https:\/\/deportenis.com.co\/webn\/wp-json\/wp\/v2\/media\/11885"}],"wp:attachment":[{"href":"https:\/\/deportenis.com.co\/webn\/wp-json\/wp\/v2\/media?parent=11945"}],"wp:term":[{"taxonomy":"product_brand","embeddable":true,"href":"https:\/\/deportenis.com.co\/webn\/wp-json\/wp\/v2\/product_brand?post=11945"},{"taxonomy":"product_cat","embeddable":true,"href":"https:\/\/deportenis.com.co\/webn\/wp-json\/wp\/v2\/product_cat?post=11945"},{"taxonomy":"product_tag","embeddable":true,"href":"https:\/\/deportenis.com.co\/webn\/wp-json\/wp\/v2\/product_tag?post=11945"}],"curies":[{"name":"wp","href":"https:\/\/api.w.org\/{rel}","templated":true}]}}