{"id":11883,"date":"2026-04-21T16:16:01","date_gmt":"2026-04-21T16:16:01","guid":{"rendered":"https:\/\/deportenis.com.co\/webn\/?post_type=product&#038;p=11883"},"modified":"2026-04-21T16:16:01","modified_gmt":"2026-04-21T16:16:01","slug":"raqueta-yonex-ezone-100","status":"publish","type":"product","link":"https:\/\/deportenis.com.co\/webn\/product\/raqueta-yonex-ezone-100\/","title":{"rendered":"Raqueta Yonex EZONE 100"},"content":{"rendered":"<p><a href=\"https:\/\/deportenis.com.co\/webn\/wp-content\/uploads\/2025\/07\/Logo-Yonex.svg.png\"><img loading=\"lazy\" decoding=\"async\" class=\"alignnone  wp-image-10673\" src=\"https:\/\/deportenis.com.co\/webn\/wp-content\/uploads\/2025\/07\/Logo-Yonex.svg.png\" alt=\"\" width=\"287\" height=\"80\" \/><\/a><\/p>\n<p data-start=\"181\" data-end=\"418\">La <strong data-start=\"184\" data-end=\"235\"><span class=\"hover:entity-accent entity-underline inline cursor-pointer align-baseline\"><span class=\"whitespace-normal\">Yonex<\/span><\/span> EZONE 100<\/strong> es una de las raquetas m\u00e1s equilibradas del mercado, dise\u00f1ada para jugadores intermedios y avanzados que buscan <strong data-start=\"348\" data-end=\"401\">potencia f\u00e1cil, confort premium y gran tolerancia<\/strong> en cada golpe.<\/p>\n<p data-start=\"420\" data-end=\"776\">Gracias a su dise\u00f1o isom\u00e9trico caracter\u00edstico, ofrece un <strong data-start=\"477\" data-end=\"503\">punto dulce m\u00e1s amplio<\/strong>, lo que permite golpes m\u00e1s consistentes incluso cuando no impactas perfectamente la bola. Adem\u00e1s, su construcci\u00f3n con tecnolog\u00edas avanzadas mejora la sensaci\u00f3n y reduce vibraciones, brindando una experiencia m\u00e1s c\u00f3moda en la cancha.<\/p>\n<p data-start=\"778\" data-end=\"998\">Es una raqueta ideal para jugadores de fondo que quieren dominar con potencia, pero tambi\u00e9n responde muy bien en la red y en el servicio, ofreciendo versatilidad total en el juego.<\/p>\n<p data-start=\"778\" data-end=\"998\"><strong>CARACTER\u00cdSTICAS:\u00a0<\/strong><\/p>\n<ul>\n<li data-section-id=\"xaedwu\" data-start=\"1042\" data-end=\"1075\"><strong data-start=\"1044\" data-end=\"1065\">Tama\u00f1o de cabeza:<\/strong> 100 in\u00b2.<\/li>\n<li data-section-id=\"1xfiz20\" data-start=\"1076\" data-end=\"1110\"><strong data-start=\"1078\" data-end=\"1087\">Peso:<\/strong> 300 g (sin encordar).<\/li>\n<li data-section-id=\"1xfiz20\" data-start=\"1076\" data-end=\"1110\"><strong data-start=\"1113\" data-end=\"1125\">Balance:<\/strong> 320 mm.<\/li>\n<li data-section-id=\"1xfiz20\" data-start=\"1076\" data-end=\"1110\"><strong data-start=\"1137\" data-end=\"1161\">Patr\u00f3n de encordado:<\/strong> 16&#215;19.<\/li>\n<li data-section-id=\"1rzotti\" data-start=\"1170\" data-end=\"1193\"><strong data-start=\"1172\" data-end=\"1185\">Longitud:<\/strong> 27 in.<\/li>\n<li data-section-id=\"1rzotti\" data-start=\"1170\" data-end=\"1193\"><strong data-start=\"1196\" data-end=\"1207\">Perfil:<\/strong> 24.5 mm \u2013 26.5 mm \u2013 23.0 mm.<\/li>\n<li data-section-id=\"1rzotti\" data-start=\"1170\" data-end=\"1193\"><strong data-start=\"1240\" data-end=\"1253\">Material:<\/strong> Grafito HM.<\/li>\n<li data-section-id=\"98rb6w\" data-start=\"1477\" data-end=\"1599\"><strong data-start=\"1479\" data-end=\"1494\">ISOMETRIC&#x2122;:<\/strong> Ampl\u00eda el punto dulce hasta un 7%, mejorando potencia y control.<\/li>\n<li data-section-id=\"z0v7f8\" data-start=\"1600\" data-end=\"1733\"><strong data-start=\"1602\" data-end=\"1621\">2G-Namd&#x2122; Speed:<\/strong> Optimiza la flexi\u00f3n del marco para generar mayor velocidad y respuesta.<\/li>\n<li data-section-id=\"76hlx5\" data-start=\"1734\" data-end=\"1850\"><strong data-start=\"1736\" data-end=\"1771\">VDM (Vibration Dampening Mesh):<\/strong> Reduce vibraciones para mayor confort.<\/li>\n<li data-section-id=\"f8kpo\" data-start=\"1851\" data-end=\"1970\"><strong data-start=\"1853\" data-end=\"1865\">Minolon:<\/strong> Material innovador que aporta una sensaci\u00f3n m\u00e1s suave y premium.<\/li>\n<\/ul>\n","protected":false},"excerpt":{"rendered":"<p>La Yonex EZONE 100 es una de las raquetas m\u00e1s equilibradas del mercado, dise\u00f1ada para jugadores intermedios y avanzados que buscan potencia f\u00e1cil, confort premium y gran tolerancia en cada golpe. Gracias a su dise\u00f1o isom\u00e9trico caracter\u00edstico, ofrece un punto dulce m\u00e1s amplio, lo que permite golpes m\u00e1s consistentes incluso cuando no impactas perfectamente la &hellip; <a href=\"https:\/\/deportenis.com.co\/webn\/product\/raqueta-yonex-ezone-100\/\" class=\"more-link\">Continue reading <span class=\"screen-reader-text\">Raqueta Yonex EZONE 100<\/span><\/a><\/p>\n","protected":false},"featured_media":11885,"comment_status":"open","ping_status":"closed","template":"","meta":[],"product_brand":[],"product_cat":[404],"product_tag":[357],"class_list":{"0":"post-11883","1":"product","2":"type-product","3":"status-publish","4":"has-post-thumbnail","6":"product_cat-yonex","7":"product_tag-300-g","10":"instock","11":"featured","12":"taxable","13":"shipping-taxable","14":"purchasable","15":"product-type-variable"},"yoast_head":"<!-- This site is optimized with the Yoast SEO plugin v27.5 - https:\/\/yoast.com\/product\/yoast-seo-wordpress\/ -->\n<title>Raqueta Yonex EZONE 100 - Deportenis<\/title>\n<meta name=\"description\" content=\"Raqueta Yonex EZONE 100: potencia explosiva, gran confort y punto dulce ampliado. Ideal para jugadores intermedios y avanzados que buscan m\u00e1ximo rendimiento.\" \/>\n<meta name=\"robots\" content=\"index, follow, max-snippet:-1, max-image-preview:large, max-video-preview:-1\" \/>\n<link rel=\"canonical\" href=\"https:\/\/deportenis.com.co\/webn\/product\/raqueta-yonex-ezone-100\/\" \/>\n<meta property=\"og:locale\" content=\"es_ES\" \/>\n<meta property=\"og:type\" content=\"article\" \/>\n<meta property=\"og:title\" content=\"Raqueta Yonex EZONE 100 - Deportenis\" \/>\n<meta property=\"og:description\" content=\"Raqueta Yonex EZONE 100: potencia explosiva, gran confort y punto dulce ampliado. Ideal para jugadores intermedios y avanzados que buscan m\u00e1ximo rendimiento.\" \/>\n<meta property=\"og:url\" content=\"https:\/\/deportenis.com.co\/webn\/product\/raqueta-yonex-ezone-100\/\" \/>\n<meta property=\"og:site_name\" content=\"Deportenis\" \/>\n<meta property=\"article:publisher\" content=\"https:\/\/es-la.facebook.com\/Deportenis-100144375089820\/videos\/servicio-de-encordado-y-mantenimiento-de-tus-raquetaspregunta-por-los-colores-y-\/286780695898417\/\" \/>\n<meta property=\"og:image\" content=\"https:\/\/deportenis.com.co\/webn\/wp-content\/uploads\/2026\/04\/EZONE-100-4.jpg\" \/>\n\t<meta property=\"og:image:width\" content=\"1000\" \/>\n\t<meta property=\"og:image:height\" content=\"1000\" \/>\n\t<meta property=\"og:image:type\" content=\"image\/jpeg\" \/>\n<meta name=\"twitter:card\" content=\"summary_large_image\" \/>\n<meta name=\"twitter:label1\" content=\"Tiempo de lectura\" \/>\n\t<meta name=\"twitter:data1\" content=\"2 minutos\" \/>\n<script type=\"application\/ld+json\" class=\"yoast-schema-graph\">{\"@context\":\"https:\\\/\\\/schema.org\",\"@graph\":[{\"@type\":\"WebPage\",\"@id\":\"https:\\\/\\\/deportenis.com.co\\\/webn\\\/product\\\/raqueta-yonex-ezone-100\\\/\",\"url\":\"https:\\\/\\\/deportenis.com.co\\\/webn\\\/product\\\/raqueta-yonex-ezone-100\\\/\",\"name\":\"Raqueta Yonex EZONE 100 - Deportenis\",\"isPartOf\":{\"@id\":\"https:\\\/\\\/deportenis.com.co\\\/webn\\\/#website\"},\"primaryImageOfPage\":{\"@id\":\"https:\\\/\\\/deportenis.com.co\\\/webn\\\/product\\\/raqueta-yonex-ezone-100\\\/#primaryimage\"},\"image\":{\"@id\":\"https:\\\/\\\/deportenis.com.co\\\/webn\\\/product\\\/raqueta-yonex-ezone-100\\\/#primaryimage\"},\"thumbnailUrl\":\"https:\\\/\\\/deportenis.com.co\\\/webn\\\/wp-content\\\/uploads\\\/2026\\\/04\\\/EZONE-100-4.jpg\",\"datePublished\":\"2026-04-21T16:16:01+00:00\",\"description\":\"Raqueta Yonex EZONE 100: potencia explosiva, gran confort y punto dulce ampliado. Ideal para jugadores intermedios y avanzados que buscan m\u00e1ximo rendimiento.\",\"breadcrumb\":{\"@id\":\"https:\\\/\\\/deportenis.com.co\\\/webn\\\/product\\\/raqueta-yonex-ezone-100\\\/#breadcrumb\"},\"inLanguage\":\"es\",\"potentialAction\":[{\"@type\":\"ReadAction\",\"target\":[\"https:\\\/\\\/deportenis.com.co\\\/webn\\\/product\\\/raqueta-yonex-ezone-100\\\/\"]}]},{\"@type\":\"ImageObject\",\"inLanguage\":\"es\",\"@id\":\"https:\\\/\\\/deportenis.com.co\\\/webn\\\/product\\\/raqueta-yonex-ezone-100\\\/#primaryimage\",\"url\":\"https:\\\/\\\/deportenis.com.co\\\/webn\\\/wp-content\\\/uploads\\\/2026\\\/04\\\/EZONE-100-4.jpg\",\"contentUrl\":\"https:\\\/\\\/deportenis.com.co\\\/webn\\\/wp-content\\\/uploads\\\/2026\\\/04\\\/EZONE-100-4.jpg\",\"width\":1000,\"height\":1000},{\"@type\":\"BreadcrumbList\",\"@id\":\"https:\\\/\\\/deportenis.com.co\\\/webn\\\/product\\\/raqueta-yonex-ezone-100\\\/#breadcrumb\",\"itemListElement\":[{\"@type\":\"ListItem\",\"position\":1,\"name\":\"Portada\",\"item\":\"https:\\\/\\\/deportenis.com.co\\\/webn\\\/\"},{\"@type\":\"ListItem\",\"position\":2,\"name\":\"Tienda\",\"item\":\"https:\\\/\\\/deportenis.com.co\\\/webn\\\/tienda\\\/\"},{\"@type\":\"ListItem\",\"position\":3,\"name\":\"Raqueta Yonex EZONE 100\"}]},{\"@type\":\"WebSite\",\"@id\":\"https:\\\/\\\/deportenis.com.co\\\/webn\\\/#website\",\"url\":\"https:\\\/\\\/deportenis.com.co\\\/webn\\\/\",\"name\":\"www.deportenis.com.co\",\"description\":\"Tienda Deportiva\",\"publisher\":{\"@id\":\"https:\\\/\\\/deportenis.com.co\\\/webn\\\/#organization\"},\"potentialAction\":[{\"@type\":\"SearchAction\",\"target\":{\"@type\":\"EntryPoint\",\"urlTemplate\":\"https:\\\/\\\/deportenis.com.co\\\/webn\\\/?s={search_term_string}\"},\"query-input\":{\"@type\":\"PropertyValueSpecification\",\"valueRequired\":true,\"valueName\":\"search_term_string\"}}],\"inLanguage\":\"es\"},{\"@type\":\"Organization\",\"@id\":\"https:\\\/\\\/deportenis.com.co\\\/webn\\\/#organization\",\"name\":\"Deportenis\",\"url\":\"https:\\\/\\\/deportenis.com.co\\\/webn\\\/\",\"logo\":{\"@type\":\"ImageObject\",\"inLanguage\":\"es\",\"@id\":\"https:\\\/\\\/deportenis.com.co\\\/webn\\\/#\\\/schema\\\/logo\\\/image\\\/\",\"url\":\"https:\\\/\\\/deportenis.com.co\\\/webn\\\/wp-content\\\/uploads\\\/2024\\\/07\\\/logo.png\",\"contentUrl\":\"https:\\\/\\\/deportenis.com.co\\\/webn\\\/wp-content\\\/uploads\\\/2024\\\/07\\\/logo.png\",\"width\":238,\"height\":200,\"caption\":\"Deportenis\"},\"image\":{\"@id\":\"https:\\\/\\\/deportenis.com.co\\\/webn\\\/#\\\/schema\\\/logo\\\/image\\\/\"},\"sameAs\":[\"https:\\\/\\\/es-la.facebook.com\\\/Deportenis-100144375089820\\\/videos\\\/servicio-de-encordado-y-mantenimiento-de-tus-raquetaspregunta-por-los-colores-y-\\\/286780695898417\\\/\",\"https:\\\/\\\/www.instagram.com\\\/invites\\\/contact\\\/?igsh=1u3n44d031yux&utm_content=67nx4x8\"]}]}<\/script>\n<!-- \/ Yoast SEO plugin. -->","yoast_head_json":{"title":"Raqueta Yonex EZONE 100 - Deportenis","description":"Raqueta Yonex EZONE 100: potencia explosiva, gran confort y punto dulce ampliado. Ideal para jugadores intermedios y avanzados que buscan m\u00e1ximo rendimiento.","robots":{"index":"index","follow":"follow","max-snippet":"max-snippet:-1","max-image-preview":"max-image-preview:large","max-video-preview":"max-video-preview:-1"},"canonical":"https:\/\/deportenis.com.co\/webn\/product\/raqueta-yonex-ezone-100\/","og_locale":"es_ES","og_type":"article","og_title":"Raqueta Yonex EZONE 100 - Deportenis","og_description":"Raqueta Yonex EZONE 100: potencia explosiva, gran confort y punto dulce ampliado. Ideal para jugadores intermedios y avanzados que buscan m\u00e1ximo rendimiento.","og_url":"https:\/\/deportenis.com.co\/webn\/product\/raqueta-yonex-ezone-100\/","og_site_name":"Deportenis","article_publisher":"https:\/\/es-la.facebook.com\/Deportenis-100144375089820\/videos\/servicio-de-encordado-y-mantenimiento-de-tus-raquetaspregunta-por-los-colores-y-\/286780695898417\/","og_image":[{"width":1000,"height":1000,"url":"https:\/\/deportenis.com.co\/webn\/wp-content\/uploads\/2026\/04\/EZONE-100-4.jpg","type":"image\/jpeg"}],"twitter_card":"summary_large_image","twitter_misc":{"Tiempo de lectura":"2 minutos"},"schema":{"@context":"https:\/\/schema.org","@graph":[{"@type":"WebPage","@id":"https:\/\/deportenis.com.co\/webn\/product\/raqueta-yonex-ezone-100\/","url":"https:\/\/deportenis.com.co\/webn\/product\/raqueta-yonex-ezone-100\/","name":"Raqueta Yonex EZONE 100 - Deportenis","isPartOf":{"@id":"https:\/\/deportenis.com.co\/webn\/#website"},"primaryImageOfPage":{"@id":"https:\/\/deportenis.com.co\/webn\/product\/raqueta-yonex-ezone-100\/#primaryimage"},"image":{"@id":"https:\/\/deportenis.com.co\/webn\/product\/raqueta-yonex-ezone-100\/#primaryimage"},"thumbnailUrl":"https:\/\/deportenis.com.co\/webn\/wp-content\/uploads\/2026\/04\/EZONE-100-4.jpg","datePublished":"2026-04-21T16:16:01+00:00","description":"Raqueta Yonex EZONE 100: potencia explosiva, gran confort y punto dulce ampliado. Ideal para jugadores intermedios y avanzados que buscan m\u00e1ximo rendimiento.","breadcrumb":{"@id":"https:\/\/deportenis.com.co\/webn\/product\/raqueta-yonex-ezone-100\/#breadcrumb"},"inLanguage":"es","potentialAction":[{"@type":"ReadAction","target":["https:\/\/deportenis.com.co\/webn\/product\/raqueta-yonex-ezone-100\/"]}]},{"@type":"ImageObject","inLanguage":"es","@id":"https:\/\/deportenis.com.co\/webn\/product\/raqueta-yonex-ezone-100\/#primaryimage","url":"https:\/\/deportenis.com.co\/webn\/wp-content\/uploads\/2026\/04\/EZONE-100-4.jpg","contentUrl":"https:\/\/deportenis.com.co\/webn\/wp-content\/uploads\/2026\/04\/EZONE-100-4.jpg","width":1000,"height":1000},{"@type":"BreadcrumbList","@id":"https:\/\/deportenis.com.co\/webn\/product\/raqueta-yonex-ezone-100\/#breadcrumb","itemListElement":[{"@type":"ListItem","position":1,"name":"Portada","item":"https:\/\/deportenis.com.co\/webn\/"},{"@type":"ListItem","position":2,"name":"Tienda","item":"https:\/\/deportenis.com.co\/webn\/tienda\/"},{"@type":"ListItem","position":3,"name":"Raqueta Yonex EZONE 100"}]},{"@type":"WebSite","@id":"https:\/\/deportenis.com.co\/webn\/#website","url":"https:\/\/deportenis.com.co\/webn\/","name":"www.deportenis.com.co","description":"Tienda Deportiva","publisher":{"@id":"https:\/\/deportenis.com.co\/webn\/#organization"},"potentialAction":[{"@type":"SearchAction","target":{"@type":"EntryPoint","urlTemplate":"https:\/\/deportenis.com.co\/webn\/?s={search_term_string}"},"query-input":{"@type":"PropertyValueSpecification","valueRequired":true,"valueName":"search_term_string"}}],"inLanguage":"es"},{"@type":"Organization","@id":"https:\/\/deportenis.com.co\/webn\/#organization","name":"Deportenis","url":"https:\/\/deportenis.com.co\/webn\/","logo":{"@type":"ImageObject","inLanguage":"es","@id":"https:\/\/deportenis.com.co\/webn\/#\/schema\/logo\/image\/","url":"https:\/\/deportenis.com.co\/webn\/wp-content\/uploads\/2024\/07\/logo.png","contentUrl":"https:\/\/deportenis.com.co\/webn\/wp-content\/uploads\/2024\/07\/logo.png","width":238,"height":200,"caption":"Deportenis"},"image":{"@id":"https:\/\/deportenis.com.co\/webn\/#\/schema\/logo\/image\/"},"sameAs":["https:\/\/es-la.facebook.com\/Deportenis-100144375089820\/videos\/servicio-de-encordado-y-mantenimiento-de-tus-raquetaspregunta-por-los-colores-y-\/286780695898417\/","https:\/\/www.instagram.com\/invites\/contact\/?igsh=1u3n44d031yux&utm_content=67nx4x8"]}]}},"_links":{"self":[{"href":"https:\/\/deportenis.com.co\/webn\/wp-json\/wp\/v2\/product\/11883","targetHints":{"allow":["GET"]}}],"collection":[{"href":"https:\/\/deportenis.com.co\/webn\/wp-json\/wp\/v2\/product"}],"about":[{"href":"https:\/\/deportenis.com.co\/webn\/wp-json\/wp\/v2\/types\/product"}],"replies":[{"embeddable":true,"href":"https:\/\/deportenis.com.co\/webn\/wp-json\/wp\/v2\/comments?post=11883"}],"version-history":[{"count":1,"href":"https:\/\/deportenis.com.co\/webn\/wp-json\/wp\/v2\/product\/11883\/revisions"}],"predecessor-version":[{"id":11889,"href":"https:\/\/deportenis.com.co\/webn\/wp-json\/wp\/v2\/product\/11883\/revisions\/11889"}],"wp:featuredmedia":[{"embeddable":true,"href":"https:\/\/deportenis.com.co\/webn\/wp-json\/wp\/v2\/media\/11885"}],"wp:attachment":[{"href":"https:\/\/deportenis.com.co\/webn\/wp-json\/wp\/v2\/media?parent=11883"}],"wp:term":[{"taxonomy":"product_brand","embeddable":true,"href":"https:\/\/deportenis.com.co\/webn\/wp-json\/wp\/v2\/product_brand?post=11883"},{"taxonomy":"product_cat","embeddable":true,"href":"https:\/\/deportenis.com.co\/webn\/wp-json\/wp\/v2\/product_cat?post=11883"},{"taxonomy":"product_tag","embeddable":true,"href":"https:\/\/deportenis.com.co\/webn\/wp-json\/wp\/v2\/product_tag?post=11883"}],"curies":[{"name":"wp","href":"https:\/\/api.w.org\/{rel}","templated":true}]}}