{"id":11709,"date":"2026-03-27T23:20:47","date_gmt":"2026-03-27T23:20:47","guid":{"rendered":"https:\/\/deportenis.com.co\/webn\/?post_type=product&#038;p=11709"},"modified":"2026-03-27T23:29:16","modified_gmt":"2026-03-27T23:29:16","slug":"raqueta-babolat-pure-aero-26-grafito-compuesto","status":"publish","type":"product","link":"https:\/\/deportenis.com.co\/webn\/product\/raqueta-babolat-pure-aero-26-grafito-compuesto\/","title":{"rendered":"Raqueta Babolat Pure Aero 26&#8243; &#8211; Grafito compuesto"},"content":{"rendered":"<p><a href=\"https:\/\/deportenis.com.co\/webn\/wp-content\/uploads\/2024\/09\/Babolat-9.jpg\"><img loading=\"lazy\" decoding=\"async\" class=\"alignnone wp-image-7178\" src=\"https:\/\/deportenis.com.co\/webn\/wp-content\/uploads\/2024\/09\/Babolat-9.jpg\" alt=\"\" width=\"273\" height=\"50\" \/><\/a><\/p>\n<p>Lleva tu juego al siguiente nivel con la <strong data-start=\"3284\" data-end=\"3317\">Raqueta Babolat Pure Aero 26&#8243;<\/strong>, una opci\u00f3n ideal para <strong data-start=\"3341\" data-end=\"3361\">j\u00f3venes tenistas<\/strong> que buscan <strong data-start=\"3373\" data-end=\"3411\">potencia, efecto y maniobrabilidad<\/strong>. Gracias a su estructura en <strong data-start=\"3440\" data-end=\"3461\">grafito compuesto<\/strong>, ofrece una sensaci\u00f3n ligera y resistente, perfecta para acompa\u00f1ar el desarrollo t\u00e9cnico en cancha. Su dise\u00f1o inspirado en la l\u00ednea <strong data-start=\"3594\" data-end=\"3607\">Pure Aero<\/strong> favorece un juego din\u00e1mico, agresivo y con mayor spin.<\/p>\n<p><strong>CARACTER\u00cdSTICAS:<\/strong><\/p>\n<ul>\n<li data-section-id=\"1anmnvw\" data-start=\"1702\" data-end=\"1735\"><strong data-start=\"1704\" data-end=\"1715\">Cabeza:<\/strong> 645 cm\u00b2 \/ 100 in\u00b2<\/li>\n<li data-section-id=\"1kggq2h\" data-start=\"1736\" data-end=\"1765\"><strong data-start=\"1738\" data-end=\"1748\">Largo:<\/strong> 660 mm \/ 26 in<\/li>\n<li data-section-id=\"iagibh\" data-start=\"1766\" data-end=\"1806\"><strong data-start=\"1768\" data-end=\"1792\">Peso:<\/strong> 240 g<\/li>\n<li data-section-id=\"5ogbhc\" data-start=\"1807\" data-end=\"1832\"><strong data-start=\"1809\" data-end=\"1826\">Swing Weight:<\/strong> 240<\/li>\n<li data-section-id=\"1d2ja45\" data-start=\"1833\" data-end=\"1867\"><strong data-start=\"1835\" data-end=\"1859\">Patr\u00f3n de encordado:<\/strong> 16&#215;17<\/li>\n<li><strong data-start=\"1701\" data-end=\"1711\">Funda:<\/strong>\u00a0No incluye funda<\/li>\n<\/ul>\n","protected":false},"excerpt":{"rendered":"<p>Lleva tu juego al siguiente nivel con la Raqueta Babolat Pure Aero 26&#8243;, una opci\u00f3n ideal para j\u00f3venes tenistas que buscan potencia, efecto y maniobrabilidad. Gracias a su estructura en grafito compuesto, ofrece una sensaci\u00f3n ligera y resistente, perfecta para acompa\u00f1ar el desarrollo t\u00e9cnico en cancha. Su dise\u00f1o inspirado en la l\u00ednea Pure Aero favorece &hellip; <a href=\"https:\/\/deportenis.com.co\/webn\/product\/raqueta-babolat-pure-aero-26-grafito-compuesto\/\" class=\"more-link\">Continue reading <span class=\"screen-reader-text\">Raqueta Babolat Pure Aero 26&#8243; &#8211; Grafito compuesto<\/span><\/a><\/p>\n","protected":false},"featured_media":11710,"comment_status":"open","ping_status":"closed","template":"","meta":[],"product_brand":[],"product_cat":[399],"product_tag":[335],"class_list":{"0":"post-11709","1":"product","2":"type-product","3":"status-publish","4":"has-post-thumbnail","6":"product_cat-399","7":"product_tag-raqueta-26","10":"instock","11":"featured","12":"taxable","13":"shipping-taxable","14":"purchasable","15":"product-type-simple"},"yoast_head":"<!-- This site is optimized with the Yoast SEO plugin v27.5 - https:\/\/yoast.com\/product\/yoast-seo-wordpress\/ -->\n<title>Raqueta Babolat Pure Aero 26&quot; - Grafito compuesto - Deportenis<\/title>\n<meta name=\"description\" content=\"Potencia, spin y control para j\u00f3venes tenistas. La Babolat Pure Aero 26&quot; en grafito compuesto ofrece ligereza, maniobrabilidad y gran rendimiento en cancha. Ideal para jugadores junior en desarrollo.\" \/>\n<meta name=\"robots\" content=\"index, follow, max-snippet:-1, max-image-preview:large, max-video-preview:-1\" \/>\n<link rel=\"canonical\" href=\"https:\/\/deportenis.com.co\/webn\/product\/raqueta-babolat-pure-aero-26-grafito-compuesto\/\" \/>\n<meta property=\"og:locale\" content=\"es_ES\" \/>\n<meta property=\"og:type\" content=\"article\" \/>\n<meta property=\"og:title\" content=\"Raqueta Babolat Pure Aero 26&quot; - Grafito compuesto - Deportenis\" \/>\n<meta property=\"og:description\" content=\"Potencia, spin y control para j\u00f3venes tenistas. La Babolat Pure Aero 26&quot; en grafito compuesto ofrece ligereza, maniobrabilidad y gran rendimiento en cancha. Ideal para jugadores junior en desarrollo.\" \/>\n<meta property=\"og:url\" content=\"https:\/\/deportenis.com.co\/webn\/product\/raqueta-babolat-pure-aero-26-grafito-compuesto\/\" \/>\n<meta property=\"og:site_name\" content=\"Deportenis\" \/>\n<meta property=\"article:publisher\" content=\"https:\/\/es-la.facebook.com\/Deportenis-100144375089820\/videos\/servicio-de-encordado-y-mantenimiento-de-tus-raquetaspregunta-por-los-colores-y-\/286780695898417\/\" \/>\n<meta property=\"article:modified_time\" content=\"2026-03-27T23:29:16+00:00\" \/>\n<meta property=\"og:image\" content=\"https:\/\/deportenis.com.co\/webn\/wp-content\/uploads\/2026\/03\/aero-26-4.jpg\" \/>\n\t<meta property=\"og:image:width\" content=\"1000\" \/>\n\t<meta property=\"og:image:height\" content=\"1000\" \/>\n\t<meta property=\"og:image:type\" content=\"image\/jpeg\" \/>\n<meta name=\"twitter:card\" content=\"summary_large_image\" \/>\n<meta name=\"twitter:label1\" content=\"Tiempo de lectura\" \/>\n\t<meta name=\"twitter:data1\" content=\"1 minuto\" \/>\n<script type=\"application\/ld+json\" class=\"yoast-schema-graph\">{\"@context\":\"https:\\\/\\\/schema.org\",\"@graph\":[{\"@type\":\"WebPage\",\"@id\":\"https:\\\/\\\/deportenis.com.co\\\/webn\\\/product\\\/raqueta-babolat-pure-aero-26-grafito-compuesto\\\/\",\"url\":\"https:\\\/\\\/deportenis.com.co\\\/webn\\\/product\\\/raqueta-babolat-pure-aero-26-grafito-compuesto\\\/\",\"name\":\"Raqueta Babolat Pure Aero 26\\\" - Grafito compuesto - Deportenis\",\"isPartOf\":{\"@id\":\"https:\\\/\\\/deportenis.com.co\\\/webn\\\/#website\"},\"primaryImageOfPage\":{\"@id\":\"https:\\\/\\\/deportenis.com.co\\\/webn\\\/product\\\/raqueta-babolat-pure-aero-26-grafito-compuesto\\\/#primaryimage\"},\"image\":{\"@id\":\"https:\\\/\\\/deportenis.com.co\\\/webn\\\/product\\\/raqueta-babolat-pure-aero-26-grafito-compuesto\\\/#primaryimage\"},\"thumbnailUrl\":\"https:\\\/\\\/deportenis.com.co\\\/webn\\\/wp-content\\\/uploads\\\/2026\\\/03\\\/aero-26-4.jpg\",\"datePublished\":\"2026-03-27T23:20:47+00:00\",\"dateModified\":\"2026-03-27T23:29:16+00:00\",\"description\":\"Potencia, spin y control para j\u00f3venes tenistas. La Babolat Pure Aero 26\\\" en grafito compuesto ofrece ligereza, maniobrabilidad y gran rendimiento en cancha. Ideal para jugadores junior en desarrollo.\",\"breadcrumb\":{\"@id\":\"https:\\\/\\\/deportenis.com.co\\\/webn\\\/product\\\/raqueta-babolat-pure-aero-26-grafito-compuesto\\\/#breadcrumb\"},\"inLanguage\":\"es\",\"potentialAction\":[{\"@type\":\"ReadAction\",\"target\":[\"https:\\\/\\\/deportenis.com.co\\\/webn\\\/product\\\/raqueta-babolat-pure-aero-26-grafito-compuesto\\\/\"]}]},{\"@type\":\"ImageObject\",\"inLanguage\":\"es\",\"@id\":\"https:\\\/\\\/deportenis.com.co\\\/webn\\\/product\\\/raqueta-babolat-pure-aero-26-grafito-compuesto\\\/#primaryimage\",\"url\":\"https:\\\/\\\/deportenis.com.co\\\/webn\\\/wp-content\\\/uploads\\\/2026\\\/03\\\/aero-26-4.jpg\",\"contentUrl\":\"https:\\\/\\\/deportenis.com.co\\\/webn\\\/wp-content\\\/uploads\\\/2026\\\/03\\\/aero-26-4.jpg\",\"width\":1000,\"height\":1000},{\"@type\":\"BreadcrumbList\",\"@id\":\"https:\\\/\\\/deportenis.com.co\\\/webn\\\/product\\\/raqueta-babolat-pure-aero-26-grafito-compuesto\\\/#breadcrumb\",\"itemListElement\":[{\"@type\":\"ListItem\",\"position\":1,\"name\":\"Portada\",\"item\":\"https:\\\/\\\/deportenis.com.co\\\/webn\\\/\"},{\"@type\":\"ListItem\",\"position\":2,\"name\":\"Tienda\",\"item\":\"https:\\\/\\\/deportenis.com.co\\\/webn\\\/tienda\\\/\"},{\"@type\":\"ListItem\",\"position\":3,\"name\":\"Raqueta Babolat Pure Aero 26&#8243; &#8211; Grafito compuesto\"}]},{\"@type\":\"WebSite\",\"@id\":\"https:\\\/\\\/deportenis.com.co\\\/webn\\\/#website\",\"url\":\"https:\\\/\\\/deportenis.com.co\\\/webn\\\/\",\"name\":\"www.deportenis.com.co\",\"description\":\"Tienda Deportiva\",\"publisher\":{\"@id\":\"https:\\\/\\\/deportenis.com.co\\\/webn\\\/#organization\"},\"potentialAction\":[{\"@type\":\"SearchAction\",\"target\":{\"@type\":\"EntryPoint\",\"urlTemplate\":\"https:\\\/\\\/deportenis.com.co\\\/webn\\\/?s={search_term_string}\"},\"query-input\":{\"@type\":\"PropertyValueSpecification\",\"valueRequired\":true,\"valueName\":\"search_term_string\"}}],\"inLanguage\":\"es\"},{\"@type\":\"Organization\",\"@id\":\"https:\\\/\\\/deportenis.com.co\\\/webn\\\/#organization\",\"name\":\"Deportenis\",\"url\":\"https:\\\/\\\/deportenis.com.co\\\/webn\\\/\",\"logo\":{\"@type\":\"ImageObject\",\"inLanguage\":\"es\",\"@id\":\"https:\\\/\\\/deportenis.com.co\\\/webn\\\/#\\\/schema\\\/logo\\\/image\\\/\",\"url\":\"https:\\\/\\\/deportenis.com.co\\\/webn\\\/wp-content\\\/uploads\\\/2024\\\/07\\\/logo.png\",\"contentUrl\":\"https:\\\/\\\/deportenis.com.co\\\/webn\\\/wp-content\\\/uploads\\\/2024\\\/07\\\/logo.png\",\"width\":238,\"height\":200,\"caption\":\"Deportenis\"},\"image\":{\"@id\":\"https:\\\/\\\/deportenis.com.co\\\/webn\\\/#\\\/schema\\\/logo\\\/image\\\/\"},\"sameAs\":[\"https:\\\/\\\/es-la.facebook.com\\\/Deportenis-100144375089820\\\/videos\\\/servicio-de-encordado-y-mantenimiento-de-tus-raquetaspregunta-por-los-colores-y-\\\/286780695898417\\\/\",\"https:\\\/\\\/www.instagram.com\\\/invites\\\/contact\\\/?igsh=1u3n44d031yux&utm_content=67nx4x8\"]}]}<\/script>\n<!-- \/ Yoast SEO plugin. -->","yoast_head_json":{"title":"Raqueta Babolat Pure Aero 26\" - Grafito compuesto - Deportenis","description":"Potencia, spin y control para j\u00f3venes tenistas. La Babolat Pure Aero 26\" en grafito compuesto ofrece ligereza, maniobrabilidad y gran rendimiento en cancha. Ideal para jugadores junior en desarrollo.","robots":{"index":"index","follow":"follow","max-snippet":"max-snippet:-1","max-image-preview":"max-image-preview:large","max-video-preview":"max-video-preview:-1"},"canonical":"https:\/\/deportenis.com.co\/webn\/product\/raqueta-babolat-pure-aero-26-grafito-compuesto\/","og_locale":"es_ES","og_type":"article","og_title":"Raqueta Babolat Pure Aero 26\" - Grafito compuesto - Deportenis","og_description":"Potencia, spin y control para j\u00f3venes tenistas. La Babolat Pure Aero 26\" en grafito compuesto ofrece ligereza, maniobrabilidad y gran rendimiento en cancha. Ideal para jugadores junior en desarrollo.","og_url":"https:\/\/deportenis.com.co\/webn\/product\/raqueta-babolat-pure-aero-26-grafito-compuesto\/","og_site_name":"Deportenis","article_publisher":"https:\/\/es-la.facebook.com\/Deportenis-100144375089820\/videos\/servicio-de-encordado-y-mantenimiento-de-tus-raquetaspregunta-por-los-colores-y-\/286780695898417\/","article_modified_time":"2026-03-27T23:29:16+00:00","og_image":[{"width":1000,"height":1000,"url":"https:\/\/deportenis.com.co\/webn\/wp-content\/uploads\/2026\/03\/aero-26-4.jpg","type":"image\/jpeg"}],"twitter_card":"summary_large_image","twitter_misc":{"Tiempo de lectura":"1 minuto"},"schema":{"@context":"https:\/\/schema.org","@graph":[{"@type":"WebPage","@id":"https:\/\/deportenis.com.co\/webn\/product\/raqueta-babolat-pure-aero-26-grafito-compuesto\/","url":"https:\/\/deportenis.com.co\/webn\/product\/raqueta-babolat-pure-aero-26-grafito-compuesto\/","name":"Raqueta Babolat Pure Aero 26\" - Grafito compuesto - Deportenis","isPartOf":{"@id":"https:\/\/deportenis.com.co\/webn\/#website"},"primaryImageOfPage":{"@id":"https:\/\/deportenis.com.co\/webn\/product\/raqueta-babolat-pure-aero-26-grafito-compuesto\/#primaryimage"},"image":{"@id":"https:\/\/deportenis.com.co\/webn\/product\/raqueta-babolat-pure-aero-26-grafito-compuesto\/#primaryimage"},"thumbnailUrl":"https:\/\/deportenis.com.co\/webn\/wp-content\/uploads\/2026\/03\/aero-26-4.jpg","datePublished":"2026-03-27T23:20:47+00:00","dateModified":"2026-03-27T23:29:16+00:00","description":"Potencia, spin y control para j\u00f3venes tenistas. La Babolat Pure Aero 26\" en grafito compuesto ofrece ligereza, maniobrabilidad y gran rendimiento en cancha. Ideal para jugadores junior en desarrollo.","breadcrumb":{"@id":"https:\/\/deportenis.com.co\/webn\/product\/raqueta-babolat-pure-aero-26-grafito-compuesto\/#breadcrumb"},"inLanguage":"es","potentialAction":[{"@type":"ReadAction","target":["https:\/\/deportenis.com.co\/webn\/product\/raqueta-babolat-pure-aero-26-grafito-compuesto\/"]}]},{"@type":"ImageObject","inLanguage":"es","@id":"https:\/\/deportenis.com.co\/webn\/product\/raqueta-babolat-pure-aero-26-grafito-compuesto\/#primaryimage","url":"https:\/\/deportenis.com.co\/webn\/wp-content\/uploads\/2026\/03\/aero-26-4.jpg","contentUrl":"https:\/\/deportenis.com.co\/webn\/wp-content\/uploads\/2026\/03\/aero-26-4.jpg","width":1000,"height":1000},{"@type":"BreadcrumbList","@id":"https:\/\/deportenis.com.co\/webn\/product\/raqueta-babolat-pure-aero-26-grafito-compuesto\/#breadcrumb","itemListElement":[{"@type":"ListItem","position":1,"name":"Portada","item":"https:\/\/deportenis.com.co\/webn\/"},{"@type":"ListItem","position":2,"name":"Tienda","item":"https:\/\/deportenis.com.co\/webn\/tienda\/"},{"@type":"ListItem","position":3,"name":"Raqueta Babolat Pure Aero 26&#8243; &#8211; Grafito compuesto"}]},{"@type":"WebSite","@id":"https:\/\/deportenis.com.co\/webn\/#website","url":"https:\/\/deportenis.com.co\/webn\/","name":"www.deportenis.com.co","description":"Tienda Deportiva","publisher":{"@id":"https:\/\/deportenis.com.co\/webn\/#organization"},"potentialAction":[{"@type":"SearchAction","target":{"@type":"EntryPoint","urlTemplate":"https:\/\/deportenis.com.co\/webn\/?s={search_term_string}"},"query-input":{"@type":"PropertyValueSpecification","valueRequired":true,"valueName":"search_term_string"}}],"inLanguage":"es"},{"@type":"Organization","@id":"https:\/\/deportenis.com.co\/webn\/#organization","name":"Deportenis","url":"https:\/\/deportenis.com.co\/webn\/","logo":{"@type":"ImageObject","inLanguage":"es","@id":"https:\/\/deportenis.com.co\/webn\/#\/schema\/logo\/image\/","url":"https:\/\/deportenis.com.co\/webn\/wp-content\/uploads\/2024\/07\/logo.png","contentUrl":"https:\/\/deportenis.com.co\/webn\/wp-content\/uploads\/2024\/07\/logo.png","width":238,"height":200,"caption":"Deportenis"},"image":{"@id":"https:\/\/deportenis.com.co\/webn\/#\/schema\/logo\/image\/"},"sameAs":["https:\/\/es-la.facebook.com\/Deportenis-100144375089820\/videos\/servicio-de-encordado-y-mantenimiento-de-tus-raquetaspregunta-por-los-colores-y-\/286780695898417\/","https:\/\/www.instagram.com\/invites\/contact\/?igsh=1u3n44d031yux&utm_content=67nx4x8"]}]}},"_links":{"self":[{"href":"https:\/\/deportenis.com.co\/webn\/wp-json\/wp\/v2\/product\/11709","targetHints":{"allow":["GET"]}}],"collection":[{"href":"https:\/\/deportenis.com.co\/webn\/wp-json\/wp\/v2\/product"}],"about":[{"href":"https:\/\/deportenis.com.co\/webn\/wp-json\/wp\/v2\/types\/product"}],"replies":[{"embeddable":true,"href":"https:\/\/deportenis.com.co\/webn\/wp-json\/wp\/v2\/comments?post=11709"}],"version-history":[{"count":3,"href":"https:\/\/deportenis.com.co\/webn\/wp-json\/wp\/v2\/product\/11709\/revisions"}],"predecessor-version":[{"id":11718,"href":"https:\/\/deportenis.com.co\/webn\/wp-json\/wp\/v2\/product\/11709\/revisions\/11718"}],"wp:featuredmedia":[{"embeddable":true,"href":"https:\/\/deportenis.com.co\/webn\/wp-json\/wp\/v2\/media\/11710"}],"wp:attachment":[{"href":"https:\/\/deportenis.com.co\/webn\/wp-json\/wp\/v2\/media?parent=11709"}],"wp:term":[{"taxonomy":"product_brand","embeddable":true,"href":"https:\/\/deportenis.com.co\/webn\/wp-json\/wp\/v2\/product_brand?post=11709"},{"taxonomy":"product_cat","embeddable":true,"href":"https:\/\/deportenis.com.co\/webn\/wp-json\/wp\/v2\/product_cat?post=11709"},{"taxonomy":"product_tag","embeddable":true,"href":"https:\/\/deportenis.com.co\/webn\/wp-json\/wp\/v2\/product_tag?post=11709"}],"curies":[{"name":"wp","href":"https:\/\/api.w.org\/{rel}","templated":true}]}}