{"id":11703,"date":"2026-03-27T23:04:13","date_gmt":"2026-03-27T23:04:13","guid":{"rendered":"https:\/\/deportenis.com.co\/webn\/?post_type=product&#038;p=11703"},"modified":"2026-03-27T23:32:55","modified_gmt":"2026-03-27T23:32:55","slug":"raqueta-babolat-pure-aero-26%e2%80%b3-grafito","status":"publish","type":"product","link":"https:\/\/deportenis.com.co\/webn\/product\/raqueta-babolat-pure-aero-26%e2%80%b3-grafito\/","title":{"rendered":"Raqueta Babolat Pure Aero 26\u2033 \u2013 Grafito"},"content":{"rendered":"<p><a href=\"https:\/\/deportenis.com.co\/webn\/wp-content\/uploads\/2024\/09\/Babolat-9.jpg\"><img loading=\"lazy\" decoding=\"async\" class=\"alignnone wp-image-7178\" src=\"https:\/\/deportenis.com.co\/webn\/wp-content\/uploads\/2024\/09\/Babolat-9.jpg\" alt=\"\" width=\"273\" height=\"50\" \/><\/a><\/p>\n<p>La <strong data-start=\"1500\" data-end=\"1517\">Pure Aero 26&#8243;<\/strong> est\u00e1 dise\u00f1ada para <strong data-start=\"1537\" data-end=\"1571\">j\u00f3venes jugadores competitivos<\/strong> que buscan una raqueta con excelente combinaci\u00f3n de <strong data-start=\"1624\" data-end=\"1662\">potencia, efecto y maniobrabilidad<\/strong>. Su estructura ligera y aerodin\u00e1mica facilita una mayor velocidad de swing y un juego m\u00e1s agresivo desde el fondo de la cancha.<\/p>\n<p><strong>CARACTER\u00cdSTICAS:<\/strong><\/p>\n<ul>\n<li data-section-id=\"it8ytm\" data-start=\"2288\" data-end=\"2331\"><strong data-start=\"2290\" data-end=\"2311\">Tama\u00f1o de cabeza:<\/strong> 645 cm\u00b2 \/ 100 in\u00b2<\/li>\n<li data-section-id=\"1jr1x59\" data-start=\"2332\" data-end=\"2362\"><strong data-start=\"2334\" data-end=\"2347\">Longitud:<\/strong> 26&#8243; \/ 660 mm<\/li>\n<li data-section-id=\"iagibh\" data-start=\"2363\" data-end=\"2403\"><strong data-start=\"2365\" data-end=\"2389\">Peso (sin encordar):<\/strong> 250 g \u00b1 7 g<\/li>\n<li data-section-id=\"1sr69m9\" data-start=\"2404\" data-end=\"2449\"><strong data-start=\"2406\" data-end=\"2433\">Balance (sin encordar):<\/strong> 325 mm \u00b1 7 mm<\/li>\n<li data-section-id=\"5ogbhc\" data-start=\"2450\" data-end=\"2475\"><strong data-start=\"2452\" data-end=\"2469\">Swing Weight:<\/strong> 250<\/li>\n<li data-section-id=\"1d2ja45\" data-start=\"2476\" data-end=\"2510\"><strong data-start=\"2478\" data-end=\"2502\">Patr\u00f3n de encordado:<\/strong> 16&#215;19<\/li>\n<li data-section-id=\"lkydho\" data-start=\"2511\" data-end=\"2533\"><strong data-start=\"2513\" data-end=\"2525\">Rigidez:<\/strong> RA 65<\/li>\n<li data-section-id=\"f8s5ot\" data-start=\"2534\" data-end=\"2571\"><strong data-start=\"2536\" data-end=\"2557\">Perfil del marco:<\/strong> 23-26-23 mm<\/li>\n<li data-section-id=\"3m86o1\" data-start=\"2572\" data-end=\"2600\"><strong data-start=\"2574\" data-end=\"2590\">Composici\u00f3n:<\/strong> Grafito<\/li>\n<li data-section-id=\"3m86o1\" data-start=\"2572\" data-end=\"2600\"><strong data-start=\"1701\" data-end=\"1711\">Funda:<\/strong>\u00a0No incluye funda\n<div id=\"woocommerce-tabs\" class=\"woocommerce-tabs wc-tabs-wrapper\">\n<div id=\"tab-description\" class=\"woocommerce-Tabs-panel woocommerce-Tabs-panel--description panel entry-content wc-tab\" role=\"tabpanel\" aria-labelledby=\"tbay-wc-tab-description\">\n<div class=\"tbay-product-description \">\n<div class=\"tbay-product-description--content\"><\/div>\n<\/div>\n<\/div>\n<\/div>\n<\/li>\n<\/ul>\n","protected":false},"excerpt":{"rendered":"<p>La Pure Aero 26&#8243; est\u00e1 dise\u00f1ada para j\u00f3venes jugadores competitivos que buscan una raqueta con excelente combinaci\u00f3n de potencia, efecto y maniobrabilidad. Su estructura ligera y aerodin\u00e1mica facilita una mayor velocidad de swing y un juego m\u00e1s agresivo desde el fondo de la cancha. CARACTER\u00cdSTICAS: Tama\u00f1o de cabeza: 645 cm\u00b2 \/ 100 in\u00b2 Longitud: 26&#8243; &hellip; <a href=\"https:\/\/deportenis.com.co\/webn\/product\/raqueta-babolat-pure-aero-26%e2%80%b3-grafito\/\" class=\"more-link\">Continue reading <span class=\"screen-reader-text\">Raqueta Babolat Pure Aero 26\u2033 \u2013 Grafito<\/span><\/a><\/p>\n","protected":false},"featured_media":11704,"comment_status":"open","ping_status":"closed","template":"","meta":[],"product_brand":[],"product_cat":[399],"product_tag":[335],"class_list":{"0":"post-11703","1":"product","2":"type-product","3":"status-publish","4":"has-post-thumbnail","6":"product_cat-399","7":"product_tag-raqueta-26","10":"instock","11":"featured","12":"taxable","13":"shipping-taxable","14":"purchasable","15":"product-type-simple"},"yoast_head":"<!-- This site is optimized with the Yoast SEO plugin v27.5 - https:\/\/yoast.com\/product\/yoast-seo-wordpress\/ -->\n<title>Raqueta Babolat Pure Aero 26\u2033 \u2013 Grafito - Deportenis<\/title>\n<meta name=\"description\" content=\"Descubre la Raqueta Pure Aero 26&quot; Babolat Junior, dise\u00f1ada para j\u00f3venes tenistas que buscan potencia, efecto y control. Ligera, aerodin\u00e1mica y perfecta para mejorar el rendimiento en la cancha.\" \/>\n<meta name=\"robots\" content=\"index, follow, max-snippet:-1, max-image-preview:large, max-video-preview:-1\" \/>\n<link rel=\"canonical\" href=\"https:\/\/deportenis.com.co\/webn\/product\/raqueta-babolat-pure-aero-26\u2033-grafito\/\" \/>\n<meta property=\"og:locale\" content=\"es_ES\" \/>\n<meta property=\"og:type\" content=\"article\" \/>\n<meta property=\"og:title\" content=\"Raqueta Babolat Pure Aero 26\u2033 \u2013 Grafito - Deportenis\" \/>\n<meta property=\"og:description\" content=\"Descubre la Raqueta Pure Aero 26&quot; Babolat Junior, dise\u00f1ada para j\u00f3venes tenistas que buscan potencia, efecto y control. Ligera, aerodin\u00e1mica y perfecta para mejorar el rendimiento en la cancha.\" \/>\n<meta property=\"og:url\" content=\"https:\/\/deportenis.com.co\/webn\/product\/raqueta-babolat-pure-aero-26\u2033-grafito\/\" \/>\n<meta property=\"og:site_name\" content=\"Deportenis\" \/>\n<meta property=\"article:publisher\" content=\"https:\/\/es-la.facebook.com\/Deportenis-100144375089820\/videos\/servicio-de-encordado-y-mantenimiento-de-tus-raquetaspregunta-por-los-colores-y-\/286780695898417\/\" \/>\n<meta property=\"article:modified_time\" content=\"2026-03-27T23:32:55+00:00\" \/>\n<meta property=\"og:image\" content=\"https:\/\/deportenis.com.co\/webn\/wp-content\/uploads\/2026\/03\/aero-26.jpg\" \/>\n\t<meta property=\"og:image:width\" content=\"1000\" \/>\n\t<meta property=\"og:image:height\" content=\"1000\" \/>\n\t<meta property=\"og:image:type\" content=\"image\/jpeg\" \/>\n<meta name=\"twitter:card\" content=\"summary_large_image\" \/>\n<meta name=\"twitter:label1\" content=\"Tiempo de lectura\" \/>\n\t<meta name=\"twitter:data1\" content=\"1 minuto\" \/>\n<script type=\"application\/ld+json\" class=\"yoast-schema-graph\">{\"@context\":\"https:\\\/\\\/schema.org\",\"@graph\":[{\"@type\":\"WebPage\",\"@id\":\"https:\\\/\\\/deportenis.com.co\\\/webn\\\/product\\\/raqueta-babolat-pure-aero-26%e2%80%b3-grafito\\\/\",\"url\":\"https:\\\/\\\/deportenis.com.co\\\/webn\\\/product\\\/raqueta-babolat-pure-aero-26%e2%80%b3-grafito\\\/\",\"name\":\"Raqueta Babolat Pure Aero 26\u2033 \u2013 Grafito - Deportenis\",\"isPartOf\":{\"@id\":\"https:\\\/\\\/deportenis.com.co\\\/webn\\\/#website\"},\"primaryImageOfPage\":{\"@id\":\"https:\\\/\\\/deportenis.com.co\\\/webn\\\/product\\\/raqueta-babolat-pure-aero-26%e2%80%b3-grafito\\\/#primaryimage\"},\"image\":{\"@id\":\"https:\\\/\\\/deportenis.com.co\\\/webn\\\/product\\\/raqueta-babolat-pure-aero-26%e2%80%b3-grafito\\\/#primaryimage\"},\"thumbnailUrl\":\"https:\\\/\\\/deportenis.com.co\\\/webn\\\/wp-content\\\/uploads\\\/2026\\\/03\\\/aero-26.jpg\",\"datePublished\":\"2026-03-27T23:04:13+00:00\",\"dateModified\":\"2026-03-27T23:32:55+00:00\",\"description\":\"Descubre la Raqueta Pure Aero 26\\\" Babolat Junior, dise\u00f1ada para j\u00f3venes tenistas que buscan potencia, efecto y control. Ligera, aerodin\u00e1mica y perfecta para mejorar el rendimiento en la cancha.\",\"breadcrumb\":{\"@id\":\"https:\\\/\\\/deportenis.com.co\\\/webn\\\/product\\\/raqueta-babolat-pure-aero-26%e2%80%b3-grafito\\\/#breadcrumb\"},\"inLanguage\":\"es\",\"potentialAction\":[{\"@type\":\"ReadAction\",\"target\":[\"https:\\\/\\\/deportenis.com.co\\\/webn\\\/product\\\/raqueta-babolat-pure-aero-26%e2%80%b3-grafito\\\/\"]}]},{\"@type\":\"ImageObject\",\"inLanguage\":\"es\",\"@id\":\"https:\\\/\\\/deportenis.com.co\\\/webn\\\/product\\\/raqueta-babolat-pure-aero-26%e2%80%b3-grafito\\\/#primaryimage\",\"url\":\"https:\\\/\\\/deportenis.com.co\\\/webn\\\/wp-content\\\/uploads\\\/2026\\\/03\\\/aero-26.jpg\",\"contentUrl\":\"https:\\\/\\\/deportenis.com.co\\\/webn\\\/wp-content\\\/uploads\\\/2026\\\/03\\\/aero-26.jpg\",\"width\":1000,\"height\":1000},{\"@type\":\"BreadcrumbList\",\"@id\":\"https:\\\/\\\/deportenis.com.co\\\/webn\\\/product\\\/raqueta-babolat-pure-aero-26%e2%80%b3-grafito\\\/#breadcrumb\",\"itemListElement\":[{\"@type\":\"ListItem\",\"position\":1,\"name\":\"Portada\",\"item\":\"https:\\\/\\\/deportenis.com.co\\\/webn\\\/\"},{\"@type\":\"ListItem\",\"position\":2,\"name\":\"Tienda\",\"item\":\"https:\\\/\\\/deportenis.com.co\\\/webn\\\/tienda\\\/\"},{\"@type\":\"ListItem\",\"position\":3,\"name\":\"Raqueta Babolat Pure Aero 26\u2033 \u2013 Grafito\"}]},{\"@type\":\"WebSite\",\"@id\":\"https:\\\/\\\/deportenis.com.co\\\/webn\\\/#website\",\"url\":\"https:\\\/\\\/deportenis.com.co\\\/webn\\\/\",\"name\":\"www.deportenis.com.co\",\"description\":\"Tienda Deportiva\",\"publisher\":{\"@id\":\"https:\\\/\\\/deportenis.com.co\\\/webn\\\/#organization\"},\"potentialAction\":[{\"@type\":\"SearchAction\",\"target\":{\"@type\":\"EntryPoint\",\"urlTemplate\":\"https:\\\/\\\/deportenis.com.co\\\/webn\\\/?s={search_term_string}\"},\"query-input\":{\"@type\":\"PropertyValueSpecification\",\"valueRequired\":true,\"valueName\":\"search_term_string\"}}],\"inLanguage\":\"es\"},{\"@type\":\"Organization\",\"@id\":\"https:\\\/\\\/deportenis.com.co\\\/webn\\\/#organization\",\"name\":\"Deportenis\",\"url\":\"https:\\\/\\\/deportenis.com.co\\\/webn\\\/\",\"logo\":{\"@type\":\"ImageObject\",\"inLanguage\":\"es\",\"@id\":\"https:\\\/\\\/deportenis.com.co\\\/webn\\\/#\\\/schema\\\/logo\\\/image\\\/\",\"url\":\"https:\\\/\\\/deportenis.com.co\\\/webn\\\/wp-content\\\/uploads\\\/2024\\\/07\\\/logo.png\",\"contentUrl\":\"https:\\\/\\\/deportenis.com.co\\\/webn\\\/wp-content\\\/uploads\\\/2024\\\/07\\\/logo.png\",\"width\":238,\"height\":200,\"caption\":\"Deportenis\"},\"image\":{\"@id\":\"https:\\\/\\\/deportenis.com.co\\\/webn\\\/#\\\/schema\\\/logo\\\/image\\\/\"},\"sameAs\":[\"https:\\\/\\\/es-la.facebook.com\\\/Deportenis-100144375089820\\\/videos\\\/servicio-de-encordado-y-mantenimiento-de-tus-raquetaspregunta-por-los-colores-y-\\\/286780695898417\\\/\",\"https:\\\/\\\/www.instagram.com\\\/invites\\\/contact\\\/?igsh=1u3n44d031yux&utm_content=67nx4x8\"]}]}<\/script>\n<!-- \/ Yoast SEO plugin. -->","yoast_head_json":{"title":"Raqueta Babolat Pure Aero 26\u2033 \u2013 Grafito - Deportenis","description":"Descubre la Raqueta Pure Aero 26\" Babolat Junior, dise\u00f1ada para j\u00f3venes tenistas que buscan potencia, efecto y control. Ligera, aerodin\u00e1mica y perfecta para mejorar el rendimiento en la cancha.","robots":{"index":"index","follow":"follow","max-snippet":"max-snippet:-1","max-image-preview":"max-image-preview:large","max-video-preview":"max-video-preview:-1"},"canonical":"https:\/\/deportenis.com.co\/webn\/product\/raqueta-babolat-pure-aero-26\u2033-grafito\/","og_locale":"es_ES","og_type":"article","og_title":"Raqueta Babolat Pure Aero 26\u2033 \u2013 Grafito - Deportenis","og_description":"Descubre la Raqueta Pure Aero 26\" Babolat Junior, dise\u00f1ada para j\u00f3venes tenistas que buscan potencia, efecto y control. Ligera, aerodin\u00e1mica y perfecta para mejorar el rendimiento en la cancha.","og_url":"https:\/\/deportenis.com.co\/webn\/product\/raqueta-babolat-pure-aero-26\u2033-grafito\/","og_site_name":"Deportenis","article_publisher":"https:\/\/es-la.facebook.com\/Deportenis-100144375089820\/videos\/servicio-de-encordado-y-mantenimiento-de-tus-raquetaspregunta-por-los-colores-y-\/286780695898417\/","article_modified_time":"2026-03-27T23:32:55+00:00","og_image":[{"width":1000,"height":1000,"url":"https:\/\/deportenis.com.co\/webn\/wp-content\/uploads\/2026\/03\/aero-26.jpg","type":"image\/jpeg"}],"twitter_card":"summary_large_image","twitter_misc":{"Tiempo de lectura":"1 minuto"},"schema":{"@context":"https:\/\/schema.org","@graph":[{"@type":"WebPage","@id":"https:\/\/deportenis.com.co\/webn\/product\/raqueta-babolat-pure-aero-26%e2%80%b3-grafito\/","url":"https:\/\/deportenis.com.co\/webn\/product\/raqueta-babolat-pure-aero-26%e2%80%b3-grafito\/","name":"Raqueta Babolat Pure Aero 26\u2033 \u2013 Grafito - Deportenis","isPartOf":{"@id":"https:\/\/deportenis.com.co\/webn\/#website"},"primaryImageOfPage":{"@id":"https:\/\/deportenis.com.co\/webn\/product\/raqueta-babolat-pure-aero-26%e2%80%b3-grafito\/#primaryimage"},"image":{"@id":"https:\/\/deportenis.com.co\/webn\/product\/raqueta-babolat-pure-aero-26%e2%80%b3-grafito\/#primaryimage"},"thumbnailUrl":"https:\/\/deportenis.com.co\/webn\/wp-content\/uploads\/2026\/03\/aero-26.jpg","datePublished":"2026-03-27T23:04:13+00:00","dateModified":"2026-03-27T23:32:55+00:00","description":"Descubre la Raqueta Pure Aero 26\" Babolat Junior, dise\u00f1ada para j\u00f3venes tenistas que buscan potencia, efecto y control. Ligera, aerodin\u00e1mica y perfecta para mejorar el rendimiento en la cancha.","breadcrumb":{"@id":"https:\/\/deportenis.com.co\/webn\/product\/raqueta-babolat-pure-aero-26%e2%80%b3-grafito\/#breadcrumb"},"inLanguage":"es","potentialAction":[{"@type":"ReadAction","target":["https:\/\/deportenis.com.co\/webn\/product\/raqueta-babolat-pure-aero-26%e2%80%b3-grafito\/"]}]},{"@type":"ImageObject","inLanguage":"es","@id":"https:\/\/deportenis.com.co\/webn\/product\/raqueta-babolat-pure-aero-26%e2%80%b3-grafito\/#primaryimage","url":"https:\/\/deportenis.com.co\/webn\/wp-content\/uploads\/2026\/03\/aero-26.jpg","contentUrl":"https:\/\/deportenis.com.co\/webn\/wp-content\/uploads\/2026\/03\/aero-26.jpg","width":1000,"height":1000},{"@type":"BreadcrumbList","@id":"https:\/\/deportenis.com.co\/webn\/product\/raqueta-babolat-pure-aero-26%e2%80%b3-grafito\/#breadcrumb","itemListElement":[{"@type":"ListItem","position":1,"name":"Portada","item":"https:\/\/deportenis.com.co\/webn\/"},{"@type":"ListItem","position":2,"name":"Tienda","item":"https:\/\/deportenis.com.co\/webn\/tienda\/"},{"@type":"ListItem","position":3,"name":"Raqueta Babolat Pure Aero 26\u2033 \u2013 Grafito"}]},{"@type":"WebSite","@id":"https:\/\/deportenis.com.co\/webn\/#website","url":"https:\/\/deportenis.com.co\/webn\/","name":"www.deportenis.com.co","description":"Tienda Deportiva","publisher":{"@id":"https:\/\/deportenis.com.co\/webn\/#organization"},"potentialAction":[{"@type":"SearchAction","target":{"@type":"EntryPoint","urlTemplate":"https:\/\/deportenis.com.co\/webn\/?s={search_term_string}"},"query-input":{"@type":"PropertyValueSpecification","valueRequired":true,"valueName":"search_term_string"}}],"inLanguage":"es"},{"@type":"Organization","@id":"https:\/\/deportenis.com.co\/webn\/#organization","name":"Deportenis","url":"https:\/\/deportenis.com.co\/webn\/","logo":{"@type":"ImageObject","inLanguage":"es","@id":"https:\/\/deportenis.com.co\/webn\/#\/schema\/logo\/image\/","url":"https:\/\/deportenis.com.co\/webn\/wp-content\/uploads\/2024\/07\/logo.png","contentUrl":"https:\/\/deportenis.com.co\/webn\/wp-content\/uploads\/2024\/07\/logo.png","width":238,"height":200,"caption":"Deportenis"},"image":{"@id":"https:\/\/deportenis.com.co\/webn\/#\/schema\/logo\/image\/"},"sameAs":["https:\/\/es-la.facebook.com\/Deportenis-100144375089820\/videos\/servicio-de-encordado-y-mantenimiento-de-tus-raquetaspregunta-por-los-colores-y-\/286780695898417\/","https:\/\/www.instagram.com\/invites\/contact\/?igsh=1u3n44d031yux&utm_content=67nx4x8"]}]}},"_links":{"self":[{"href":"https:\/\/deportenis.com.co\/webn\/wp-json\/wp\/v2\/product\/11703","targetHints":{"allow":["GET"]}}],"collection":[{"href":"https:\/\/deportenis.com.co\/webn\/wp-json\/wp\/v2\/product"}],"about":[{"href":"https:\/\/deportenis.com.co\/webn\/wp-json\/wp\/v2\/types\/product"}],"replies":[{"embeddable":true,"href":"https:\/\/deportenis.com.co\/webn\/wp-json\/wp\/v2\/comments?post=11703"}],"version-history":[{"count":3,"href":"https:\/\/deportenis.com.co\/webn\/wp-json\/wp\/v2\/product\/11703\/revisions"}],"predecessor-version":[{"id":11721,"href":"https:\/\/deportenis.com.co\/webn\/wp-json\/wp\/v2\/product\/11703\/revisions\/11721"}],"wp:featuredmedia":[{"embeddable":true,"href":"https:\/\/deportenis.com.co\/webn\/wp-json\/wp\/v2\/media\/11704"}],"wp:attachment":[{"href":"https:\/\/deportenis.com.co\/webn\/wp-json\/wp\/v2\/media?parent=11703"}],"wp:term":[{"taxonomy":"product_brand","embeddable":true,"href":"https:\/\/deportenis.com.co\/webn\/wp-json\/wp\/v2\/product_brand?post=11703"},{"taxonomy":"product_cat","embeddable":true,"href":"https:\/\/deportenis.com.co\/webn\/wp-json\/wp\/v2\/product_cat?post=11703"},{"taxonomy":"product_tag","embeddable":true,"href":"https:\/\/deportenis.com.co\/webn\/wp-json\/wp\/v2\/product_tag?post=11703"}],"curies":[{"name":"wp","href":"https:\/\/api.w.org\/{rel}","templated":true}]}}