{"id":11636,"date":"2026-03-16T23:15:17","date_gmt":"2026-03-16T23:15:17","guid":{"rendered":"https:\/\/deportenis.com.co\/webn\/?post_type=product&#038;p=11636"},"modified":"2026-03-16T23:15:17","modified_gmt":"2026-03-16T23:15:17","slug":"pelotas-de-padel-wilson-premier-speed-3p","status":"publish","type":"product","link":"https:\/\/deportenis.com.co\/webn\/product\/pelotas-de-padel-wilson-premier-speed-3p\/","title":{"rendered":"Pelotas de Padel Wilson Premier Speed 3P"},"content":{"rendered":"<p><a href=\"https:\/\/deportenis.com.co\/webn\/wp-content\/uploads\/2024\/09\/WILSON-1.jpg\"><img loading=\"lazy\" decoding=\"async\" class=\"alignnone  wp-image-7132\" src=\"https:\/\/deportenis.com.co\/webn\/wp-content\/uploads\/2024\/09\/WILSON-1.jpg\" alt=\"\" width=\"187\" height=\"46\" \/><\/a><\/p>\n<p data-start=\"213\" data-end=\"467\">Las <strong data-start=\"217\" data-end=\"258\">Pelotas de P\u00e1del Wilson Premier Speed<\/strong> est\u00e1n dise\u00f1adas para ofrecer <strong data-start=\"288\" data-end=\"334\">velocidad, consistencia y alto rendimiento<\/strong> en cada partido. Son utilizadas en el circuito profesional de p\u00e1del y destacan por su excelente durabilidad y respuesta en la pista.<\/p>\n<p data-start=\"469\" data-end=\"803\">Gracias a su <strong data-start=\"482\" data-end=\"541\">n\u00facleo presurizado y fieltro de alta calidad Dura-Weave<\/strong>, estas pelotas proporcionan un <strong data-start=\"573\" data-end=\"610\">rebote uniforme y un juego r\u00e1pido<\/strong>, ideales para partidos competitivos y entrenamientos intensos. Su construcci\u00f3n permite mantener la presi\u00f3n por m\u00e1s tiempo, ofreciendo una sensaci\u00f3n de golpeo constante durante todo el partido.<\/p>\n<p data-start=\"805\" data-end=\"1006\">El bote incluye <strong data-start=\"821\" data-end=\"843\">3 pelotas de p\u00e1del<\/strong>, perfectas para jugadores que buscan rendimiento profesional y una experiencia de juego din\u00e1mica en cualquier tipo de pista.<\/p>\n","protected":false},"excerpt":{"rendered":"<p>Las Pelotas de P\u00e1del Wilson Premier Speed est\u00e1n dise\u00f1adas para ofrecer velocidad, consistencia y alto rendimiento en cada partido. Son utilizadas en el circuito profesional de p\u00e1del y destacan por su excelente durabilidad y respuesta en la pista. Gracias a su n\u00facleo presurizado y fieltro de alta calidad Dura-Weave, estas pelotas proporcionan un rebote uniforme &hellip; <a href=\"https:\/\/deportenis.com.co\/webn\/product\/pelotas-de-padel-wilson-premier-speed-3p\/\" class=\"more-link\">Continue reading <span class=\"screen-reader-text\">Pelotas de Padel Wilson Premier Speed 3P<\/span><\/a><\/p>\n","protected":false},"featured_media":11637,"comment_status":"open","ping_status":"closed","template":"","meta":[],"product_brand":[],"product_cat":[188],"product_tag":[],"class_list":{"0":"post-11636","1":"product","2":"type-product","3":"status-publish","4":"has-post-thumbnail","6":"product_cat-pelotas-padel","9":"instock","10":"featured","11":"taxable","12":"shipping-taxable","13":"purchasable","14":"product-type-simple"},"yoast_head":"<!-- This site is optimized with the Yoast SEO plugin v27.5 - https:\/\/yoast.com\/product\/yoast-seo-wordpress\/ -->\n<title>Pelotas de Padel Wilson Premier Speed 3P - Deportenis<\/title>\n<meta name=\"description\" content=\"Las Pelotas de P\u00e1del Wilson Premier Speed est\u00e1n dise\u00f1adas para ofrecer velocidad, consistencia y alto rendimiento en cada partido. Son utilizadas en el circuito profesional de p\u00e1del y destacan por su excelente durabilidad y respuesta en la pista.Gracias a su n\u00facleo presurizado y fieltro de alta calidad Dura-Weave, estas pelotas proporcionan un rebote uniforme y un juego r\u00e1pido, ideales para partidos competitivos y entrenamientos intensos. Su construcci\u00f3n permite mantener la presi\u00f3n por m\u00e1s tiempo, ofreciendo una sensaci\u00f3n de golpeo constante durante todo el partido.\" \/>\n<meta name=\"robots\" content=\"index, follow, max-snippet:-1, max-image-preview:large, max-video-preview:-1\" \/>\n<link rel=\"canonical\" href=\"https:\/\/deportenis.com.co\/webn\/product\/pelotas-de-padel-wilson-premier-speed-3p\/\" \/>\n<meta property=\"og:locale\" content=\"es_ES\" \/>\n<meta property=\"og:type\" content=\"article\" \/>\n<meta property=\"og:title\" content=\"Pelotas de Padel Wilson Premier Speed 3P - Deportenis\" \/>\n<meta property=\"og:description\" content=\"Las Pelotas de P\u00e1del Wilson Premier Speed est\u00e1n dise\u00f1adas para ofrecer velocidad, consistencia y alto rendimiento en cada partido. Son utilizadas en el circuito profesional de p\u00e1del y destacan por su excelente durabilidad y respuesta en la pista.Gracias a su n\u00facleo presurizado y fieltro de alta calidad Dura-Weave, estas pelotas proporcionan un rebote uniforme y un juego r\u00e1pido, ideales para partidos competitivos y entrenamientos intensos. Su construcci\u00f3n permite mantener la presi\u00f3n por m\u00e1s tiempo, ofreciendo una sensaci\u00f3n de golpeo constante durante todo el partido.\" \/>\n<meta property=\"og:url\" content=\"https:\/\/deportenis.com.co\/webn\/product\/pelotas-de-padel-wilson-premier-speed-3p\/\" \/>\n<meta property=\"og:site_name\" content=\"Deportenis\" \/>\n<meta property=\"article:publisher\" content=\"https:\/\/es-la.facebook.com\/Deportenis-100144375089820\/videos\/servicio-de-encordado-y-mantenimiento-de-tus-raquetaspregunta-por-los-colores-y-\/286780695898417\/\" \/>\n<meta property=\"og:image\" content=\"https:\/\/deportenis.com.co\/webn\/wp-content\/uploads\/2026\/03\/WILSON-PADEL.jpg\" \/>\n\t<meta property=\"og:image:width\" content=\"1000\" \/>\n\t<meta property=\"og:image:height\" content=\"1000\" \/>\n\t<meta property=\"og:image:type\" content=\"image\/jpeg\" \/>\n<meta name=\"twitter:card\" content=\"summary_large_image\" \/>\n<meta name=\"twitter:label1\" content=\"Tiempo de lectura\" \/>\n\t<meta name=\"twitter:data1\" content=\"1 minuto\" \/>\n<script type=\"application\/ld+json\" class=\"yoast-schema-graph\">{\"@context\":\"https:\\\/\\\/schema.org\",\"@graph\":[{\"@type\":\"WebPage\",\"@id\":\"https:\\\/\\\/deportenis.com.co\\\/webn\\\/product\\\/pelotas-de-padel-wilson-premier-speed-3p\\\/\",\"url\":\"https:\\\/\\\/deportenis.com.co\\\/webn\\\/product\\\/pelotas-de-padel-wilson-premier-speed-3p\\\/\",\"name\":\"Pelotas de Padel Wilson Premier Speed 3P - Deportenis\",\"isPartOf\":{\"@id\":\"https:\\\/\\\/deportenis.com.co\\\/webn\\\/#website\"},\"primaryImageOfPage\":{\"@id\":\"https:\\\/\\\/deportenis.com.co\\\/webn\\\/product\\\/pelotas-de-padel-wilson-premier-speed-3p\\\/#primaryimage\"},\"image\":{\"@id\":\"https:\\\/\\\/deportenis.com.co\\\/webn\\\/product\\\/pelotas-de-padel-wilson-premier-speed-3p\\\/#primaryimage\"},\"thumbnailUrl\":\"https:\\\/\\\/deportenis.com.co\\\/webn\\\/wp-content\\\/uploads\\\/2026\\\/03\\\/WILSON-PADEL.jpg\",\"datePublished\":\"2026-03-16T23:15:17+00:00\",\"description\":\"Las Pelotas de P\u00e1del Wilson Premier Speed est\u00e1n dise\u00f1adas para ofrecer velocidad, consistencia y alto rendimiento en cada partido. Son utilizadas en el circuito profesional de p\u00e1del y destacan por su excelente durabilidad y respuesta en la pista.Gracias a su n\u00facleo presurizado y fieltro de alta calidad Dura-Weave, estas pelotas proporcionan un rebote uniforme y un juego r\u00e1pido, ideales para partidos competitivos y entrenamientos intensos. Su construcci\u00f3n permite mantener la presi\u00f3n por m\u00e1s tiempo, ofreciendo una sensaci\u00f3n de golpeo constante durante todo el partido.\",\"breadcrumb\":{\"@id\":\"https:\\\/\\\/deportenis.com.co\\\/webn\\\/product\\\/pelotas-de-padel-wilson-premier-speed-3p\\\/#breadcrumb\"},\"inLanguage\":\"es\",\"potentialAction\":[{\"@type\":\"ReadAction\",\"target\":[\"https:\\\/\\\/deportenis.com.co\\\/webn\\\/product\\\/pelotas-de-padel-wilson-premier-speed-3p\\\/\"]}]},{\"@type\":\"ImageObject\",\"inLanguage\":\"es\",\"@id\":\"https:\\\/\\\/deportenis.com.co\\\/webn\\\/product\\\/pelotas-de-padel-wilson-premier-speed-3p\\\/#primaryimage\",\"url\":\"https:\\\/\\\/deportenis.com.co\\\/webn\\\/wp-content\\\/uploads\\\/2026\\\/03\\\/WILSON-PADEL.jpg\",\"contentUrl\":\"https:\\\/\\\/deportenis.com.co\\\/webn\\\/wp-content\\\/uploads\\\/2026\\\/03\\\/WILSON-PADEL.jpg\",\"width\":1000,\"height\":1000},{\"@type\":\"BreadcrumbList\",\"@id\":\"https:\\\/\\\/deportenis.com.co\\\/webn\\\/product\\\/pelotas-de-padel-wilson-premier-speed-3p\\\/#breadcrumb\",\"itemListElement\":[{\"@type\":\"ListItem\",\"position\":1,\"name\":\"Portada\",\"item\":\"https:\\\/\\\/deportenis.com.co\\\/webn\\\/\"},{\"@type\":\"ListItem\",\"position\":2,\"name\":\"Tienda\",\"item\":\"https:\\\/\\\/deportenis.com.co\\\/webn\\\/tienda\\\/\"},{\"@type\":\"ListItem\",\"position\":3,\"name\":\"Pelotas de Padel Wilson Premier Speed 3P\"}]},{\"@type\":\"WebSite\",\"@id\":\"https:\\\/\\\/deportenis.com.co\\\/webn\\\/#website\",\"url\":\"https:\\\/\\\/deportenis.com.co\\\/webn\\\/\",\"name\":\"www.deportenis.com.co\",\"description\":\"Tienda Deportiva\",\"publisher\":{\"@id\":\"https:\\\/\\\/deportenis.com.co\\\/webn\\\/#organization\"},\"potentialAction\":[{\"@type\":\"SearchAction\",\"target\":{\"@type\":\"EntryPoint\",\"urlTemplate\":\"https:\\\/\\\/deportenis.com.co\\\/webn\\\/?s={search_term_string}\"},\"query-input\":{\"@type\":\"PropertyValueSpecification\",\"valueRequired\":true,\"valueName\":\"search_term_string\"}}],\"inLanguage\":\"es\"},{\"@type\":\"Organization\",\"@id\":\"https:\\\/\\\/deportenis.com.co\\\/webn\\\/#organization\",\"name\":\"Deportenis\",\"url\":\"https:\\\/\\\/deportenis.com.co\\\/webn\\\/\",\"logo\":{\"@type\":\"ImageObject\",\"inLanguage\":\"es\",\"@id\":\"https:\\\/\\\/deportenis.com.co\\\/webn\\\/#\\\/schema\\\/logo\\\/image\\\/\",\"url\":\"https:\\\/\\\/deportenis.com.co\\\/webn\\\/wp-content\\\/uploads\\\/2024\\\/07\\\/logo.png\",\"contentUrl\":\"https:\\\/\\\/deportenis.com.co\\\/webn\\\/wp-content\\\/uploads\\\/2024\\\/07\\\/logo.png\",\"width\":238,\"height\":200,\"caption\":\"Deportenis\"},\"image\":{\"@id\":\"https:\\\/\\\/deportenis.com.co\\\/webn\\\/#\\\/schema\\\/logo\\\/image\\\/\"},\"sameAs\":[\"https:\\\/\\\/es-la.facebook.com\\\/Deportenis-100144375089820\\\/videos\\\/servicio-de-encordado-y-mantenimiento-de-tus-raquetaspregunta-por-los-colores-y-\\\/286780695898417\\\/\",\"https:\\\/\\\/www.instagram.com\\\/invites\\\/contact\\\/?igsh=1u3n44d031yux&utm_content=67nx4x8\"]}]}<\/script>\n<!-- \/ Yoast SEO plugin. -->","yoast_head_json":{"title":"Pelotas de Padel Wilson Premier Speed 3P - Deportenis","description":"Las Pelotas de P\u00e1del Wilson Premier Speed est\u00e1n dise\u00f1adas para ofrecer velocidad, consistencia y alto rendimiento en cada partido. Son utilizadas en el circuito profesional de p\u00e1del y destacan por su excelente durabilidad y respuesta en la pista.Gracias a su n\u00facleo presurizado y fieltro de alta calidad Dura-Weave, estas pelotas proporcionan un rebote uniforme y un juego r\u00e1pido, ideales para partidos competitivos y entrenamientos intensos. Su construcci\u00f3n permite mantener la presi\u00f3n por m\u00e1s tiempo, ofreciendo una sensaci\u00f3n de golpeo constante durante todo el partido.","robots":{"index":"index","follow":"follow","max-snippet":"max-snippet:-1","max-image-preview":"max-image-preview:large","max-video-preview":"max-video-preview:-1"},"canonical":"https:\/\/deportenis.com.co\/webn\/product\/pelotas-de-padel-wilson-premier-speed-3p\/","og_locale":"es_ES","og_type":"article","og_title":"Pelotas de Padel Wilson Premier Speed 3P - Deportenis","og_description":"Las Pelotas de P\u00e1del Wilson Premier Speed est\u00e1n dise\u00f1adas para ofrecer velocidad, consistencia y alto rendimiento en cada partido. Son utilizadas en el circuito profesional de p\u00e1del y destacan por su excelente durabilidad y respuesta en la pista.Gracias a su n\u00facleo presurizado y fieltro de alta calidad Dura-Weave, estas pelotas proporcionan un rebote uniforme y un juego r\u00e1pido, ideales para partidos competitivos y entrenamientos intensos. Su construcci\u00f3n permite mantener la presi\u00f3n por m\u00e1s tiempo, ofreciendo una sensaci\u00f3n de golpeo constante durante todo el partido.","og_url":"https:\/\/deportenis.com.co\/webn\/product\/pelotas-de-padel-wilson-premier-speed-3p\/","og_site_name":"Deportenis","article_publisher":"https:\/\/es-la.facebook.com\/Deportenis-100144375089820\/videos\/servicio-de-encordado-y-mantenimiento-de-tus-raquetaspregunta-por-los-colores-y-\/286780695898417\/","og_image":[{"width":1000,"height":1000,"url":"https:\/\/deportenis.com.co\/webn\/wp-content\/uploads\/2026\/03\/WILSON-PADEL.jpg","type":"image\/jpeg"}],"twitter_card":"summary_large_image","twitter_misc":{"Tiempo de lectura":"1 minuto"},"schema":{"@context":"https:\/\/schema.org","@graph":[{"@type":"WebPage","@id":"https:\/\/deportenis.com.co\/webn\/product\/pelotas-de-padel-wilson-premier-speed-3p\/","url":"https:\/\/deportenis.com.co\/webn\/product\/pelotas-de-padel-wilson-premier-speed-3p\/","name":"Pelotas de Padel Wilson Premier Speed 3P - Deportenis","isPartOf":{"@id":"https:\/\/deportenis.com.co\/webn\/#website"},"primaryImageOfPage":{"@id":"https:\/\/deportenis.com.co\/webn\/product\/pelotas-de-padel-wilson-premier-speed-3p\/#primaryimage"},"image":{"@id":"https:\/\/deportenis.com.co\/webn\/product\/pelotas-de-padel-wilson-premier-speed-3p\/#primaryimage"},"thumbnailUrl":"https:\/\/deportenis.com.co\/webn\/wp-content\/uploads\/2026\/03\/WILSON-PADEL.jpg","datePublished":"2026-03-16T23:15:17+00:00","description":"Las Pelotas de P\u00e1del Wilson Premier Speed est\u00e1n dise\u00f1adas para ofrecer velocidad, consistencia y alto rendimiento en cada partido. Son utilizadas en el circuito profesional de p\u00e1del y destacan por su excelente durabilidad y respuesta en la pista.Gracias a su n\u00facleo presurizado y fieltro de alta calidad Dura-Weave, estas pelotas proporcionan un rebote uniforme y un juego r\u00e1pido, ideales para partidos competitivos y entrenamientos intensos. Su construcci\u00f3n permite mantener la presi\u00f3n por m\u00e1s tiempo, ofreciendo una sensaci\u00f3n de golpeo constante durante todo el partido.","breadcrumb":{"@id":"https:\/\/deportenis.com.co\/webn\/product\/pelotas-de-padel-wilson-premier-speed-3p\/#breadcrumb"},"inLanguage":"es","potentialAction":[{"@type":"ReadAction","target":["https:\/\/deportenis.com.co\/webn\/product\/pelotas-de-padel-wilson-premier-speed-3p\/"]}]},{"@type":"ImageObject","inLanguage":"es","@id":"https:\/\/deportenis.com.co\/webn\/product\/pelotas-de-padel-wilson-premier-speed-3p\/#primaryimage","url":"https:\/\/deportenis.com.co\/webn\/wp-content\/uploads\/2026\/03\/WILSON-PADEL.jpg","contentUrl":"https:\/\/deportenis.com.co\/webn\/wp-content\/uploads\/2026\/03\/WILSON-PADEL.jpg","width":1000,"height":1000},{"@type":"BreadcrumbList","@id":"https:\/\/deportenis.com.co\/webn\/product\/pelotas-de-padel-wilson-premier-speed-3p\/#breadcrumb","itemListElement":[{"@type":"ListItem","position":1,"name":"Portada","item":"https:\/\/deportenis.com.co\/webn\/"},{"@type":"ListItem","position":2,"name":"Tienda","item":"https:\/\/deportenis.com.co\/webn\/tienda\/"},{"@type":"ListItem","position":3,"name":"Pelotas de Padel Wilson Premier Speed 3P"}]},{"@type":"WebSite","@id":"https:\/\/deportenis.com.co\/webn\/#website","url":"https:\/\/deportenis.com.co\/webn\/","name":"www.deportenis.com.co","description":"Tienda Deportiva","publisher":{"@id":"https:\/\/deportenis.com.co\/webn\/#organization"},"potentialAction":[{"@type":"SearchAction","target":{"@type":"EntryPoint","urlTemplate":"https:\/\/deportenis.com.co\/webn\/?s={search_term_string}"},"query-input":{"@type":"PropertyValueSpecification","valueRequired":true,"valueName":"search_term_string"}}],"inLanguage":"es"},{"@type":"Organization","@id":"https:\/\/deportenis.com.co\/webn\/#organization","name":"Deportenis","url":"https:\/\/deportenis.com.co\/webn\/","logo":{"@type":"ImageObject","inLanguage":"es","@id":"https:\/\/deportenis.com.co\/webn\/#\/schema\/logo\/image\/","url":"https:\/\/deportenis.com.co\/webn\/wp-content\/uploads\/2024\/07\/logo.png","contentUrl":"https:\/\/deportenis.com.co\/webn\/wp-content\/uploads\/2024\/07\/logo.png","width":238,"height":200,"caption":"Deportenis"},"image":{"@id":"https:\/\/deportenis.com.co\/webn\/#\/schema\/logo\/image\/"},"sameAs":["https:\/\/es-la.facebook.com\/Deportenis-100144375089820\/videos\/servicio-de-encordado-y-mantenimiento-de-tus-raquetaspregunta-por-los-colores-y-\/286780695898417\/","https:\/\/www.instagram.com\/invites\/contact\/?igsh=1u3n44d031yux&utm_content=67nx4x8"]}]}},"_links":{"self":[{"href":"https:\/\/deportenis.com.co\/webn\/wp-json\/wp\/v2\/product\/11636","targetHints":{"allow":["GET"]}}],"collection":[{"href":"https:\/\/deportenis.com.co\/webn\/wp-json\/wp\/v2\/product"}],"about":[{"href":"https:\/\/deportenis.com.co\/webn\/wp-json\/wp\/v2\/types\/product"}],"replies":[{"embeddable":true,"href":"https:\/\/deportenis.com.co\/webn\/wp-json\/wp\/v2\/comments?post=11636"}],"version-history":[{"count":1,"href":"https:\/\/deportenis.com.co\/webn\/wp-json\/wp\/v2\/product\/11636\/revisions"}],"predecessor-version":[{"id":11640,"href":"https:\/\/deportenis.com.co\/webn\/wp-json\/wp\/v2\/product\/11636\/revisions\/11640"}],"wp:featuredmedia":[{"embeddable":true,"href":"https:\/\/deportenis.com.co\/webn\/wp-json\/wp\/v2\/media\/11637"}],"wp:attachment":[{"href":"https:\/\/deportenis.com.co\/webn\/wp-json\/wp\/v2\/media?parent=11636"}],"wp:term":[{"taxonomy":"product_brand","embeddable":true,"href":"https:\/\/deportenis.com.co\/webn\/wp-json\/wp\/v2\/product_brand?post=11636"},{"taxonomy":"product_cat","embeddable":true,"href":"https:\/\/deportenis.com.co\/webn\/wp-json\/wp\/v2\/product_cat?post=11636"},{"taxonomy":"product_tag","embeddable":true,"href":"https:\/\/deportenis.com.co\/webn\/wp-json\/wp\/v2\/product_tag?post=11636"}],"curies":[{"name":"wp","href":"https:\/\/api.w.org\/{rel}","templated":true}]}}