{"id":11006,"date":"2026-01-17T19:38:44","date_gmt":"2026-01-17T19:38:44","guid":{"rendered":"https:\/\/deportenis.com.co\/webn\/?post_type=product&#038;p=11006"},"modified":"2026-04-07T20:12:50","modified_gmt":"2026-04-07T20:12:50","slug":"bolso-raquetero-wilson-roland-garros-team-6pk","status":"publish","type":"product","link":"https:\/\/deportenis.com.co\/webn\/product\/bolso-raquetero-wilson-roland-garros-team-6pk\/","title":{"rendered":"Bolso Raquetero Wilson Roland Garros Team 6PK"},"content":{"rendered":"<p><a href=\"https:\/\/deportenis.com.co\/webn\/wp-content\/uploads\/2024\/08\/wilson_marca.png\"><img loading=\"lazy\" decoding=\"async\" class=\"alignnone wp-image-6349\" src=\"https:\/\/deportenis.com.co\/webn\/wp-content\/uploads\/2024\/08\/wilson_marca.png\" alt=\"\" width=\"254\" height=\"92\" \/><\/a><\/p>\n<p data-start=\"365\" data-end=\"689\">El <strong data-start=\"368\" data-end=\"401\">Bolso Wilson Roland Garros x6<\/strong> es la combinaci\u00f3n perfecta entre elegancia, funcionalidad y rendimiento profesional. Inspirado en el prestigioso torneo de Roland Garros, este bolso ofrece capacidad para transportar hasta <strong data-start=\"591\" data-end=\"605\">6 raquetas<\/strong>, adem\u00e1s de compartimentos adicionales para accesorios, ropa y objetos personales.<\/p>\n<p data-start=\"691\" data-end=\"934\">Dise\u00f1ado con materiales resistentes y un acabado premium, garantiza protecci\u00f3n t\u00e9rmica y durabilidad incluso en condiciones exigentes. Ideal para jugadores competitivos que buscan comodidad, organizaci\u00f3n y estilo dentro y fuera de la cancha.<\/p>\n<p data-start=\"936\" data-end=\"989\">Lleva tu equipo con el nivel de un Grand Slam.<\/p>\n<p data-start=\"936\" data-end=\"989\"><strong>CARACTER\u00cdSTICAS:<\/strong><\/p>\n<ul>\n<li data-start=\"1037\" data-end=\"1078\">\n<p data-start=\"1039\" data-end=\"1078\">Capacidad para <strong data-start=\"1056\" data-end=\"1076\">hasta 6 raquetas.<\/strong><\/p>\n<\/li>\n<li data-start=\"1079\" data-end=\"1135\">\n<p data-start=\"1081\" data-end=\"1135\">Dise\u00f1o exclusivo <strong data-start=\"1100\" data-end=\"1133\">Roland Garros edici\u00f3n oficial.<\/strong><\/p>\n<\/li>\n<li data-start=\"1136\" data-end=\"1191\">\n<p data-start=\"1138\" data-end=\"1191\">Compartimentos principales con protecci\u00f3n t\u00e9rmica.<\/p>\n<\/li>\n<li data-start=\"1192\" data-end=\"1233\">\n<p data-start=\"1194\" data-end=\"1233\">Bolsillos laterales para accesorios.<\/p>\n<\/li>\n<li data-start=\"1234\" data-end=\"1282\">\n<p data-start=\"1236\" data-end=\"1282\">Correas acolchadas ajustables tipo mochila.<\/p>\n<\/li>\n<li data-start=\"1283\" data-end=\"1324\">\n<p data-start=\"1285\" data-end=\"1324\">Asa superior para transporte r\u00e1pido.<\/p>\n<\/li>\n<li data-start=\"1325\" data-end=\"1375\">\n<p data-start=\"1327\" data-end=\"1375\">Material resistente al desgaste y la humedad.<\/p>\n<\/li>\n<li data-start=\"1376\" data-end=\"1424\">\n<p data-start=\"1378\" data-end=\"1424\">Cremalleras reforzadas de alta durabilidad.<\/p>\n<\/li>\n<li>Dimensiones : 30 x 10 x 13,5 pulgadas \/ 76 cm x 25 cm x 34 cm.<\/li>\n<\/ul>\n","protected":false},"excerpt":{"rendered":"<p>El Bolso Wilson Roland Garros x6 es la combinaci\u00f3n perfecta entre elegancia, funcionalidad y rendimiento profesional. Inspirado en el prestigioso torneo de Roland Garros, este bolso ofrece capacidad para transportar hasta 6 raquetas, adem\u00e1s de compartimentos adicionales para accesorios, ropa y objetos personales. Dise\u00f1ado con materiales resistentes y un acabado premium, garantiza protecci\u00f3n t\u00e9rmica y &hellip; <a href=\"https:\/\/deportenis.com.co\/webn\/product\/bolso-raquetero-wilson-roland-garros-team-6pk\/\" class=\"more-link\">Continue reading <span class=\"screen-reader-text\">Bolso Raquetero Wilson Roland Garros Team 6PK<\/span><\/a><\/p>\n","protected":false},"featured_media":11009,"comment_status":"open","ping_status":"closed","template":"","meta":[],"product_brand":[],"product_cat":[183,15],"product_tag":[],"class_list":{"0":"post-11006","1":"product","2":"type-product","3":"status-publish","4":"has-post-thumbnail","6":"product_cat-morrales-y-thermobag","7":"product_cat-uncategorized","10":"instock","11":"taxable","12":"shipping-taxable","13":"purchasable","14":"product-type-simple"},"yoast_head":"<!-- This site is optimized with the Yoast SEO plugin v27.5 - https:\/\/yoast.com\/product\/yoast-seo-wordpress\/ -->\n<title>Bolso Raquetero Wilson Roland Garros Team 6PK - Deportenis<\/title>\n<meta name=\"description\" content=\"Bolso Wilson Roland Garros x6 para tenis. Transporte seguro, dise\u00f1o exclusivo y m\u00e1xima comodidad. \u00a1P\u00eddelo hoy en Deportenis!\" \/>\n<meta name=\"robots\" content=\"index, follow, max-snippet:-1, max-image-preview:large, max-video-preview:-1\" \/>\n<link rel=\"canonical\" href=\"https:\/\/deportenis.com.co\/webn\/product\/bolso-raquetero-wilson-roland-garros-team-6pk\/\" \/>\n<meta property=\"og:locale\" content=\"es_ES\" \/>\n<meta property=\"og:type\" content=\"article\" \/>\n<meta property=\"og:title\" content=\"Bolso Raquetero Wilson Roland Garros Team 6PK - Deportenis\" \/>\n<meta property=\"og:description\" content=\"Bolso Wilson Roland Garros x6 para tenis. Transporte seguro, dise\u00f1o exclusivo y m\u00e1xima comodidad. \u00a1P\u00eddelo hoy en Deportenis!\" \/>\n<meta property=\"og:url\" content=\"https:\/\/deportenis.com.co\/webn\/product\/bolso-raquetero-wilson-roland-garros-team-6pk\/\" \/>\n<meta property=\"og:site_name\" content=\"Deportenis\" \/>\n<meta property=\"article:publisher\" content=\"https:\/\/es-la.facebook.com\/Deportenis-100144375089820\/videos\/servicio-de-encordado-y-mantenimiento-de-tus-raquetaspregunta-por-los-colores-y-\/286780695898417\/\" \/>\n<meta property=\"article:modified_time\" content=\"2026-04-07T20:12:50+00:00\" \/>\n<meta property=\"og:image\" content=\"https:\/\/deportenis.com.co\/webn\/wp-content\/uploads\/2026\/01\/Bolso-ROLAND-GARROS-X6.jpg\" \/>\n\t<meta property=\"og:image:width\" content=\"1000\" \/>\n\t<meta property=\"og:image:height\" content=\"1000\" \/>\n\t<meta property=\"og:image:type\" content=\"image\/jpeg\" \/>\n<meta name=\"twitter:card\" content=\"summary_large_image\" \/>\n<meta name=\"twitter:label1\" content=\"Tiempo de lectura\" \/>\n\t<meta name=\"twitter:data1\" content=\"2 minutos\" \/>\n<script type=\"application\/ld+json\" class=\"yoast-schema-graph\">{\"@context\":\"https:\\\/\\\/schema.org\",\"@graph\":[{\"@type\":\"WebPage\",\"@id\":\"https:\\\/\\\/deportenis.com.co\\\/webn\\\/product\\\/bolso-raquetero-wilson-roland-garros-team-6pk\\\/\",\"url\":\"https:\\\/\\\/deportenis.com.co\\\/webn\\\/product\\\/bolso-raquetero-wilson-roland-garros-team-6pk\\\/\",\"name\":\"Bolso Raquetero Wilson Roland Garros Team 6PK - Deportenis\",\"isPartOf\":{\"@id\":\"https:\\\/\\\/deportenis.com.co\\\/webn\\\/#website\"},\"primaryImageOfPage\":{\"@id\":\"https:\\\/\\\/deportenis.com.co\\\/webn\\\/product\\\/bolso-raquetero-wilson-roland-garros-team-6pk\\\/#primaryimage\"},\"image\":{\"@id\":\"https:\\\/\\\/deportenis.com.co\\\/webn\\\/product\\\/bolso-raquetero-wilson-roland-garros-team-6pk\\\/#primaryimage\"},\"thumbnailUrl\":\"https:\\\/\\\/deportenis.com.co\\\/webn\\\/wp-content\\\/uploads\\\/2026\\\/01\\\/Bolso-ROLAND-GARROS-X6.jpg\",\"datePublished\":\"2026-01-17T19:38:44+00:00\",\"dateModified\":\"2026-04-07T20:12:50+00:00\",\"description\":\"Bolso Wilson Roland Garros x6 para tenis. Transporte seguro, dise\u00f1o exclusivo y m\u00e1xima comodidad. \u00a1P\u00eddelo hoy en Deportenis!\",\"breadcrumb\":{\"@id\":\"https:\\\/\\\/deportenis.com.co\\\/webn\\\/product\\\/bolso-raquetero-wilson-roland-garros-team-6pk\\\/#breadcrumb\"},\"inLanguage\":\"es\",\"potentialAction\":[{\"@type\":\"ReadAction\",\"target\":[\"https:\\\/\\\/deportenis.com.co\\\/webn\\\/product\\\/bolso-raquetero-wilson-roland-garros-team-6pk\\\/\"]}]},{\"@type\":\"ImageObject\",\"inLanguage\":\"es\",\"@id\":\"https:\\\/\\\/deportenis.com.co\\\/webn\\\/product\\\/bolso-raquetero-wilson-roland-garros-team-6pk\\\/#primaryimage\",\"url\":\"https:\\\/\\\/deportenis.com.co\\\/webn\\\/wp-content\\\/uploads\\\/2026\\\/01\\\/Bolso-ROLAND-GARROS-X6.jpg\",\"contentUrl\":\"https:\\\/\\\/deportenis.com.co\\\/webn\\\/wp-content\\\/uploads\\\/2026\\\/01\\\/Bolso-ROLAND-GARROS-X6.jpg\",\"width\":1000,\"height\":1000},{\"@type\":\"BreadcrumbList\",\"@id\":\"https:\\\/\\\/deportenis.com.co\\\/webn\\\/product\\\/bolso-raquetero-wilson-roland-garros-team-6pk\\\/#breadcrumb\",\"itemListElement\":[{\"@type\":\"ListItem\",\"position\":1,\"name\":\"Portada\",\"item\":\"https:\\\/\\\/deportenis.com.co\\\/webn\\\/\"},{\"@type\":\"ListItem\",\"position\":2,\"name\":\"Tienda\",\"item\":\"https:\\\/\\\/deportenis.com.co\\\/webn\\\/tienda\\\/\"},{\"@type\":\"ListItem\",\"position\":3,\"name\":\"Bolso Raquetero Wilson Roland Garros Team 6PK\"}]},{\"@type\":\"WebSite\",\"@id\":\"https:\\\/\\\/deportenis.com.co\\\/webn\\\/#website\",\"url\":\"https:\\\/\\\/deportenis.com.co\\\/webn\\\/\",\"name\":\"www.deportenis.com.co\",\"description\":\"Tienda Deportiva\",\"publisher\":{\"@id\":\"https:\\\/\\\/deportenis.com.co\\\/webn\\\/#organization\"},\"potentialAction\":[{\"@type\":\"SearchAction\",\"target\":{\"@type\":\"EntryPoint\",\"urlTemplate\":\"https:\\\/\\\/deportenis.com.co\\\/webn\\\/?s={search_term_string}\"},\"query-input\":{\"@type\":\"PropertyValueSpecification\",\"valueRequired\":true,\"valueName\":\"search_term_string\"}}],\"inLanguage\":\"es\"},{\"@type\":\"Organization\",\"@id\":\"https:\\\/\\\/deportenis.com.co\\\/webn\\\/#organization\",\"name\":\"Deportenis\",\"url\":\"https:\\\/\\\/deportenis.com.co\\\/webn\\\/\",\"logo\":{\"@type\":\"ImageObject\",\"inLanguage\":\"es\",\"@id\":\"https:\\\/\\\/deportenis.com.co\\\/webn\\\/#\\\/schema\\\/logo\\\/image\\\/\",\"url\":\"https:\\\/\\\/deportenis.com.co\\\/webn\\\/wp-content\\\/uploads\\\/2024\\\/07\\\/logo.png\",\"contentUrl\":\"https:\\\/\\\/deportenis.com.co\\\/webn\\\/wp-content\\\/uploads\\\/2024\\\/07\\\/logo.png\",\"width\":238,\"height\":200,\"caption\":\"Deportenis\"},\"image\":{\"@id\":\"https:\\\/\\\/deportenis.com.co\\\/webn\\\/#\\\/schema\\\/logo\\\/image\\\/\"},\"sameAs\":[\"https:\\\/\\\/es-la.facebook.com\\\/Deportenis-100144375089820\\\/videos\\\/servicio-de-encordado-y-mantenimiento-de-tus-raquetaspregunta-por-los-colores-y-\\\/286780695898417\\\/\",\"https:\\\/\\\/www.instagram.com\\\/invites\\\/contact\\\/?igsh=1u3n44d031yux&utm_content=67nx4x8\"]}]}<\/script>\n<!-- \/ Yoast SEO plugin. -->","yoast_head_json":{"title":"Bolso Raquetero Wilson Roland Garros Team 6PK - Deportenis","description":"Bolso Wilson Roland Garros x6 para tenis. Transporte seguro, dise\u00f1o exclusivo y m\u00e1xima comodidad. \u00a1P\u00eddelo hoy en Deportenis!","robots":{"index":"index","follow":"follow","max-snippet":"max-snippet:-1","max-image-preview":"max-image-preview:large","max-video-preview":"max-video-preview:-1"},"canonical":"https:\/\/deportenis.com.co\/webn\/product\/bolso-raquetero-wilson-roland-garros-team-6pk\/","og_locale":"es_ES","og_type":"article","og_title":"Bolso Raquetero Wilson Roland Garros Team 6PK - Deportenis","og_description":"Bolso Wilson Roland Garros x6 para tenis. Transporte seguro, dise\u00f1o exclusivo y m\u00e1xima comodidad. \u00a1P\u00eddelo hoy en Deportenis!","og_url":"https:\/\/deportenis.com.co\/webn\/product\/bolso-raquetero-wilson-roland-garros-team-6pk\/","og_site_name":"Deportenis","article_publisher":"https:\/\/es-la.facebook.com\/Deportenis-100144375089820\/videos\/servicio-de-encordado-y-mantenimiento-de-tus-raquetaspregunta-por-los-colores-y-\/286780695898417\/","article_modified_time":"2026-04-07T20:12:50+00:00","og_image":[{"width":1000,"height":1000,"url":"https:\/\/deportenis.com.co\/webn\/wp-content\/uploads\/2026\/01\/Bolso-ROLAND-GARROS-X6.jpg","type":"image\/jpeg"}],"twitter_card":"summary_large_image","twitter_misc":{"Tiempo de lectura":"2 minutos"},"schema":{"@context":"https:\/\/schema.org","@graph":[{"@type":"WebPage","@id":"https:\/\/deportenis.com.co\/webn\/product\/bolso-raquetero-wilson-roland-garros-team-6pk\/","url":"https:\/\/deportenis.com.co\/webn\/product\/bolso-raquetero-wilson-roland-garros-team-6pk\/","name":"Bolso Raquetero Wilson Roland Garros Team 6PK - Deportenis","isPartOf":{"@id":"https:\/\/deportenis.com.co\/webn\/#website"},"primaryImageOfPage":{"@id":"https:\/\/deportenis.com.co\/webn\/product\/bolso-raquetero-wilson-roland-garros-team-6pk\/#primaryimage"},"image":{"@id":"https:\/\/deportenis.com.co\/webn\/product\/bolso-raquetero-wilson-roland-garros-team-6pk\/#primaryimage"},"thumbnailUrl":"https:\/\/deportenis.com.co\/webn\/wp-content\/uploads\/2026\/01\/Bolso-ROLAND-GARROS-X6.jpg","datePublished":"2026-01-17T19:38:44+00:00","dateModified":"2026-04-07T20:12:50+00:00","description":"Bolso Wilson Roland Garros x6 para tenis. Transporte seguro, dise\u00f1o exclusivo y m\u00e1xima comodidad. \u00a1P\u00eddelo hoy en Deportenis!","breadcrumb":{"@id":"https:\/\/deportenis.com.co\/webn\/product\/bolso-raquetero-wilson-roland-garros-team-6pk\/#breadcrumb"},"inLanguage":"es","potentialAction":[{"@type":"ReadAction","target":["https:\/\/deportenis.com.co\/webn\/product\/bolso-raquetero-wilson-roland-garros-team-6pk\/"]}]},{"@type":"ImageObject","inLanguage":"es","@id":"https:\/\/deportenis.com.co\/webn\/product\/bolso-raquetero-wilson-roland-garros-team-6pk\/#primaryimage","url":"https:\/\/deportenis.com.co\/webn\/wp-content\/uploads\/2026\/01\/Bolso-ROLAND-GARROS-X6.jpg","contentUrl":"https:\/\/deportenis.com.co\/webn\/wp-content\/uploads\/2026\/01\/Bolso-ROLAND-GARROS-X6.jpg","width":1000,"height":1000},{"@type":"BreadcrumbList","@id":"https:\/\/deportenis.com.co\/webn\/product\/bolso-raquetero-wilson-roland-garros-team-6pk\/#breadcrumb","itemListElement":[{"@type":"ListItem","position":1,"name":"Portada","item":"https:\/\/deportenis.com.co\/webn\/"},{"@type":"ListItem","position":2,"name":"Tienda","item":"https:\/\/deportenis.com.co\/webn\/tienda\/"},{"@type":"ListItem","position":3,"name":"Bolso Raquetero Wilson Roland Garros Team 6PK"}]},{"@type":"WebSite","@id":"https:\/\/deportenis.com.co\/webn\/#website","url":"https:\/\/deportenis.com.co\/webn\/","name":"www.deportenis.com.co","description":"Tienda Deportiva","publisher":{"@id":"https:\/\/deportenis.com.co\/webn\/#organization"},"potentialAction":[{"@type":"SearchAction","target":{"@type":"EntryPoint","urlTemplate":"https:\/\/deportenis.com.co\/webn\/?s={search_term_string}"},"query-input":{"@type":"PropertyValueSpecification","valueRequired":true,"valueName":"search_term_string"}}],"inLanguage":"es"},{"@type":"Organization","@id":"https:\/\/deportenis.com.co\/webn\/#organization","name":"Deportenis","url":"https:\/\/deportenis.com.co\/webn\/","logo":{"@type":"ImageObject","inLanguage":"es","@id":"https:\/\/deportenis.com.co\/webn\/#\/schema\/logo\/image\/","url":"https:\/\/deportenis.com.co\/webn\/wp-content\/uploads\/2024\/07\/logo.png","contentUrl":"https:\/\/deportenis.com.co\/webn\/wp-content\/uploads\/2024\/07\/logo.png","width":238,"height":200,"caption":"Deportenis"},"image":{"@id":"https:\/\/deportenis.com.co\/webn\/#\/schema\/logo\/image\/"},"sameAs":["https:\/\/es-la.facebook.com\/Deportenis-100144375089820\/videos\/servicio-de-encordado-y-mantenimiento-de-tus-raquetaspregunta-por-los-colores-y-\/286780695898417\/","https:\/\/www.instagram.com\/invites\/contact\/?igsh=1u3n44d031yux&utm_content=67nx4x8"]}]}},"_links":{"self":[{"href":"https:\/\/deportenis.com.co\/webn\/wp-json\/wp\/v2\/product\/11006","targetHints":{"allow":["GET"]}}],"collection":[{"href":"https:\/\/deportenis.com.co\/webn\/wp-json\/wp\/v2\/product"}],"about":[{"href":"https:\/\/deportenis.com.co\/webn\/wp-json\/wp\/v2\/types\/product"}],"replies":[{"embeddable":true,"href":"https:\/\/deportenis.com.co\/webn\/wp-json\/wp\/v2\/comments?post=11006"}],"version-history":[{"count":0,"href":"https:\/\/deportenis.com.co\/webn\/wp-json\/wp\/v2\/product\/11006\/revisions"}],"wp:featuredmedia":[{"embeddable":true,"href":"https:\/\/deportenis.com.co\/webn\/wp-json\/wp\/v2\/media\/11009"}],"wp:attachment":[{"href":"https:\/\/deportenis.com.co\/webn\/wp-json\/wp\/v2\/media?parent=11006"}],"wp:term":[{"taxonomy":"product_brand","embeddable":true,"href":"https:\/\/deportenis.com.co\/webn\/wp-json\/wp\/v2\/product_brand?post=11006"},{"taxonomy":"product_cat","embeddable":true,"href":"https:\/\/deportenis.com.co\/webn\/wp-json\/wp\/v2\/product_cat?post=11006"},{"taxonomy":"product_tag","embeddable":true,"href":"https:\/\/deportenis.com.co\/webn\/wp-json\/wp\/v2\/product_tag?post=11006"}],"curies":[{"name":"wp","href":"https:\/\/api.w.org\/{rel}","templated":true}]}}