{"id":10360,"date":"2025-05-29T22:28:40","date_gmt":"2025-05-29T22:28:40","guid":{"rendered":"https:\/\/deportenis.com.co\/webn\/?post_type=product&#038;p=10360"},"modified":"2025-05-29T22:28:41","modified_gmt":"2025-05-29T22:28:41","slug":"malla-de-tenis-victor-classic","status":"publish","type":"product","link":"https:\/\/deportenis.com.co\/webn\/product\/malla-de-tenis-victor-classic\/","title":{"rendered":"Malla de Tenis Victor Classic"},"content":{"rendered":"<h4 data-start=\"765\" data-end=\"799\">Caracter\u00edsticas:<\/h4>\n<ul data-start=\"801\" data-end=\"1229\">\n<li data-start=\"801\" data-end=\"905\">\n<p data-start=\"803\" data-end=\"905\"><strong data-start=\"803\" data-end=\"825\">Dise\u00f1o Profesional<\/strong>: <span class=\"relative -mx-px my-[-0.2rem] rounded px-px py-[0.2rem] transition-colors duration-100 ease-in-out\">La malla est\u00e1 dise\u00f1ada para canchas de tenis de medidas profesionales, garantizando un ajuste perfecto y cumplimiento con los est\u00e1ndares oficiales.<\/span><\/p>\n<\/li>\n<li data-start=\"907\" data-end=\"1013\">\n<p data-start=\"909\" data-end=\"1013\"><strong data-start=\"909\" data-end=\"933\">Construcci\u00f3n Robusta<\/strong>: <span class=\"relative -mx-px my-[-0.2rem] rounded px-px py-[0.2rem] transition-colors duration-100 ease-in-out\">Cuenta con seis cuadros y refuerzos adicionales que aumentan su durabilidad, ideal para uso intensivo en clubes o torneos.<\/span><\/p>\n<\/li>\n<li data-start=\"1015\" data-end=\"1125\">\n<p data-start=\"1017\" data-end=\"1125\"><strong data-start=\"1017\" data-end=\"1045\">Material de Alta Calidad<\/strong>: <span class=\"relative -mx-px my-[-0.2rem] rounded px-px py-[0.2rem] transition-colors duration-100 ease-in-out\">Fabricada con materiales resistentes que aseguran una larga vida \u00fatil y un rendimiento \u00f3ptimo en diversas condiciones clim\u00e1ticas.<\/span><\/p>\n<\/li>\n<li data-start=\"1127\" data-end=\"1229\">\n<p data-start=\"1129\" data-end=\"1229\"><strong data-start=\"1129\" data-end=\"1149\">Marca Reconocida<\/strong>: <span class=\"relative -mx-px my-[-0.2rem] rounded px-px py-[0.2rem] transition-colors duration-100 ease-in-out\">Victor USA es conocida por su compromiso con la calidad en equipos deportivos, y esta malla no es la excepci\u00f3n.<\/span><\/p>\n<\/li>\n<li>Guaya en acero galvanizado de alta duraci\u00f3n.<\/li>\n<li>Malla en doble costura y costura laterales.<\/li>\n<li>cinta central incluida.<\/li>\n<li>Garant\u00eda de 2\u00a0a\u00f1os<\/li>\n<\/ul>\n","protected":false},"excerpt":{"rendered":"<p>Caracter\u00edsticas: Dise\u00f1o Profesional: La malla est\u00e1 dise\u00f1ada para canchas de tenis de medidas profesionales, garantizando un ajuste perfecto y cumplimiento con los est\u00e1ndares oficiales. Construcci\u00f3n Robusta: Cuenta con seis cuadros y refuerzos adicionales que aumentan su durabilidad, ideal para uso intensivo en clubes o torneos. Material de Alta Calidad: Fabricada con materiales resistentes que aseguran &hellip; <a href=\"https:\/\/deportenis.com.co\/webn\/product\/malla-de-tenis-victor-classic\/\" class=\"more-link\">Continue reading <span class=\"screen-reader-text\">Malla de Tenis Victor Classic<\/span><\/a><\/p>\n","protected":false},"featured_media":10364,"comment_status":"open","ping_status":"closed","template":"","meta":[],"product_brand":[],"product_cat":[393],"product_tag":[],"class_list":{"0":"post-10360","1":"product","2":"type-product","3":"status-publish","4":"has-post-thumbnail","6":"product_cat-cuidado-y-reparacion-de-canchas","9":"instock","10":"taxable","11":"shipping-taxable","12":"purchasable","13":"product-type-simple"},"yoast_head":"<!-- This site is optimized with the Yoast SEO plugin v27.5 - https:\/\/yoast.com\/product\/yoast-seo-wordpress\/ -->\n<title>Malla de Tenis Victor Classic - Deportenis<\/title>\n<meta name=\"robots\" content=\"index, follow, max-snippet:-1, max-image-preview:large, max-video-preview:-1\" \/>\n<link rel=\"canonical\" href=\"https:\/\/deportenis.com.co\/webn\/product\/malla-de-tenis-victor-classic\/\" \/>\n<meta property=\"og:locale\" content=\"es_ES\" \/>\n<meta property=\"og:type\" content=\"article\" \/>\n<meta property=\"og:title\" content=\"Malla de Tenis Victor Classic - Deportenis\" \/>\n<meta property=\"og:description\" content=\"Caracter\u00edsticas: Dise\u00f1o Profesional: La malla est\u00e1 dise\u00f1ada para canchas de tenis de medidas profesionales, garantizando un ajuste perfecto y cumplimiento con los est\u00e1ndares oficiales. Construcci\u00f3n Robusta: Cuenta con seis cuadros y refuerzos adicionales que aumentan su durabilidad, ideal para uso intensivo en clubes o torneos. Material de Alta Calidad: Fabricada con materiales resistentes que aseguran &hellip; Continue reading Malla de Tenis Victor Classic\" \/>\n<meta property=\"og:url\" content=\"https:\/\/deportenis.com.co\/webn\/product\/malla-de-tenis-victor-classic\/\" \/>\n<meta property=\"og:site_name\" content=\"Deportenis\" \/>\n<meta property=\"article:publisher\" content=\"https:\/\/es-la.facebook.com\/Deportenis-100144375089820\/videos\/servicio-de-encordado-y-mantenimiento-de-tus-raquetaspregunta-por-los-colores-y-\/286780695898417\/\" \/>\n<meta property=\"article:modified_time\" content=\"2025-05-29T22:28:41+00:00\" \/>\n<meta property=\"og:image\" content=\"https:\/\/deportenis.com.co\/webn\/wp-content\/uploads\/2025\/05\/MALLA.jpg\" \/>\n\t<meta property=\"og:image:width\" content=\"1000\" \/>\n\t<meta property=\"og:image:height\" content=\"1000\" \/>\n\t<meta property=\"og:image:type\" content=\"image\/jpeg\" \/>\n<meta name=\"twitter:card\" content=\"summary_large_image\" \/>\n<meta name=\"twitter:label1\" content=\"Tiempo de lectura\" \/>\n\t<meta name=\"twitter:data1\" content=\"1 minuto\" \/>\n<script type=\"application\/ld+json\" class=\"yoast-schema-graph\">{\"@context\":\"https:\\\/\\\/schema.org\",\"@graph\":[{\"@type\":\"WebPage\",\"@id\":\"https:\\\/\\\/deportenis.com.co\\\/webn\\\/product\\\/malla-de-tenis-victor-classic\\\/\",\"url\":\"https:\\\/\\\/deportenis.com.co\\\/webn\\\/product\\\/malla-de-tenis-victor-classic\\\/\",\"name\":\"Malla de Tenis Victor Classic - Deportenis\",\"isPartOf\":{\"@id\":\"https:\\\/\\\/deportenis.com.co\\\/webn\\\/#website\"},\"primaryImageOfPage\":{\"@id\":\"https:\\\/\\\/deportenis.com.co\\\/webn\\\/product\\\/malla-de-tenis-victor-classic\\\/#primaryimage\"},\"image\":{\"@id\":\"https:\\\/\\\/deportenis.com.co\\\/webn\\\/product\\\/malla-de-tenis-victor-classic\\\/#primaryimage\"},\"thumbnailUrl\":\"https:\\\/\\\/deportenis.com.co\\\/webn\\\/wp-content\\\/uploads\\\/2025\\\/05\\\/MALLA.jpg\",\"datePublished\":\"2025-05-29T22:28:40+00:00\",\"dateModified\":\"2025-05-29T22:28:41+00:00\",\"breadcrumb\":{\"@id\":\"https:\\\/\\\/deportenis.com.co\\\/webn\\\/product\\\/malla-de-tenis-victor-classic\\\/#breadcrumb\"},\"inLanguage\":\"es\",\"potentialAction\":[{\"@type\":\"ReadAction\",\"target\":[\"https:\\\/\\\/deportenis.com.co\\\/webn\\\/product\\\/malla-de-tenis-victor-classic\\\/\"]}]},{\"@type\":\"ImageObject\",\"inLanguage\":\"es\",\"@id\":\"https:\\\/\\\/deportenis.com.co\\\/webn\\\/product\\\/malla-de-tenis-victor-classic\\\/#primaryimage\",\"url\":\"https:\\\/\\\/deportenis.com.co\\\/webn\\\/wp-content\\\/uploads\\\/2025\\\/05\\\/MALLA.jpg\",\"contentUrl\":\"https:\\\/\\\/deportenis.com.co\\\/webn\\\/wp-content\\\/uploads\\\/2025\\\/05\\\/MALLA.jpg\",\"width\":1000,\"height\":1000},{\"@type\":\"BreadcrumbList\",\"@id\":\"https:\\\/\\\/deportenis.com.co\\\/webn\\\/product\\\/malla-de-tenis-victor-classic\\\/#breadcrumb\",\"itemListElement\":[{\"@type\":\"ListItem\",\"position\":1,\"name\":\"Portada\",\"item\":\"https:\\\/\\\/deportenis.com.co\\\/webn\\\/\"},{\"@type\":\"ListItem\",\"position\":2,\"name\":\"Tienda\",\"item\":\"https:\\\/\\\/deportenis.com.co\\\/webn\\\/tienda\\\/\"},{\"@type\":\"ListItem\",\"position\":3,\"name\":\"Malla de Tenis Victor Classic\"}]},{\"@type\":\"WebSite\",\"@id\":\"https:\\\/\\\/deportenis.com.co\\\/webn\\\/#website\",\"url\":\"https:\\\/\\\/deportenis.com.co\\\/webn\\\/\",\"name\":\"www.deportenis.com.co\",\"description\":\"Tienda Deportiva\",\"publisher\":{\"@id\":\"https:\\\/\\\/deportenis.com.co\\\/webn\\\/#organization\"},\"potentialAction\":[{\"@type\":\"SearchAction\",\"target\":{\"@type\":\"EntryPoint\",\"urlTemplate\":\"https:\\\/\\\/deportenis.com.co\\\/webn\\\/?s={search_term_string}\"},\"query-input\":{\"@type\":\"PropertyValueSpecification\",\"valueRequired\":true,\"valueName\":\"search_term_string\"}}],\"inLanguage\":\"es\"},{\"@type\":\"Organization\",\"@id\":\"https:\\\/\\\/deportenis.com.co\\\/webn\\\/#organization\",\"name\":\"Deportenis\",\"url\":\"https:\\\/\\\/deportenis.com.co\\\/webn\\\/\",\"logo\":{\"@type\":\"ImageObject\",\"inLanguage\":\"es\",\"@id\":\"https:\\\/\\\/deportenis.com.co\\\/webn\\\/#\\\/schema\\\/logo\\\/image\\\/\",\"url\":\"https:\\\/\\\/deportenis.com.co\\\/webn\\\/wp-content\\\/uploads\\\/2024\\\/07\\\/logo.png\",\"contentUrl\":\"https:\\\/\\\/deportenis.com.co\\\/webn\\\/wp-content\\\/uploads\\\/2024\\\/07\\\/logo.png\",\"width\":238,\"height\":200,\"caption\":\"Deportenis\"},\"image\":{\"@id\":\"https:\\\/\\\/deportenis.com.co\\\/webn\\\/#\\\/schema\\\/logo\\\/image\\\/\"},\"sameAs\":[\"https:\\\/\\\/es-la.facebook.com\\\/Deportenis-100144375089820\\\/videos\\\/servicio-de-encordado-y-mantenimiento-de-tus-raquetaspregunta-por-los-colores-y-\\\/286780695898417\\\/\",\"https:\\\/\\\/www.instagram.com\\\/invites\\\/contact\\\/?igsh=1u3n44d031yux&utm_content=67nx4x8\"]}]}<\/script>\n<!-- \/ Yoast SEO plugin. -->","yoast_head_json":{"title":"Malla de Tenis Victor Classic - Deportenis","robots":{"index":"index","follow":"follow","max-snippet":"max-snippet:-1","max-image-preview":"max-image-preview:large","max-video-preview":"max-video-preview:-1"},"canonical":"https:\/\/deportenis.com.co\/webn\/product\/malla-de-tenis-victor-classic\/","og_locale":"es_ES","og_type":"article","og_title":"Malla de Tenis Victor Classic - Deportenis","og_description":"Caracter\u00edsticas: Dise\u00f1o Profesional: La malla est\u00e1 dise\u00f1ada para canchas de tenis de medidas profesionales, garantizando un ajuste perfecto y cumplimiento con los est\u00e1ndares oficiales. Construcci\u00f3n Robusta: Cuenta con seis cuadros y refuerzos adicionales que aumentan su durabilidad, ideal para uso intensivo en clubes o torneos. Material de Alta Calidad: Fabricada con materiales resistentes que aseguran &hellip; Continue reading Malla de Tenis Victor Classic","og_url":"https:\/\/deportenis.com.co\/webn\/product\/malla-de-tenis-victor-classic\/","og_site_name":"Deportenis","article_publisher":"https:\/\/es-la.facebook.com\/Deportenis-100144375089820\/videos\/servicio-de-encordado-y-mantenimiento-de-tus-raquetaspregunta-por-los-colores-y-\/286780695898417\/","article_modified_time":"2025-05-29T22:28:41+00:00","og_image":[{"width":1000,"height":1000,"url":"https:\/\/deportenis.com.co\/webn\/wp-content\/uploads\/2025\/05\/MALLA.jpg","type":"image\/jpeg"}],"twitter_card":"summary_large_image","twitter_misc":{"Tiempo de lectura":"1 minuto"},"schema":{"@context":"https:\/\/schema.org","@graph":[{"@type":"WebPage","@id":"https:\/\/deportenis.com.co\/webn\/product\/malla-de-tenis-victor-classic\/","url":"https:\/\/deportenis.com.co\/webn\/product\/malla-de-tenis-victor-classic\/","name":"Malla de Tenis Victor Classic - Deportenis","isPartOf":{"@id":"https:\/\/deportenis.com.co\/webn\/#website"},"primaryImageOfPage":{"@id":"https:\/\/deportenis.com.co\/webn\/product\/malla-de-tenis-victor-classic\/#primaryimage"},"image":{"@id":"https:\/\/deportenis.com.co\/webn\/product\/malla-de-tenis-victor-classic\/#primaryimage"},"thumbnailUrl":"https:\/\/deportenis.com.co\/webn\/wp-content\/uploads\/2025\/05\/MALLA.jpg","datePublished":"2025-05-29T22:28:40+00:00","dateModified":"2025-05-29T22:28:41+00:00","breadcrumb":{"@id":"https:\/\/deportenis.com.co\/webn\/product\/malla-de-tenis-victor-classic\/#breadcrumb"},"inLanguage":"es","potentialAction":[{"@type":"ReadAction","target":["https:\/\/deportenis.com.co\/webn\/product\/malla-de-tenis-victor-classic\/"]}]},{"@type":"ImageObject","inLanguage":"es","@id":"https:\/\/deportenis.com.co\/webn\/product\/malla-de-tenis-victor-classic\/#primaryimage","url":"https:\/\/deportenis.com.co\/webn\/wp-content\/uploads\/2025\/05\/MALLA.jpg","contentUrl":"https:\/\/deportenis.com.co\/webn\/wp-content\/uploads\/2025\/05\/MALLA.jpg","width":1000,"height":1000},{"@type":"BreadcrumbList","@id":"https:\/\/deportenis.com.co\/webn\/product\/malla-de-tenis-victor-classic\/#breadcrumb","itemListElement":[{"@type":"ListItem","position":1,"name":"Portada","item":"https:\/\/deportenis.com.co\/webn\/"},{"@type":"ListItem","position":2,"name":"Tienda","item":"https:\/\/deportenis.com.co\/webn\/tienda\/"},{"@type":"ListItem","position":3,"name":"Malla de Tenis Victor Classic"}]},{"@type":"WebSite","@id":"https:\/\/deportenis.com.co\/webn\/#website","url":"https:\/\/deportenis.com.co\/webn\/","name":"www.deportenis.com.co","description":"Tienda Deportiva","publisher":{"@id":"https:\/\/deportenis.com.co\/webn\/#organization"},"potentialAction":[{"@type":"SearchAction","target":{"@type":"EntryPoint","urlTemplate":"https:\/\/deportenis.com.co\/webn\/?s={search_term_string}"},"query-input":{"@type":"PropertyValueSpecification","valueRequired":true,"valueName":"search_term_string"}}],"inLanguage":"es"},{"@type":"Organization","@id":"https:\/\/deportenis.com.co\/webn\/#organization","name":"Deportenis","url":"https:\/\/deportenis.com.co\/webn\/","logo":{"@type":"ImageObject","inLanguage":"es","@id":"https:\/\/deportenis.com.co\/webn\/#\/schema\/logo\/image\/","url":"https:\/\/deportenis.com.co\/webn\/wp-content\/uploads\/2024\/07\/logo.png","contentUrl":"https:\/\/deportenis.com.co\/webn\/wp-content\/uploads\/2024\/07\/logo.png","width":238,"height":200,"caption":"Deportenis"},"image":{"@id":"https:\/\/deportenis.com.co\/webn\/#\/schema\/logo\/image\/"},"sameAs":["https:\/\/es-la.facebook.com\/Deportenis-100144375089820\/videos\/servicio-de-encordado-y-mantenimiento-de-tus-raquetaspregunta-por-los-colores-y-\/286780695898417\/","https:\/\/www.instagram.com\/invites\/contact\/?igsh=1u3n44d031yux&utm_content=67nx4x8"]}]}},"_links":{"self":[{"href":"https:\/\/deportenis.com.co\/webn\/wp-json\/wp\/v2\/product\/10360","targetHints":{"allow":["GET"]}}],"collection":[{"href":"https:\/\/deportenis.com.co\/webn\/wp-json\/wp\/v2\/product"}],"about":[{"href":"https:\/\/deportenis.com.co\/webn\/wp-json\/wp\/v2\/types\/product"}],"replies":[{"embeddable":true,"href":"https:\/\/deportenis.com.co\/webn\/wp-json\/wp\/v2\/comments?post=10360"}],"version-history":[{"count":0,"href":"https:\/\/deportenis.com.co\/webn\/wp-json\/wp\/v2\/product\/10360\/revisions"}],"wp:featuredmedia":[{"embeddable":true,"href":"https:\/\/deportenis.com.co\/webn\/wp-json\/wp\/v2\/media\/10364"}],"wp:attachment":[{"href":"https:\/\/deportenis.com.co\/webn\/wp-json\/wp\/v2\/media?parent=10360"}],"wp:term":[{"taxonomy":"product_brand","embeddable":true,"href":"https:\/\/deportenis.com.co\/webn\/wp-json\/wp\/v2\/product_brand?post=10360"},{"taxonomy":"product_cat","embeddable":true,"href":"https:\/\/deportenis.com.co\/webn\/wp-json\/wp\/v2\/product_cat?post=10360"},{"taxonomy":"product_tag","embeddable":true,"href":"https:\/\/deportenis.com.co\/webn\/wp-json\/wp\/v2\/product_tag?post=10360"}],"curies":[{"name":"wp","href":"https:\/\/api.w.org\/{rel}","templated":true}]}}