{"id":10348,"date":"2025-05-29T20:41:57","date_gmt":"2025-05-29T20:41:57","guid":{"rendered":"https:\/\/deportenis.com.co\/webn\/?post_type=product&#038;p=10348"},"modified":"2025-05-29T20:41:57","modified_gmt":"2025-05-29T20:41:57","slug":"dunlop-atp-championship-x24","status":"publish","type":"product","link":"https:\/\/deportenis.com.co\/webn\/product\/dunlop-atp-championship-x24\/","title":{"rendered":"Dunlop ATP Championship X24"},"content":{"rendered":"<p><a href=\"https:\/\/deportenis.com.co\/webn\/wp-content\/uploads\/2022\/09\/dunlop.jpg\"><img loading=\"lazy\" decoding=\"async\" class=\"alignnone size-full wp-image-6232\" src=\"https:\/\/deportenis.com.co\/webn\/wp-content\/uploads\/2022\/09\/dunlop.jpg\" alt=\"\" width=\"250\" height=\"100\" \/><\/a><\/p>\n<p>Las <strong data-start=\"4\" data-end=\"80\">Pelotas de Tenis Dunlop ATP Championship \u2013 Caja de 24 tubos (72 pelotas)<\/strong> son una opci\u00f3n destacada para jugadores de clubes y aficionados que buscan calidad y durabilidad en sus entrenamientos y partidos.<\/p>\n<ul>\n<li data-start=\"117\" data-end=\"207\">\n<p data-start=\"119\" data-end=\"207\"><strong data-start=\"119\" data-end=\"131\">Cantidad<\/strong>: <span class=\"relative -mx-px my-[-0.2rem] rounded px-px py-[0.2rem] transition-colors duration-100 ease-in-out\">Caja con 24 tubos, cada uno con 3 pelotas, totalizando 72 pelotas.<\/span><\/p>\n<\/li>\n<li data-start=\"209\" data-end=\"352\">\n<p data-start=\"211\" data-end=\"352\"><strong data-start=\"211\" data-end=\"234\">Tecnolog\u00eda Max Core<\/strong>: <span class=\"relative -mx-px my-[-0.2rem] rounded px-px py-[0.2rem] transition-colors duration-100 ease-in-out\">N\u00facleo dise\u00f1ado para ofrecer un rendimiento consistente y \u00f3ptimo en todas las superficies de juego.<\/span><\/p>\n<\/li>\n<li data-start=\"354\" data-end=\"505\">\n<p data-start=\"356\" data-end=\"505\"><strong data-start=\"356\" data-end=\"385\">Fieltro Durafelt HD Cloth<\/strong>: <span class=\"relative -mx-px my-[-0.2rem] rounded px-px py-[0.2rem] transition-colors duration-100 ease-in-out\">Fieltro de alta densidad que proporciona una excelente durabilidad y consistencia en el bote.<\/span><\/p>\n<\/li>\n<li data-start=\"507\" data-end=\"651\">\n<p data-start=\"509\" data-end=\"651\"><strong data-start=\"509\" data-end=\"531\">Aprobaci\u00f3n Oficial<\/strong>: <span class=\"relative -mx-px my-[-0.2rem] rounded px-px py-[0.2rem] transition-colors duration-100 ease-in-out\">Endosadas por la ATP y aprobadas por la ITF y la USTA para competiciones oficiales.<\/span><\/p>\n<\/li>\n<li data-start=\"653\" data-end=\"791\">\n<p data-start=\"655\" data-end=\"791\"><strong data-start=\"655\" data-end=\"671\">Versatilidad<\/strong>: <span class=\"relative -mx-px my-[-0.2rem] rounded px-px py-[0.2rem] transition-colors duration-100 ease-in-out\">Adecuadas para todo tipo de superficies, incluyendo canchas duras, de arcilla y c\u00e9sped.<\/span><\/p>\n<\/li>\n<\/ul>\n","protected":false},"excerpt":{"rendered":"<p>Las Pelotas de Tenis Dunlop ATP Championship \u2013 Caja de 24 tubos (72 pelotas) son una opci\u00f3n destacada para jugadores de clubes y aficionados que buscan calidad y durabilidad en sus entrenamientos y partidos. Cantidad: Caja con 24 tubos, cada uno con 3 pelotas, totalizando 72 pelotas. Tecnolog\u00eda Max Core: N\u00facleo dise\u00f1ado para ofrecer un &hellip; <a href=\"https:\/\/deportenis.com.co\/webn\/product\/dunlop-atp-championship-x24\/\" class=\"more-link\">Continue reading <span class=\"screen-reader-text\">Dunlop ATP Championship X24<\/span><\/a><\/p>\n","protected":false},"featured_media":10349,"comment_status":"open","ping_status":"closed","template":"","meta":[],"product_brand":[],"product_cat":[228],"product_tag":[],"class_list":{"0":"post-10348","1":"product","2":"type-product","3":"status-publish","4":"has-post-thumbnail","6":"product_cat-dunlop","9":"instock","10":"taxable","11":"shipping-taxable","12":"purchasable","13":"product-type-simple"},"yoast_head":"<!-- This site is optimized with the Yoast SEO plugin v27.5 - https:\/\/yoast.com\/product\/yoast-seo-wordpress\/ -->\n<title>Dunlop ATP Championship X24 - Deportenis<\/title>\n<meta name=\"description\" content=\"Las Pelotas de Tenis Dunlop ATP Championship \u2013 Caja de 24 tubos (72 pelotas) son una opci\u00f3n destacada para jugadores de clubes y aficionados que buscan calidad y durabilidad en sus entrenamientos y partidos.\" \/>\n<meta name=\"robots\" content=\"index, follow, max-snippet:-1, max-image-preview:large, max-video-preview:-1\" \/>\n<link rel=\"canonical\" href=\"https:\/\/deportenis.com.co\/webn\/product\/dunlop-atp-championship-x24\/\" \/>\n<meta property=\"og:locale\" content=\"es_ES\" \/>\n<meta property=\"og:type\" content=\"article\" \/>\n<meta property=\"og:title\" content=\"Dunlop ATP Championship X24 - Deportenis\" \/>\n<meta property=\"og:description\" content=\"Las Pelotas de Tenis Dunlop ATP Championship \u2013 Caja de 24 tubos (72 pelotas) son una opci\u00f3n destacada para jugadores de clubes y aficionados que buscan calidad y durabilidad en sus entrenamientos y partidos.\" \/>\n<meta property=\"og:url\" content=\"https:\/\/deportenis.com.co\/webn\/product\/dunlop-atp-championship-x24\/\" \/>\n<meta property=\"og:site_name\" content=\"Deportenis\" \/>\n<meta property=\"article:publisher\" content=\"https:\/\/es-la.facebook.com\/Deportenis-100144375089820\/videos\/servicio-de-encordado-y-mantenimiento-de-tus-raquetaspregunta-por-los-colores-y-\/286780695898417\/\" \/>\n<meta property=\"og:image\" content=\"https:\/\/deportenis.com.co\/webn\/wp-content\/uploads\/2025\/05\/ATP-X24.jpg\" \/>\n\t<meta property=\"og:image:width\" content=\"1000\" \/>\n\t<meta property=\"og:image:height\" content=\"1000\" \/>\n\t<meta property=\"og:image:type\" content=\"image\/jpeg\" \/>\n<meta name=\"twitter:card\" content=\"summary_large_image\" \/>\n<meta name=\"twitter:label1\" content=\"Tiempo de lectura\" \/>\n\t<meta name=\"twitter:data1\" content=\"1 minuto\" \/>\n<script type=\"application\/ld+json\" class=\"yoast-schema-graph\">{\"@context\":\"https:\\\/\\\/schema.org\",\"@graph\":[{\"@type\":\"WebPage\",\"@id\":\"https:\\\/\\\/deportenis.com.co\\\/webn\\\/product\\\/dunlop-atp-championship-x24\\\/\",\"url\":\"https:\\\/\\\/deportenis.com.co\\\/webn\\\/product\\\/dunlop-atp-championship-x24\\\/\",\"name\":\"Dunlop ATP Championship X24 - Deportenis\",\"isPartOf\":{\"@id\":\"https:\\\/\\\/deportenis.com.co\\\/webn\\\/#website\"},\"primaryImageOfPage\":{\"@id\":\"https:\\\/\\\/deportenis.com.co\\\/webn\\\/product\\\/dunlop-atp-championship-x24\\\/#primaryimage\"},\"image\":{\"@id\":\"https:\\\/\\\/deportenis.com.co\\\/webn\\\/product\\\/dunlop-atp-championship-x24\\\/#primaryimage\"},\"thumbnailUrl\":\"https:\\\/\\\/deportenis.com.co\\\/webn\\\/wp-content\\\/uploads\\\/2025\\\/05\\\/ATP-X24.jpg\",\"datePublished\":\"2025-05-29T20:41:57+00:00\",\"description\":\"Las Pelotas de Tenis Dunlop ATP Championship \u2013 Caja de 24 tubos (72 pelotas) son una opci\u00f3n destacada para jugadores de clubes y aficionados que buscan calidad y durabilidad en sus entrenamientos y partidos.\",\"breadcrumb\":{\"@id\":\"https:\\\/\\\/deportenis.com.co\\\/webn\\\/product\\\/dunlop-atp-championship-x24\\\/#breadcrumb\"},\"inLanguage\":\"es\",\"potentialAction\":[{\"@type\":\"ReadAction\",\"target\":[\"https:\\\/\\\/deportenis.com.co\\\/webn\\\/product\\\/dunlop-atp-championship-x24\\\/\"]}]},{\"@type\":\"ImageObject\",\"inLanguage\":\"es\",\"@id\":\"https:\\\/\\\/deportenis.com.co\\\/webn\\\/product\\\/dunlop-atp-championship-x24\\\/#primaryimage\",\"url\":\"https:\\\/\\\/deportenis.com.co\\\/webn\\\/wp-content\\\/uploads\\\/2025\\\/05\\\/ATP-X24.jpg\",\"contentUrl\":\"https:\\\/\\\/deportenis.com.co\\\/webn\\\/wp-content\\\/uploads\\\/2025\\\/05\\\/ATP-X24.jpg\",\"width\":1000,\"height\":1000},{\"@type\":\"BreadcrumbList\",\"@id\":\"https:\\\/\\\/deportenis.com.co\\\/webn\\\/product\\\/dunlop-atp-championship-x24\\\/#breadcrumb\",\"itemListElement\":[{\"@type\":\"ListItem\",\"position\":1,\"name\":\"Portada\",\"item\":\"https:\\\/\\\/deportenis.com.co\\\/webn\\\/\"},{\"@type\":\"ListItem\",\"position\":2,\"name\":\"Tienda\",\"item\":\"https:\\\/\\\/deportenis.com.co\\\/webn\\\/tienda\\\/\"},{\"@type\":\"ListItem\",\"position\":3,\"name\":\"Dunlop ATP Championship X24\"}]},{\"@type\":\"WebSite\",\"@id\":\"https:\\\/\\\/deportenis.com.co\\\/webn\\\/#website\",\"url\":\"https:\\\/\\\/deportenis.com.co\\\/webn\\\/\",\"name\":\"www.deportenis.com.co\",\"description\":\"Tienda Deportiva\",\"publisher\":{\"@id\":\"https:\\\/\\\/deportenis.com.co\\\/webn\\\/#organization\"},\"potentialAction\":[{\"@type\":\"SearchAction\",\"target\":{\"@type\":\"EntryPoint\",\"urlTemplate\":\"https:\\\/\\\/deportenis.com.co\\\/webn\\\/?s={search_term_string}\"},\"query-input\":{\"@type\":\"PropertyValueSpecification\",\"valueRequired\":true,\"valueName\":\"search_term_string\"}}],\"inLanguage\":\"es\"},{\"@type\":\"Organization\",\"@id\":\"https:\\\/\\\/deportenis.com.co\\\/webn\\\/#organization\",\"name\":\"Deportenis\",\"url\":\"https:\\\/\\\/deportenis.com.co\\\/webn\\\/\",\"logo\":{\"@type\":\"ImageObject\",\"inLanguage\":\"es\",\"@id\":\"https:\\\/\\\/deportenis.com.co\\\/webn\\\/#\\\/schema\\\/logo\\\/image\\\/\",\"url\":\"https:\\\/\\\/deportenis.com.co\\\/webn\\\/wp-content\\\/uploads\\\/2024\\\/07\\\/logo.png\",\"contentUrl\":\"https:\\\/\\\/deportenis.com.co\\\/webn\\\/wp-content\\\/uploads\\\/2024\\\/07\\\/logo.png\",\"width\":238,\"height\":200,\"caption\":\"Deportenis\"},\"image\":{\"@id\":\"https:\\\/\\\/deportenis.com.co\\\/webn\\\/#\\\/schema\\\/logo\\\/image\\\/\"},\"sameAs\":[\"https:\\\/\\\/es-la.facebook.com\\\/Deportenis-100144375089820\\\/videos\\\/servicio-de-encordado-y-mantenimiento-de-tus-raquetaspregunta-por-los-colores-y-\\\/286780695898417\\\/\",\"https:\\\/\\\/www.instagram.com\\\/invites\\\/contact\\\/?igsh=1u3n44d031yux&utm_content=67nx4x8\"]}]}<\/script>\n<!-- \/ Yoast SEO plugin. -->","yoast_head_json":{"title":"Dunlop ATP Championship X24 - Deportenis","description":"Las Pelotas de Tenis Dunlop ATP Championship \u2013 Caja de 24 tubos (72 pelotas) son una opci\u00f3n destacada para jugadores de clubes y aficionados que buscan calidad y durabilidad en sus entrenamientos y partidos.","robots":{"index":"index","follow":"follow","max-snippet":"max-snippet:-1","max-image-preview":"max-image-preview:large","max-video-preview":"max-video-preview:-1"},"canonical":"https:\/\/deportenis.com.co\/webn\/product\/dunlop-atp-championship-x24\/","og_locale":"es_ES","og_type":"article","og_title":"Dunlop ATP Championship X24 - Deportenis","og_description":"Las Pelotas de Tenis Dunlop ATP Championship \u2013 Caja de 24 tubos (72 pelotas) son una opci\u00f3n destacada para jugadores de clubes y aficionados que buscan calidad y durabilidad en sus entrenamientos y partidos.","og_url":"https:\/\/deportenis.com.co\/webn\/product\/dunlop-atp-championship-x24\/","og_site_name":"Deportenis","article_publisher":"https:\/\/es-la.facebook.com\/Deportenis-100144375089820\/videos\/servicio-de-encordado-y-mantenimiento-de-tus-raquetaspregunta-por-los-colores-y-\/286780695898417\/","og_image":[{"width":1000,"height":1000,"url":"https:\/\/deportenis.com.co\/webn\/wp-content\/uploads\/2025\/05\/ATP-X24.jpg","type":"image\/jpeg"}],"twitter_card":"summary_large_image","twitter_misc":{"Tiempo de lectura":"1 minuto"},"schema":{"@context":"https:\/\/schema.org","@graph":[{"@type":"WebPage","@id":"https:\/\/deportenis.com.co\/webn\/product\/dunlop-atp-championship-x24\/","url":"https:\/\/deportenis.com.co\/webn\/product\/dunlop-atp-championship-x24\/","name":"Dunlop ATP Championship X24 - Deportenis","isPartOf":{"@id":"https:\/\/deportenis.com.co\/webn\/#website"},"primaryImageOfPage":{"@id":"https:\/\/deportenis.com.co\/webn\/product\/dunlop-atp-championship-x24\/#primaryimage"},"image":{"@id":"https:\/\/deportenis.com.co\/webn\/product\/dunlop-atp-championship-x24\/#primaryimage"},"thumbnailUrl":"https:\/\/deportenis.com.co\/webn\/wp-content\/uploads\/2025\/05\/ATP-X24.jpg","datePublished":"2025-05-29T20:41:57+00:00","description":"Las Pelotas de Tenis Dunlop ATP Championship \u2013 Caja de 24 tubos (72 pelotas) son una opci\u00f3n destacada para jugadores de clubes y aficionados que buscan calidad y durabilidad en sus entrenamientos y partidos.","breadcrumb":{"@id":"https:\/\/deportenis.com.co\/webn\/product\/dunlop-atp-championship-x24\/#breadcrumb"},"inLanguage":"es","potentialAction":[{"@type":"ReadAction","target":["https:\/\/deportenis.com.co\/webn\/product\/dunlop-atp-championship-x24\/"]}]},{"@type":"ImageObject","inLanguage":"es","@id":"https:\/\/deportenis.com.co\/webn\/product\/dunlop-atp-championship-x24\/#primaryimage","url":"https:\/\/deportenis.com.co\/webn\/wp-content\/uploads\/2025\/05\/ATP-X24.jpg","contentUrl":"https:\/\/deportenis.com.co\/webn\/wp-content\/uploads\/2025\/05\/ATP-X24.jpg","width":1000,"height":1000},{"@type":"BreadcrumbList","@id":"https:\/\/deportenis.com.co\/webn\/product\/dunlop-atp-championship-x24\/#breadcrumb","itemListElement":[{"@type":"ListItem","position":1,"name":"Portada","item":"https:\/\/deportenis.com.co\/webn\/"},{"@type":"ListItem","position":2,"name":"Tienda","item":"https:\/\/deportenis.com.co\/webn\/tienda\/"},{"@type":"ListItem","position":3,"name":"Dunlop ATP Championship X24"}]},{"@type":"WebSite","@id":"https:\/\/deportenis.com.co\/webn\/#website","url":"https:\/\/deportenis.com.co\/webn\/","name":"www.deportenis.com.co","description":"Tienda Deportiva","publisher":{"@id":"https:\/\/deportenis.com.co\/webn\/#organization"},"potentialAction":[{"@type":"SearchAction","target":{"@type":"EntryPoint","urlTemplate":"https:\/\/deportenis.com.co\/webn\/?s={search_term_string}"},"query-input":{"@type":"PropertyValueSpecification","valueRequired":true,"valueName":"search_term_string"}}],"inLanguage":"es"},{"@type":"Organization","@id":"https:\/\/deportenis.com.co\/webn\/#organization","name":"Deportenis","url":"https:\/\/deportenis.com.co\/webn\/","logo":{"@type":"ImageObject","inLanguage":"es","@id":"https:\/\/deportenis.com.co\/webn\/#\/schema\/logo\/image\/","url":"https:\/\/deportenis.com.co\/webn\/wp-content\/uploads\/2024\/07\/logo.png","contentUrl":"https:\/\/deportenis.com.co\/webn\/wp-content\/uploads\/2024\/07\/logo.png","width":238,"height":200,"caption":"Deportenis"},"image":{"@id":"https:\/\/deportenis.com.co\/webn\/#\/schema\/logo\/image\/"},"sameAs":["https:\/\/es-la.facebook.com\/Deportenis-100144375089820\/videos\/servicio-de-encordado-y-mantenimiento-de-tus-raquetaspregunta-por-los-colores-y-\/286780695898417\/","https:\/\/www.instagram.com\/invites\/contact\/?igsh=1u3n44d031yux&utm_content=67nx4x8"]}]}},"_links":{"self":[{"href":"https:\/\/deportenis.com.co\/webn\/wp-json\/wp\/v2\/product\/10348","targetHints":{"allow":["GET"]}}],"collection":[{"href":"https:\/\/deportenis.com.co\/webn\/wp-json\/wp\/v2\/product"}],"about":[{"href":"https:\/\/deportenis.com.co\/webn\/wp-json\/wp\/v2\/types\/product"}],"replies":[{"embeddable":true,"href":"https:\/\/deportenis.com.co\/webn\/wp-json\/wp\/v2\/comments?post=10348"}],"version-history":[{"count":0,"href":"https:\/\/deportenis.com.co\/webn\/wp-json\/wp\/v2\/product\/10348\/revisions"}],"wp:featuredmedia":[{"embeddable":true,"href":"https:\/\/deportenis.com.co\/webn\/wp-json\/wp\/v2\/media\/10349"}],"wp:attachment":[{"href":"https:\/\/deportenis.com.co\/webn\/wp-json\/wp\/v2\/media?parent=10348"}],"wp:term":[{"taxonomy":"product_brand","embeddable":true,"href":"https:\/\/deportenis.com.co\/webn\/wp-json\/wp\/v2\/product_brand?post=10348"},{"taxonomy":"product_cat","embeddable":true,"href":"https:\/\/deportenis.com.co\/webn\/wp-json\/wp\/v2\/product_cat?post=10348"},{"taxonomy":"product_tag","embeddable":true,"href":"https:\/\/deportenis.com.co\/webn\/wp-json\/wp\/v2\/product_tag?post=10348"}],"curies":[{"name":"wp","href":"https:\/\/api.w.org\/{rel}","templated":true}]}}